{"id":1949,"date":"2025-09-10T12:32:40","date_gmt":"2025-09-10T10:32:40","guid":{"rendered":"https:\/\/www.actilev.fr\/corporate\/?page_id=1949"},"modified":"2025-09-12T15:15:17","modified_gmt":"2025-09-12T13:15:17","slug":"nos-experts-metiers","status":"publish","type":"page","link":"https:\/\/www.actilev.fr\/corporate\/nos-experts-metiers\/","title":{"rendered":"Nos experts m\u00e9tiers"},"content":{"rendered":"\t\t<div data-elementor-type=\"wp-page\" data-elementor-id=\"1949\" class=\"elementor elementor-1949\" data-elementor-post-type=\"page\">\n\t\t\t\t<div class=\"elementor-element elementor-element-0a64511 e-flex e-con-boxed e-con e-parent\" data-id=\"0a64511\" data-element_type=\"container\">\n\t\t\t\t\t<div class=\"e-con-inner\">\n\t\t\t\t<div class=\"elementor-element elementor-element-c73e884 elementor-widget elementor-widget-heading\" data-id=\"c73e884\" data-element_type=\"widget\" data-widget_type=\"heading.default\">\n\t\t\t\t\t<h2 class=\"elementor-heading-title elementor-size-default\">Nos experts m\u00e9tiers<\/h2>\t\t\t\t<\/div>\n\t\t\t\t\t<\/div>\n\t\t\t\t<\/div>\n\t\t<div class=\"elementor-element elementor-element-20a4d43 e-flex e-con-boxed e-con e-parent\" data-id=\"20a4d43\" data-element_type=\"container\">\n\t\t\t\t\t<div class=\"e-con-inner\">\n\t\t<div class=\"elementor-element elementor-element-354950d e-con-full e-flex e-con e-child\" data-id=\"354950d\" data-element_type=\"container\">\n\t\t\t\t<div class=\"elementor-element elementor-element-0db5f57 elementor-widget elementor-widget-text-editor\" data-id=\"0db5f57\" data-element_type=\"widget\" data-widget_type=\"text-editor.default\">\n\t\t\t\t\t\t\t\t\t<h4><strong>Une expertise au service de vos projets depuis 20 ans<\/strong><\/h4><p>Depuis plus de 20 ans, Actilev accompagne les industries, collectivit\u00e9s et grands comptes dans leurs besoins en \u00e9quipements, am\u00e9nagements et solutions techniques. Notre force repose sur la compl\u00e9mentarit\u00e9 de nos m\u00e9tiers et l\u2019engagement de nos \u00e9quipes. V\u00e9ritables partenaires de confiance, nos experts vous conseillent, con\u00e7oivent et installent des solutions adapt\u00e9es \u00e0 vos enjeux.<\/p><p>Au fil des ann\u00e9es, nous avons d\u00e9velopp\u00e9 une approche globale : de la vente de mat\u00e9riel \u00e0 la fabrication, en passant par le rayonnage et la gestion de chantiers. Cette pluridisciplinarit\u00e9 garantit \u00e0 nos clients un accompagnement de qualit\u00e9, depuis l\u2019\u00e9tude de leurs besoins jusqu\u2019\u00e0 la mise en \u0153uvre sur site.<\/p>\t\t\t\t\t\t\t\t<\/div>\n\t\t\t\t<\/div>\n\t\t<div class=\"elementor-element elementor-element-f89ba5d e-con-full e-flex e-con e-child\" data-id=\"f89ba5d\" data-element_type=\"container\">\n\t\t\t\t<div class=\"elementor-element elementor-element-0b26e8a elementor-widget elementor-widget-counter\" data-id=\"0b26e8a\" data-element_type=\"widget\" data-widget_type=\"counter.default\">\n\t\t\t\t\t\t\t<div class=\"elementor-counter\">\n\t\t\t<div class=\"elementor-counter-title\">ans d'exp\u00e9rience<\/div>\t\t\t<div class=\"elementor-counter-number-wrapper\">\n\t\t\t\t<span class=\"elementor-counter-number-prefix\"><\/span>\n\t\t\t\t<span class=\"elementor-counter-number\" data-duration=\"2000\" data-to-value=\"22\" data-from-value=\"0\" data-delimiter=\",\">0<\/span>\n\t\t\t\t<span class=\"elementor-counter-number-suffix\"><\/span>\n\t\t\t<\/div>\n\t\t<\/div>\n\t\t\t\t\t\t<\/div>\n\t\t\t\t<\/div>\n\t\t\t\t\t<\/div>\n\t\t\t\t<\/div>\n\t\t<div class=\"elementor-element elementor-element-755c488 e-flex e-con-boxed e-con e-parent\" data-id=\"755c488\" data-element_type=\"container\">\n\t\t\t\t\t<div class=\"e-con-inner\">\n\t\t\t\t<div class=\"elementor-element elementor-element-1de21a0 elementor-widget elementor-widget-text-editor\" data-id=\"1de21a0\" data-element_type=\"widget\" data-widget_type=\"text-editor.default\">\n\t\t\t\t\t\t\t\t\t<h4><strong>Vente &amp; conseil : des solutions sur mesure<\/strong><\/h4><p>Chez Actilev, la vente ne se r\u00e9sume pas \u00e0 une transaction. Nos \u00e9quipes commerciales et techniques s\u2019attachent \u00e0 comprendre en profondeur vos probl\u00e9matiques, afin de vous proposer des solutions adapt\u00e9es et durables.<\/p><p>&#8211; \u00c9tude personnalis\u00e9e de vos besoins<\/p><p>&#8211; Accompagnement dans le choix des produits et \u00e9quipements<\/p><p>&#8211; Suivi client et conseil continu<\/p><p>Notre objectif est de cr\u00e9er une v\u00e9ritable relation de confiance, en vous apportant l\u2019assurance de solutions fiables et p\u00e9rennes.<\/p>\t\t\t\t\t\t\t\t<\/div>\n\t\t\t\t\t<\/div>\n\t\t\t\t<\/div>\n\t\t<div class=\"elementor-element elementor-element-7f80d4f e-flex e-con-boxed e-con e-parent\" data-id=\"7f80d4f\" data-element_type=\"container\">\n\t\t\t\t\t<div class=\"e-con-inner\">\n\t\t\t\t<div class=\"elementor-element elementor-element-539e22f elementor-widget elementor-widget-text-editor\" data-id=\"539e22f\" data-element_type=\"widget\" data-widget_type=\"text-editor.default\">\n\t\t\t\t\t\t\t\t\t<h4 data-start=\"262\" data-end=\"326\"><strong>Notre expertise dans les appels d\u2019offres publics<\/strong><\/h4><p data-start=\"328\" data-end=\"557\">Nos \u00e9quipes accompagnent \u00e9galement nos clients dans le cadre des <strong data-start=\"393\" data-end=\"412\">appels d\u2019offres<\/strong>. Gr\u00e2ce \u00e0 notre savoir-faire technique et notre organisation logistique, nous r\u00e9pondons avec succ\u00e8s aux cahiers des charges les plus exigeants.<\/p><p data-start=\"559\" data-end=\"901\">Actilev a d\u00e9j\u00e0 remport\u00e9 plusieurs march\u00e9s aupr\u00e8s de <strong data-start=\"611\" data-end=\"638\">grands donneurs d\u2019ordre<\/strong> tels que l\u2019<strong data-start=\"650\" data-end=\"658\">UGAP<\/strong>, l\u2019<strong data-start=\"662\" data-end=\"671\">Inrap<\/strong>, l\u2019<strong data-start=\"675\" data-end=\"701\">Universit\u00e9 de Bordeaux<\/strong> ou encore la <strong data-start=\"715\" data-end=\"733\">Ville de Reims<\/strong>. Ces r\u00e9f\u00e9rences t\u00e9moignent de notre capacit\u00e9 \u00e0 fournir des solutions fiables, conformes et adapt\u00e9es aux besoins sp\u00e9cifiques du secteur public comme du secteur priv\u00e9.<\/p>\t\t\t\t\t\t\t\t<\/div>\n\t\t\t\t\t<\/div>\n\t\t\t\t<\/div>\n\t\t<div class=\"elementor-element elementor-element-85306f5 e-flex e-con-boxed e-con e-parent\" data-id=\"85306f5\" data-element_type=\"container\">\n\t\t\t\t\t<div class=\"e-con-inner\">\n\t\t<div class=\"elementor-element elementor-element-b963b01 e-con-full e-flex e-con e-child\" data-id=\"b963b01\" data-element_type=\"container\">\n\t\t\t\t<div class=\"elementor-element elementor-element-87c3aed elementor-widget elementor-widget-image\" data-id=\"87c3aed\" data-element_type=\"widget\" data-widget_type=\"image.default\">\n\t\t\t\t\t\t\t\t\t\t\t\t\t\t\t<img fetchpriority=\"high\" decoding=\"async\" width=\"525\" height=\"394\" src=\"https:\/\/www.actilev.fr\/corporate\/wp-content\/uploads\/2025\/09\/facade-HLC-1024x768.jpg\" class=\"attachment-large size-large wp-image-2014\" alt=\"\" srcset=\"https:\/\/www.actilev.fr\/corporate\/wp-content\/uploads\/2025\/09\/facade-HLC-1024x768.jpg 1024w, https:\/\/www.actilev.fr\/corporate\/wp-content\/uploads\/2025\/09\/facade-HLC-300x225.jpg 300w, https:\/\/www.actilev.fr\/corporate\/wp-content\/uploads\/2025\/09\/facade-HLC-768x576.jpg 768w, https:\/\/www.actilev.fr\/corporate\/wp-content\/uploads\/2025\/09\/facade-HLC-1536x1152.jpg 1536w, https:\/\/www.actilev.fr\/corporate\/wp-content\/uploads\/2025\/09\/facade-HLC-2048x1536.jpg 2048w, https:\/\/www.actilev.fr\/corporate\/wp-content\/uploads\/2025\/09\/facade-HLC-760x570.jpg 760w, https:\/\/www.actilev.fr\/corporate\/wp-content\/uploads\/2025\/09\/facade-HLC-370x278.jpg 370w\" sizes=\"(max-width: 767px) 100vw, 525px\" \/>\t\t\t\t\t\t\t\t\t\t\t\t\t\t\t<\/div>\n\t\t\t\t<div class=\"elementor-element elementor-element-9f5c525 elementor-widget elementor-widget-image\" data-id=\"9f5c525\" data-element_type=\"widget\" data-widget_type=\"image.default\">\n\t\t\t\t\t\t\t\t\t\t\t\t\t\t\t<img decoding=\"async\" width=\"525\" height=\"394\" src=\"https:\/\/www.actilev.fr\/corporate\/wp-content\/uploads\/2025\/09\/batiment-ars-1024x768.jpg\" class=\"attachment-large size-large wp-image-1968\" alt=\"\" srcset=\"https:\/\/www.actilev.fr\/corporate\/wp-content\/uploads\/2025\/09\/batiment-ars-1024x768.jpg 1024w, https:\/\/www.actilev.fr\/corporate\/wp-content\/uploads\/2025\/09\/batiment-ars-300x225.jpg 300w, https:\/\/www.actilev.fr\/corporate\/wp-content\/uploads\/2025\/09\/batiment-ars-768x576.jpg 768w, https:\/\/www.actilev.fr\/corporate\/wp-content\/uploads\/2025\/09\/batiment-ars-1536x1152.jpg 1536w, https:\/\/www.actilev.fr\/corporate\/wp-content\/uploads\/2025\/09\/batiment-ars-2048x1536.jpg 2048w, https:\/\/www.actilev.fr\/corporate\/wp-content\/uploads\/2025\/09\/batiment-ars-760x570.jpg 760w, https:\/\/www.actilev.fr\/corporate\/wp-content\/uploads\/2025\/09\/batiment-ars-370x278.jpg 370w\" sizes=\"(max-width: 767px) 100vw, 525px\" \/>\t\t\t\t\t\t\t\t\t\t\t\t\t\t\t<\/div>\n\t\t\t\t<\/div>\n\t\t<div class=\"elementor-element elementor-element-1e1a224 e-con-full e-flex e-con e-child\" data-id=\"1e1a224\" data-element_type=\"container\">\n\t\t\t\t<div class=\"elementor-element elementor-element-cbabed8 elementor-widget elementor-widget-text-editor\" data-id=\"cbabed8\" data-element_type=\"widget\" data-widget_type=\"text-editor.default\">\n\t\t\t\t\t\t\t\t\t<h5><strong>Fabrication &amp; conception : la robustesse au c\u0153ur de nos produits<\/strong><\/h5><p>Chez Actilev, la fabrication est au service de l\u2019innovation et de la qualit\u00e9. Si nous distribuons un large choix de solutions pour nos clients, nous concevons et produisons \u00e9galement <strong>nos propres gammes exclusives<\/strong> :<\/p><p><strong>&#8211; Paraspark<\/strong> : \u00e9quipements de protection et mobilier ext\u00e9rieur,<\/p><p><strong>&#8211; Basculeurs de GRV\/IBC<\/strong> pour la manutention s\u00e9curis\u00e9e,<\/p><p><strong>&#8211; Dalles alv\u00e9olaires<\/strong> pour l\u2019am\u00e9nagement et la stabilisation de sols,<\/p><p><strong>&#8211; Casier \u00e0 reconnaissance faciale<\/strong>, une solution innovante de gestion des acc\u00e8s.<\/p><p>Ces produits \u00e0 forte valeur ajout\u00e9e sont d\u00e9velopp\u00e9s pour r\u00e9pondre aux besoins sp\u00e9cifiques de nos clients et garantir durabilit\u00e9, robustesse et performance.<\/p><h5>Pour assurer cette exigence, Actilev s\u2019appuie sur :<\/h5><p><strong>&#8211; Une usine de fabrication<\/strong> d\u00e9di\u00e9e, o\u00f9 sont con\u00e7us et produits nos articles en respectant des standards \u00e9lev\u00e9s de qualit\u00e9 et de s\u00e9curit\u00e9,<\/p><p><strong>&#8211; Un entrep\u00f4t de stockage<\/strong>, qui permet une gestion optimis\u00e9e des approvisionnements et une r\u00e9activit\u00e9 maximale dans le traitement des commandes.<\/p><p>Cette ma\u00eetrise compl\u00e8te, de la conception \u00e0 la livraison, refl\u00e8te notre volont\u00e9 d\u2019apporter des solutions fiables, durables et pens\u00e9es pour les environnements les plus exigeants.<\/p>\t\t\t\t\t\t\t\t<\/div>\n\t\t\t\t<\/div>\n\t\t\t\t\t<\/div>\n\t\t\t\t<\/div>\n\t\t<div class=\"elementor-element elementor-element-346b9ca e-flex e-con-boxed e-con e-parent\" data-id=\"346b9ca\" data-element_type=\"container\">\n\t\t\t\t\t<div class=\"e-con-inner\">\n\t\t<div class=\"elementor-element elementor-element-0a0104b e-con-full e-flex e-con e-child\" data-id=\"0a0104b\" data-element_type=\"container\">\n\t\t\t\t<div class=\"elementor-element elementor-element-e127e9e elementor-widget elementor-widget-text-editor\" data-id=\"e127e9e\" data-element_type=\"widget\" data-widget_type=\"text-editor.default\">\n\t\t\t\t\t\t\t\t\t<h4><strong>Rayonnage &amp; stockage : optimiser vos espaces<\/strong><\/h4><p>Avec plus de 20 ans d\u2019exp\u00e9rience dans l\u2019am\u00e9nagement de zones de stockage, nos experts en rayonnage accompagnent nos clients dans l\u2019optimisation de leurs entrep\u00f4ts et r\u00e9serves. Nous proposons des solutions flexibles et modulables :<\/p><p>&#8211; Rayonnages l\u00e9gers et lourds<\/p><p>&#8211; Solutions de stockage sur mesure<\/p><p>&#8211; Respect des normes de s\u00e9curit\u00e9 et des r\u00e9glementations<\/p><p>Notre mission : s\u00e9curiser vos espaces tout en maximisant leur efficacit\u00e9 et leur ergonomie.<\/p>\t\t\t\t\t\t\t\t<\/div>\n\t\t\t\t<div class=\"elementor-element elementor-element-4bef45f elementor-widget elementor-widget-image\" data-id=\"4bef45f\" data-element_type=\"widget\" data-widget_type=\"image.default\">\n\t\t\t\t\t\t\t\t\t\t\t\t\t\t\t<img decoding=\"async\" width=\"525\" height=\"413\" src=\"https:\/\/www.actilev.fr\/corporate\/wp-content\/uploads\/2025\/09\/Rack_6-1024x806.jpg\" class=\"attachment-large size-large wp-image-1971\" alt=\"\" srcset=\"https:\/\/www.actilev.fr\/corporate\/wp-content\/uploads\/2025\/09\/Rack_6-1024x806.jpg 1024w, https:\/\/www.actilev.fr\/corporate\/wp-content\/uploads\/2025\/09\/Rack_6-300x236.jpg 300w, https:\/\/www.actilev.fr\/corporate\/wp-content\/uploads\/2025\/09\/Rack_6-768x604.jpg 768w, https:\/\/www.actilev.fr\/corporate\/wp-content\/uploads\/2025\/09\/Rack_6-1536x1209.jpg 1536w, https:\/\/www.actilev.fr\/corporate\/wp-content\/uploads\/2025\/09\/Rack_6-2048x1612.jpg 2048w, https:\/\/www.actilev.fr\/corporate\/wp-content\/uploads\/2025\/09\/Rack_6-760x598.jpg 760w, https:\/\/www.actilev.fr\/corporate\/wp-content\/uploads\/2025\/09\/Rack_6-370x291.jpg 370w\" sizes=\"(max-width: 767px) 100vw, 525px\" \/>\t\t\t\t\t\t\t\t\t\t\t\t\t\t\t<\/div>\n\t\t\t\t<\/div>\n\t\t<div class=\"elementor-element elementor-element-b009071 e-con-full e-flex e-con e-child\" data-id=\"b009071\" data-element_type=\"container\">\n\t\t\t\t<div class=\"elementor-element elementor-element-adb78da elementor-widget elementor-widget-text-editor\" data-id=\"adb78da\" data-element_type=\"widget\" data-widget_type=\"text-editor.default\">\n\t\t\t\t\t\t\t\t\t<h4><strong>Chantiers &amp; installations : un accompagnement terrain<\/strong><\/h4><p>Au-del\u00e0 de la conception et de la fourniture de mat\u00e9riel, Actilev s\u2019engage sur le terrain. Nos \u00e9quipes assurent la gestion et le suivi de vos chantiers :<\/p><p>&#8211; Installation compl\u00e8te de vos \u00e9quipements<\/p><p>&#8211; Respect des d\u00e9lais et contraintes sp\u00e9cifiques<\/p><p>&#8211; S\u00e9curit\u00e9 et conformit\u00e9 r\u00e9glementaire<\/p><p>Habitu\u00e9s aux environnements exigeants, nos sp\u00e9cialistes garantissent des interventions rapides, efficaces et en toute s\u00e9curit\u00e9.<\/p>\t\t\t\t\t\t\t\t<\/div>\n\t\t\t\t<div class=\"elementor-element elementor-element-57dbaca elementor-widget elementor-widget-image\" data-id=\"57dbaca\" data-element_type=\"widget\" data-widget_type=\"image.default\">\n\t\t\t\t\t\t\t\t\t\t\t\t\t\t\t<img loading=\"lazy\" decoding=\"async\" width=\"525\" height=\"410\" src=\"https:\/\/www.actilev.fr\/corporate\/wp-content\/uploads\/2025\/09\/Rack_31-1024x799.jpg\" class=\"attachment-large size-large wp-image-1970\" alt=\"\" srcset=\"https:\/\/www.actilev.fr\/corporate\/wp-content\/uploads\/2025\/09\/Rack_31-1024x799.jpg 1024w, https:\/\/www.actilev.fr\/corporate\/wp-content\/uploads\/2025\/09\/Rack_31-300x234.jpg 300w, https:\/\/www.actilev.fr\/corporate\/wp-content\/uploads\/2025\/09\/Rack_31-768x599.jpg 768w, https:\/\/www.actilev.fr\/corporate\/wp-content\/uploads\/2025\/09\/Rack_31-1536x1198.jpg 1536w, https:\/\/www.actilev.fr\/corporate\/wp-content\/uploads\/2025\/09\/Rack_31-760x593.jpg 760w, https:\/\/www.actilev.fr\/corporate\/wp-content\/uploads\/2025\/09\/Rack_31-370x289.jpg 370w, https:\/\/www.actilev.fr\/corporate\/wp-content\/uploads\/2025\/09\/Rack_31.jpg 2033w\" sizes=\"(max-width: 767px) 100vw, 525px\" \/>\t\t\t\t\t\t\t\t\t\t\t\t\t\t\t<\/div>\n\t\t\t\t<\/div>\n\t\t\t\t\t<\/div>\n\t\t\t\t<\/div>\n\t\t<div class=\"elementor-element elementor-element-e594181 e-flex e-con-boxed e-con e-parent\" data-id=\"e594181\" data-element_type=\"container\">\n\t\t\t\t\t<div class=\"e-con-inner\">\n\t\t\t\t<div class=\"elementor-element elementor-element-fb24630 elementor-widget elementor-widget-text-editor\" data-id=\"fb24630\" data-element_type=\"widget\" data-widget_type=\"text-editor.default\">\n\t\t\t\t\t\t\t\t\t<h4><strong>Une \u00e9quipe engag\u00e9e et compl\u00e9mentaire<\/strong><\/h4><p>La diversit\u00e9 de nos m\u00e9tiers et la synergie entre nos \u00e9quipes sont au c\u0153ur de notre r\u00e9ussite. Chaque expert contribue \u00e0 construire des solutions globales et adapt\u00e9es, dans une d\u00e9marche d\u2019innovation et de performance durable.<\/p><p>Depuis 20 ans, Actilev s\u2019impose comme un partenaire de confiance aupr\u00e8s des industries, collectivit\u00e9s et grands comptes, en alliant proximit\u00e9, expertise et exigence.<\/p>\t\t\t\t\t\t\t\t<\/div>\n\t\t\t\t\t<\/div>\n\t\t\t\t<\/div>\n\t\t\t\t<\/div>\n\t\t","protected":false},"excerpt":{"rendered":"<p>Nos experts m\u00e9tiers Une expertise au service de vos projets depuis 20 ans Depuis plus de 20 ans, Actilev accompagne les industries, collectivit\u00e9s et grands comptes dans leurs besoins en \u00e9quipements, am\u00e9nagements et solutions techniques. Notre force repose sur la compl\u00e9mentarit\u00e9 de nos m\u00e9tiers et l\u2019engagement de nos \u00e9quipes. V\u00e9ritables partenaires de confiance, nos experts [&hellip;]<\/p>\n","protected":false},"author":2,"featured_media":0,"parent":0,"menu_order":0,"comment_status":"closed","ping_status":"closed","template":"","meta":{"footnotes":""},"class_list":["post-1949","page","type-page","status-publish","hentry"],"yoast_head":"<!-- This site is optimized with the Yoast SEO plugin v26.5 - https:\/\/yoast.com\/wordpress\/plugins\/seo\/ -->\n<title>Nos experts m\u00e9tiers - Actilev Corporate<\/title>\n<meta name=\"robots\" content=\"index, follow, max-snippet:-1, max-image-preview:large, max-video-preview:-1\" \/>\n<link rel=\"canonical\" href=\"https:\/\/www.actilev.fr\/corporate\/nos-experts-metiers\/\" \/>\n<meta property=\"og:locale\" content=\"fr_FR\" \/>\n<meta property=\"og:type\" content=\"article\" \/>\n<meta property=\"og:title\" content=\"Nos experts m\u00e9tiers - Actilev Corporate\" \/>\n<meta property=\"og:description\" content=\"Nos experts m\u00e9tiers Une expertise au service de vos projets depuis 20 ans Depuis plus de 20 ans, Actilev accompagne les industries, collectivit\u00e9s et grands comptes dans leurs besoins en \u00e9quipements, am\u00e9nagements et solutions techniques. Notre force repose sur la compl\u00e9mentarit\u00e9 de nos m\u00e9tiers et l\u2019engagement de nos \u00e9quipes. V\u00e9ritables partenaires de confiance, nos experts [&hellip;]\" \/>\n<meta property=\"og:url\" content=\"https:\/\/www.actilev.fr\/corporate\/nos-experts-metiers\/\" \/>\n<meta property=\"og:site_name\" content=\"Actilev Corporate\" \/>\n<meta property=\"article:modified_time\" content=\"2025-09-12T13:15:17+00:00\" \/>\n<meta property=\"og:image\" content=\"https:\/\/www.actilev.fr\/corporate\/wp-content\/uploads\/2025\/09\/facade-HLC-scaled.jpg\" \/>\n\t<meta property=\"og:image:width\" content=\"2560\" \/>\n\t<meta property=\"og:image:height\" content=\"1920\" \/>\n\t<meta property=\"og:image:type\" content=\"image\/jpeg\" \/>\n<meta name=\"twitter:card\" content=\"summary_large_image\" \/>\n<meta name=\"twitter:label1\" content=\"Dur\u00e9e de lecture estim\u00e9e\" \/>\n\t<meta name=\"twitter:data1\" content=\"4 minutes\" \/>\n<script type=\"application\/ld+json\" class=\"yoast-schema-graph\">{\"@context\":\"https:\/\/schema.org\",\"@graph\":[{\"@type\":\"WebPage\",\"@id\":\"https:\/\/www.actilev.fr\/corporate\/nos-experts-metiers\/\",\"url\":\"https:\/\/www.actilev.fr\/corporate\/nos-experts-metiers\/\",\"name\":\"Nos experts m\u00e9tiers - Actilev Corporate\",\"isPartOf\":{\"@id\":\"https:\/\/www.actilev.fr\/corporate\/#website\"},\"primaryImageOfPage\":{\"@id\":\"https:\/\/www.actilev.fr\/corporate\/nos-experts-metiers\/#primaryimage\"},\"image\":{\"@id\":\"https:\/\/www.actilev.fr\/corporate\/nos-experts-metiers\/#primaryimage\"},\"thumbnailUrl\":\"https:\/\/www.actilev.fr\/corporate\/wp-content\/uploads\/2025\/09\/facade-HLC-1024x768.jpg\",\"datePublished\":\"2025-09-10T10:32:40+00:00\",\"dateModified\":\"2025-09-12T13:15:17+00:00\",\"breadcrumb\":{\"@id\":\"https:\/\/www.actilev.fr\/corporate\/nos-experts-metiers\/#breadcrumb\"},\"inLanguage\":\"fr-FR\",\"potentialAction\":[{\"@type\":\"ReadAction\",\"target\":[\"https:\/\/www.actilev.fr\/corporate\/nos-experts-metiers\/\"]}]},{\"@type\":\"ImageObject\",\"inLanguage\":\"fr-FR\",\"@id\":\"https:\/\/www.actilev.fr\/corporate\/nos-experts-metiers\/#primaryimage\",\"url\":\"https:\/\/www.actilev.fr\/corporate\/wp-content\/uploads\/2025\/09\/facade-HLC-scaled.jpg\",\"contentUrl\":\"https:\/\/www.actilev.fr\/corporate\/wp-content\/uploads\/2025\/09\/facade-HLC-scaled.jpg\",\"width\":2560,\"height\":1920},{\"@type\":\"BreadcrumbList\",\"@id\":\"https:\/\/www.actilev.fr\/corporate\/nos-experts-metiers\/#breadcrumb\",\"itemListElement\":[{\"@type\":\"ListItem\",\"position\":1,\"name\":\"Accueil\",\"item\":\"https:\/\/www.actilev.fr\/corporate\/\"},{\"@type\":\"ListItem\",\"position\":2,\"name\":\"Nos experts m\u00e9tiers\"}]},{\"@type\":\"WebSite\",\"@id\":\"https:\/\/www.actilev.fr\/corporate\/#website\",\"url\":\"https:\/\/www.actilev.fr\/corporate\/\",\"name\":\"Actilev Corporate\",\"description\":\"\",\"publisher\":{\"@id\":\"https:\/\/www.actilev.fr\/corporate\/#organization\"},\"potentialAction\":[{\"@type\":\"SearchAction\",\"target\":{\"@type\":\"EntryPoint\",\"urlTemplate\":\"https:\/\/www.actilev.fr\/corporate\/?s={search_term_string}\"},\"query-input\":{\"@type\":\"PropertyValueSpecification\",\"valueRequired\":true,\"valueName\":\"search_term_string\"}}],\"inLanguage\":\"fr-FR\"},{\"@type\":\"Organization\",\"@id\":\"https:\/\/www.actilev.fr\/corporate\/#organization\",\"name\":\"Actilev Corporate\",\"url\":\"https:\/\/www.actilev.fr\/corporate\/\",\"logo\":{\"@type\":\"ImageObject\",\"inLanguage\":\"fr-FR\",\"@id\":\"https:\/\/www.actilev.fr\/corporate\/#\/schema\/logo\/image\/\",\"url\":\"https:\/\/www.actilev.fr\/corporate\/wp-content\/uploads\/2025\/07\/logo-1698857763.jpg\",\"contentUrl\":\"https:\/\/www.actilev.fr\/corporate\/wp-content\/uploads\/2025\/07\/logo-1698857763.jpg\",\"width\":419,\"height\":120,\"caption\":\"Actilev Corporate\"},\"image\":{\"@id\":\"https:\/\/www.actilev.fr\/corporate\/#\/schema\/logo\/image\/\"}}]}<\/script>\n<!-- \/ Yoast SEO plugin. -->","yoast_head_json":{"title":"Nos experts m\u00e9tiers - Actilev Corporate","robots":{"index":"index","follow":"follow","max-snippet":"max-snippet:-1","max-image-preview":"max-image-preview:large","max-video-preview":"max-video-preview:-1"},"canonical":"https:\/\/www.actilev.fr\/corporate\/nos-experts-metiers\/","og_locale":"fr_FR","og_type":"article","og_title":"Nos experts m\u00e9tiers - Actilev Corporate","og_description":"Nos experts m\u00e9tiers Une expertise au service de vos projets depuis 20 ans Depuis plus de 20 ans, Actilev accompagne les industries, collectivit\u00e9s et grands comptes dans leurs besoins en \u00e9quipements, am\u00e9nagements et solutions techniques. Notre force repose sur la compl\u00e9mentarit\u00e9 de nos m\u00e9tiers et l\u2019engagement de nos \u00e9quipes. V\u00e9ritables partenaires de confiance, nos experts [&hellip;]","og_url":"https:\/\/www.actilev.fr\/corporate\/nos-experts-metiers\/","og_site_name":"Actilev Corporate","article_modified_time":"2025-09-12T13:15:17+00:00","og_image":[{"width":2560,"height":1920,"url":"https:\/\/www.actilev.fr\/corporate\/wp-content\/uploads\/2025\/09\/facade-HLC-scaled.jpg","type":"image\/jpeg"}],"twitter_card":"summary_large_image","twitter_misc":{"Dur\u00e9e de lecture estim\u00e9e":"4 minutes"},"schema":{"@context":"https:\/\/schema.org","@graph":[{"@type":"WebPage","@id":"https:\/\/www.actilev.fr\/corporate\/nos-experts-metiers\/","url":"https:\/\/www.actilev.fr\/corporate\/nos-experts-metiers\/","name":"Nos experts m\u00e9tiers - Actilev Corporate","isPartOf":{"@id":"https:\/\/www.actilev.fr\/corporate\/#website"},"primaryImageOfPage":{"@id":"https:\/\/www.actilev.fr\/corporate\/nos-experts-metiers\/#primaryimage"},"image":{"@id":"https:\/\/www.actilev.fr\/corporate\/nos-experts-metiers\/#primaryimage"},"thumbnailUrl":"https:\/\/www.actilev.fr\/corporate\/wp-content\/uploads\/2025\/09\/facade-HLC-1024x768.jpg","datePublished":"2025-09-10T10:32:40+00:00","dateModified":"2025-09-12T13:15:17+00:00","breadcrumb":{"@id":"https:\/\/www.actilev.fr\/corporate\/nos-experts-metiers\/#breadcrumb"},"inLanguage":"fr-FR","potentialAction":[{"@type":"ReadAction","target":["https:\/\/www.actilev.fr\/corporate\/nos-experts-metiers\/"]}]},{"@type":"ImageObject","inLanguage":"fr-FR","@id":"https:\/\/www.actilev.fr\/corporate\/nos-experts-metiers\/#primaryimage","url":"https:\/\/www.actilev.fr\/corporate\/wp-content\/uploads\/2025\/09\/facade-HLC-scaled.jpg","contentUrl":"https:\/\/www.actilev.fr\/corporate\/wp-content\/uploads\/2025\/09\/facade-HLC-scaled.jpg","width":2560,"height":1920},{"@type":"BreadcrumbList","@id":"https:\/\/www.actilev.fr\/corporate\/nos-experts-metiers\/#breadcrumb","itemListElement":[{"@type":"ListItem","position":1,"name":"Accueil","item":"https:\/\/www.actilev.fr\/corporate\/"},{"@type":"ListItem","position":2,"name":"Nos experts m\u00e9tiers"}]},{"@type":"WebSite","@id":"https:\/\/www.actilev.fr\/corporate\/#website","url":"https:\/\/www.actilev.fr\/corporate\/","name":"Actilev Corporate","description":"","publisher":{"@id":"https:\/\/www.actilev.fr\/corporate\/#organization"},"potentialAction":[{"@type":"SearchAction","target":{"@type":"EntryPoint","urlTemplate":"https:\/\/www.actilev.fr\/corporate\/?s={search_term_string}"},"query-input":{"@type":"PropertyValueSpecification","valueRequired":true,"valueName":"search_term_string"}}],"inLanguage":"fr-FR"},{"@type":"Organization","@id":"https:\/\/www.actilev.fr\/corporate\/#organization","name":"Actilev Corporate","url":"https:\/\/www.actilev.fr\/corporate\/","logo":{"@type":"ImageObject","inLanguage":"fr-FR","@id":"https:\/\/www.actilev.fr\/corporate\/#\/schema\/logo\/image\/","url":"https:\/\/www.actilev.fr\/corporate\/wp-content\/uploads\/2025\/07\/logo-1698857763.jpg","contentUrl":"https:\/\/www.actilev.fr\/corporate\/wp-content\/uploads\/2025\/07\/logo-1698857763.jpg","width":419,"height":120,"caption":"Actilev Corporate"},"image":{"@id":"https:\/\/www.actilev.fr\/corporate\/#\/schema\/logo\/image\/"}}]}},"_links":{"self":[{"href":"https:\/\/www.actilev.fr\/corporate\/wp-json\/wp\/v2\/pages\/1949","targetHints":{"allow":["GET"]}}],"collection":[{"href":"https:\/\/www.actilev.fr\/corporate\/wp-json\/wp\/v2\/pages"}],"about":[{"href":"https:\/\/www.actilev.fr\/corporate\/wp-json\/wp\/v2\/types\/page"}],"author":[{"embeddable":true,"href":"https:\/\/www.actilev.fr\/corporate\/wp-json\/wp\/v2\/users\/2"}],"replies":[{"embeddable":true,"href":"https:\/\/www.actilev.fr\/corporate\/wp-json\/wp\/v2\/comments?post=1949"}],"version-history":[{"count":10,"href":"https:\/\/www.actilev.fr\/corporate\/wp-json\/wp\/v2\/pages\/1949\/revisions"}],"predecessor-version":[{"id":2020,"href":"https:\/\/www.actilev.fr\/corporate\/wp-json\/wp\/v2\/pages\/1949\/revisions\/2020"}],"wp:attachment":[{"href":"https:\/\/www.actilev.fr\/corporate\/wp-json\/wp\/v2\/media?parent=1949"}],"curies":[{"name":"wp","href":"https:\/\/api.w.org\/{rel}","templated":true}]}}