{"id":1867,"date":"2025-08-28T16:34:24","date_gmt":"2025-08-28T14:34:24","guid":{"rendered":"https:\/\/www.actilev.fr\/corporate\/?page_id=1867"},"modified":"2025-10-23T15:36:05","modified_gmt":"2025-10-23T13:36:05","slug":"notre-missions-engagements","status":"publish","type":"page","link":"https:\/\/www.actilev.fr\/corporate\/notre-missions-engagements\/","title":{"rendered":"Notre missions &#038; engagements"},"content":{"rendered":"\t\t<div data-elementor-type=\"wp-page\" data-elementor-id=\"1867\" class=\"elementor elementor-1867\" data-elementor-post-type=\"page\">\n\t\t\t\t<div class=\"elementor-element elementor-element-4f54da9 e-flex e-con-boxed e-con e-parent\" data-id=\"4f54da9\" data-element_type=\"container\">\n\t\t\t\t\t<div class=\"e-con-inner\">\n\t\t\t\t<div class=\"elementor-element elementor-element-9c41316 elementor-widget elementor-widget-text-editor\" data-id=\"9c41316\" data-element_type=\"widget\" data-widget_type=\"text-editor.default\">\n\t\t\t\t\t\t\t\t\t<h2 style=\"text-align: center;\">Actilev \u2013 la ma\u00eetrise industrielle au service de la s\u00fbret\u00e9 nucl\u00e9aire.<\/h2><h3 data-start=\"328\" data-end=\"345\">Notre mission<\/h3><p data-start=\"346\" data-end=\"792\">Chez <strong data-start=\"351\" data-end=\"362\">Actilev<\/strong>, nous accompagnons les acteurs du secteur nucl\u00e9aire en leur proposant des solutions fiables et durables en mati\u00e8re de <strong data-start=\"481\" data-end=\"604\">rayonnage industriel, cantilevers, bacs Schoeller Allibert, basculeurs de GRV et \u00e9quipements de stockage et manutention<\/strong>.<br data-start=\"605\" data-end=\"608\" \/>Notre mission est simple : garantir \u00e0 nos clients une <strong data-start=\"662\" data-end=\"683\">s\u00e9curit\u00e9 optimale<\/strong>, une <strong data-start=\"689\" data-end=\"715\">logistique performante<\/strong> et des <strong data-start=\"723\" data-end=\"774\">\u00e9quipements conformes aux plus hautes exigences<\/strong> de leur m\u00e9tier.<\/p><h6><strong>Actilev simplifie, s\u00e9curise et fiabilise les achats industriels du secteur nucl\u00e9aire.<\/strong><\/h6><p>En tant que partenaire qualifi\u00e9, nous concevons et fournissons des solutions conformes aux exigences de s\u00fbret\u00e9, livr\u00e9es cl\u00e9s en main, pour vous permettre de vous concentrer sur votre c\u0153ur de mission.<\/p><p>Nous vous accompagnons sur les diff\u00e9rents piliers :<\/p><p><strong>S\u00fbret\u00e9 et conformit\u00e9<\/strong> =&gt; Des solutions con\u00e7us et mises en \u0153uvre selon les r\u00e9f\u00e9rentiels EDF et des grands donneurs d&rsquo;ordre du secteur.<\/p><p><strong>Performance et tra\u00e7abilit\u00e9<\/strong> =&gt; Un suivi complet des fabrications pour une tra\u00e7abilit\u00e9 assur\u00e9e.<\/p><p><strong>R\u00e9activit\u00e9 et partenariat<\/strong> =&gt; Interlocuteur unique, r\u00e9activit\u00e9 chantier, logistique int\u00e9gr\u00e9e.<\/p><h6><strong>De la demande \u00e0 la livraison, nous transformons vos besoins en solutions s\u00fbres et performantes.<\/strong><\/h6><p>Actilev est votre partenaire de confiance pour le sourcing, la conception et la fourniture d\u2019\u00e9quipements qualifi\u00e9s, adapt\u00e9s aux exigences des sites nucl\u00e9aires et de la fili\u00e8re \u00e9nergie.<\/p><hr data-start=\"794\" data-end=\"797\" \/><h3 data-start=\"799\" data-end=\"833\">Nos implantations strat\u00e9giques<\/h3><ul data-start=\"834\" data-end=\"1148\"><li data-start=\"834\" data-end=\"926\"><p data-start=\"836\" data-end=\"926\"><strong data-start=\"836\" data-end=\"870\">Usine de fabrication \u2013 Le Mans<\/strong> : production sur mesure et contr\u00f4le qualit\u00e9 renforc\u00e9.<\/p><\/li><li data-start=\"927\" data-end=\"1020\"><p data-start=\"929\" data-end=\"1020\"><strong data-start=\"929\" data-end=\"959\">Entrep\u00f4t de 1 200 m\u00b2 \u2013 Ars<\/strong> : stockage optimis\u00e9 pour assurer une r\u00e9activit\u00e9 imm\u00e9diate.<\/p><\/li><li data-start=\"1021\" data-end=\"1148\"><p data-start=\"1023\" data-end=\"1148\"><strong data-start=\"1023\" data-end=\"1052\">D\u00e9p\u00f4t de 800 m\u00b2 \u2013 Gaillon<\/strong> : d\u00e9di\u00e9 aux bacs <strong data-start=\"1070\" data-end=\"1092\">Schoeller Allibert<\/strong>, pour r\u00e9pondre rapidement aux besoins de nos clients.<\/p><\/li><\/ul><p data-start=\"1150\" data-end=\"1271\">Ces implantations nous permettent de combiner <strong data-start=\"1196\" data-end=\"1221\">capacit\u00e9 industrielle<\/strong> et <strong data-start=\"1225\" data-end=\"1250\">r\u00e9activit\u00e9 logistique<\/strong> partout en France.<\/p><hr data-start=\"1273\" data-end=\"1276\" \/><h3 data-start=\"1278\" data-end=\"1297\">Nos engagements<\/h3><ul data-start=\"1298\" data-end=\"1791\"><li data-start=\"1298\" data-end=\"1413\"><p data-start=\"1300\" data-end=\"1413\"><strong data-start=\"1300\" data-end=\"1326\">S\u00e9curit\u00e9 et conformit\u00e9<\/strong> : tous nos \u00e9quipements respectent les normes les plus strictes du secteur nucl\u00e9aire.<\/p><\/li><li data-start=\"1414\" data-end=\"1511\"><p data-start=\"1416\" data-end=\"1511\"><strong data-start=\"1416\" data-end=\"1438\">Tra\u00e7abilit\u00e9 totale<\/strong> : chaque produit est suivi depuis la fabrication jusqu\u2019\u00e0 la livraison.<\/p><\/li><li data-start=\"1512\" data-end=\"1603\"><p data-start=\"1514\" data-end=\"1603\"><strong data-start=\"1514\" data-end=\"1533\">Qualit\u00e9 durable<\/strong> : des solutions con\u00e7ues pour r\u00e9sister aux environnements exigeants.<\/p><\/li><li data-start=\"1604\" data-end=\"1681\"><p data-start=\"1606\" data-end=\"1681\"><strong data-start=\"1606\" data-end=\"1630\">Proximit\u00e9 et service<\/strong> : une \u00e9quipe \u00e0 l\u2019\u00e9coute, disponible et r\u00e9active.<\/p><\/li><li data-start=\"1682\" data-end=\"1791\"><p data-start=\"1684\" data-end=\"1791\"><strong data-start=\"1684\" data-end=\"1713\">Innovation et performance<\/strong> : veille technologique constante pour anticiper les besoins de nos clients.<\/p><\/li><\/ul><hr data-start=\"1793\" data-end=\"1796\" \/><h3 data-start=\"1798\" data-end=\"1834\">Une vision tourn\u00e9e vers l\u2019avenir<\/h3><p data-start=\"1835\" data-end=\"2116\">Nous croyons que le secteur nucl\u00e9aire exige des <strong data-start=\"1883\" data-end=\"1917\">partenaires solides et fiables<\/strong>. Gr\u00e2ce \u00e0 notre savoir-faire, nos infrastructures et notre engagement, nous voulons continuer \u00e0 \u00eatre un <strong data-start=\"2021\" data-end=\"2044\">acteur de confiance<\/strong>, au service de la s\u00e9curit\u00e9 et de la performance de vos installations.<\/p>\t\t\t\t\t\t\t\t<\/div>\n\t\t\t\t\t<\/div>\n\t\t\t\t<\/div>\n\t\t\t\t<\/div>\n\t\t","protected":false},"excerpt":{"rendered":"<p>Actilev \u2013 la ma\u00eetrise industrielle au service de la s\u00fbret\u00e9 nucl\u00e9aire. Notre mission Chez Actilev, nous accompagnons les acteurs du secteur nucl\u00e9aire en leur proposant des solutions fiables et durables en mati\u00e8re de rayonnage industriel, cantilevers, bacs Schoeller Allibert, basculeurs de GRV et \u00e9quipements de stockage et manutention.Notre mission est simple : garantir \u00e0 nos [&hellip;]<\/p>\n","protected":false},"author":3,"featured_media":0,"parent":0,"menu_order":0,"comment_status":"closed","ping_status":"closed","template":"","meta":{"footnotes":""},"class_list":["post-1867","page","type-page","status-publish","hentry"],"yoast_head":"<!-- This site is optimized with the Yoast SEO plugin v26.5 - https:\/\/yoast.com\/wordpress\/plugins\/seo\/ -->\n<title>Notre missions &amp; engagements - Actilev Corporate<\/title>\n<meta name=\"robots\" content=\"index, follow, max-snippet:-1, max-image-preview:large, max-video-preview:-1\" \/>\n<link rel=\"canonical\" href=\"https:\/\/www.actilev.fr\/corporate\/notre-missions-engagements\/\" \/>\n<meta property=\"og:locale\" content=\"fr_FR\" \/>\n<meta property=\"og:type\" content=\"article\" \/>\n<meta property=\"og:title\" content=\"Notre missions &amp; engagements - Actilev Corporate\" \/>\n<meta property=\"og:description\" content=\"Actilev \u2013 la ma\u00eetrise industrielle au service de la s\u00fbret\u00e9 nucl\u00e9aire. Notre mission Chez Actilev, nous accompagnons les acteurs du secteur nucl\u00e9aire en leur proposant des solutions fiables et durables en mati\u00e8re de rayonnage industriel, cantilevers, bacs Schoeller Allibert, basculeurs de GRV et \u00e9quipements de stockage et manutention.Notre mission est simple : garantir \u00e0 nos [&hellip;]\" \/>\n<meta property=\"og:url\" content=\"https:\/\/www.actilev.fr\/corporate\/notre-missions-engagements\/\" \/>\n<meta property=\"og:site_name\" content=\"Actilev Corporate\" \/>\n<meta property=\"article:modified_time\" content=\"2025-10-23T13:36:05+00:00\" \/>\n<meta name=\"twitter:card\" content=\"summary_large_image\" \/>\n<meta name=\"twitter:label1\" content=\"Dur\u00e9e de lecture estim\u00e9e\" \/>\n\t<meta name=\"twitter:data1\" content=\"2 minutes\" \/>\n<script type=\"application\/ld+json\" class=\"yoast-schema-graph\">{\"@context\":\"https:\/\/schema.org\",\"@graph\":[{\"@type\":\"WebPage\",\"@id\":\"https:\/\/www.actilev.fr\/corporate\/notre-missions-engagements\/\",\"url\":\"https:\/\/www.actilev.fr\/corporate\/notre-missions-engagements\/\",\"name\":\"Notre missions & engagements - Actilev Corporate\",\"isPartOf\":{\"@id\":\"https:\/\/www.actilev.fr\/corporate\/#website\"},\"datePublished\":\"2025-08-28T14:34:24+00:00\",\"dateModified\":\"2025-10-23T13:36:05+00:00\",\"breadcrumb\":{\"@id\":\"https:\/\/www.actilev.fr\/corporate\/notre-missions-engagements\/#breadcrumb\"},\"inLanguage\":\"fr-FR\",\"potentialAction\":[{\"@type\":\"ReadAction\",\"target\":[\"https:\/\/www.actilev.fr\/corporate\/notre-missions-engagements\/\"]}]},{\"@type\":\"BreadcrumbList\",\"@id\":\"https:\/\/www.actilev.fr\/corporate\/notre-missions-engagements\/#breadcrumb\",\"itemListElement\":[{\"@type\":\"ListItem\",\"position\":1,\"name\":\"Accueil\",\"item\":\"https:\/\/www.actilev.fr\/corporate\/\"},{\"@type\":\"ListItem\",\"position\":2,\"name\":\"Notre missions &#038; engagements\"}]},{\"@type\":\"WebSite\",\"@id\":\"https:\/\/www.actilev.fr\/corporate\/#website\",\"url\":\"https:\/\/www.actilev.fr\/corporate\/\",\"name\":\"Actilev Corporate\",\"description\":\"\",\"publisher\":{\"@id\":\"https:\/\/www.actilev.fr\/corporate\/#organization\"},\"potentialAction\":[{\"@type\":\"SearchAction\",\"target\":{\"@type\":\"EntryPoint\",\"urlTemplate\":\"https:\/\/www.actilev.fr\/corporate\/?s={search_term_string}\"},\"query-input\":{\"@type\":\"PropertyValueSpecification\",\"valueRequired\":true,\"valueName\":\"search_term_string\"}}],\"inLanguage\":\"fr-FR\"},{\"@type\":\"Organization\",\"@id\":\"https:\/\/www.actilev.fr\/corporate\/#organization\",\"name\":\"Actilev Corporate\",\"url\":\"https:\/\/www.actilev.fr\/corporate\/\",\"logo\":{\"@type\":\"ImageObject\",\"inLanguage\":\"fr-FR\",\"@id\":\"https:\/\/www.actilev.fr\/corporate\/#\/schema\/logo\/image\/\",\"url\":\"https:\/\/www.actilev.fr\/corporate\/wp-content\/uploads\/2025\/07\/logo-1698857763.jpg\",\"contentUrl\":\"https:\/\/www.actilev.fr\/corporate\/wp-content\/uploads\/2025\/07\/logo-1698857763.jpg\",\"width\":419,\"height\":120,\"caption\":\"Actilev Corporate\"},\"image\":{\"@id\":\"https:\/\/www.actilev.fr\/corporate\/#\/schema\/logo\/image\/\"}}]}<\/script>\n<!-- \/ Yoast SEO plugin. -->","yoast_head_json":{"title":"Notre missions & engagements - Actilev Corporate","robots":{"index":"index","follow":"follow","max-snippet":"max-snippet:-1","max-image-preview":"max-image-preview:large","max-video-preview":"max-video-preview:-1"},"canonical":"https:\/\/www.actilev.fr\/corporate\/notre-missions-engagements\/","og_locale":"fr_FR","og_type":"article","og_title":"Notre missions & engagements - Actilev Corporate","og_description":"Actilev \u2013 la ma\u00eetrise industrielle au service de la s\u00fbret\u00e9 nucl\u00e9aire. Notre mission Chez Actilev, nous accompagnons les acteurs du secteur nucl\u00e9aire en leur proposant des solutions fiables et durables en mati\u00e8re de rayonnage industriel, cantilevers, bacs Schoeller Allibert, basculeurs de GRV et \u00e9quipements de stockage et manutention.Notre mission est simple : garantir \u00e0 nos [&hellip;]","og_url":"https:\/\/www.actilev.fr\/corporate\/notre-missions-engagements\/","og_site_name":"Actilev Corporate","article_modified_time":"2025-10-23T13:36:05+00:00","twitter_card":"summary_large_image","twitter_misc":{"Dur\u00e9e de lecture estim\u00e9e":"2 minutes"},"schema":{"@context":"https:\/\/schema.org","@graph":[{"@type":"WebPage","@id":"https:\/\/www.actilev.fr\/corporate\/notre-missions-engagements\/","url":"https:\/\/www.actilev.fr\/corporate\/notre-missions-engagements\/","name":"Notre missions & engagements - Actilev Corporate","isPartOf":{"@id":"https:\/\/www.actilev.fr\/corporate\/#website"},"datePublished":"2025-08-28T14:34:24+00:00","dateModified":"2025-10-23T13:36:05+00:00","breadcrumb":{"@id":"https:\/\/www.actilev.fr\/corporate\/notre-missions-engagements\/#breadcrumb"},"inLanguage":"fr-FR","potentialAction":[{"@type":"ReadAction","target":["https:\/\/www.actilev.fr\/corporate\/notre-missions-engagements\/"]}]},{"@type":"BreadcrumbList","@id":"https:\/\/www.actilev.fr\/corporate\/notre-missions-engagements\/#breadcrumb","itemListElement":[{"@type":"ListItem","position":1,"name":"Accueil","item":"https:\/\/www.actilev.fr\/corporate\/"},{"@type":"ListItem","position":2,"name":"Notre missions &#038; engagements"}]},{"@type":"WebSite","@id":"https:\/\/www.actilev.fr\/corporate\/#website","url":"https:\/\/www.actilev.fr\/corporate\/","name":"Actilev Corporate","description":"","publisher":{"@id":"https:\/\/www.actilev.fr\/corporate\/#organization"},"potentialAction":[{"@type":"SearchAction","target":{"@type":"EntryPoint","urlTemplate":"https:\/\/www.actilev.fr\/corporate\/?s={search_term_string}"},"query-input":{"@type":"PropertyValueSpecification","valueRequired":true,"valueName":"search_term_string"}}],"inLanguage":"fr-FR"},{"@type":"Organization","@id":"https:\/\/www.actilev.fr\/corporate\/#organization","name":"Actilev Corporate","url":"https:\/\/www.actilev.fr\/corporate\/","logo":{"@type":"ImageObject","inLanguage":"fr-FR","@id":"https:\/\/www.actilev.fr\/corporate\/#\/schema\/logo\/image\/","url":"https:\/\/www.actilev.fr\/corporate\/wp-content\/uploads\/2025\/07\/logo-1698857763.jpg","contentUrl":"https:\/\/www.actilev.fr\/corporate\/wp-content\/uploads\/2025\/07\/logo-1698857763.jpg","width":419,"height":120,"caption":"Actilev Corporate"},"image":{"@id":"https:\/\/www.actilev.fr\/corporate\/#\/schema\/logo\/image\/"}}]}},"_links":{"self":[{"href":"https:\/\/www.actilev.fr\/corporate\/wp-json\/wp\/v2\/pages\/1867","targetHints":{"allow":["GET"]}}],"collection":[{"href":"https:\/\/www.actilev.fr\/corporate\/wp-json\/wp\/v2\/pages"}],"about":[{"href":"https:\/\/www.actilev.fr\/corporate\/wp-json\/wp\/v2\/types\/page"}],"author":[{"embeddable":true,"href":"https:\/\/www.actilev.fr\/corporate\/wp-json\/wp\/v2\/users\/3"}],"replies":[{"embeddable":true,"href":"https:\/\/www.actilev.fr\/corporate\/wp-json\/wp\/v2\/comments?post=1867"}],"version-history":[{"count":13,"href":"https:\/\/www.actilev.fr\/corporate\/wp-json\/wp\/v2\/pages\/1867\/revisions"}],"predecessor-version":[{"id":2704,"href":"https:\/\/www.actilev.fr\/corporate\/wp-json\/wp\/v2\/pages\/1867\/revisions\/2704"}],"wp:attachment":[{"href":"https:\/\/www.actilev.fr\/corporate\/wp-json\/wp\/v2\/media?parent=1867"}],"curies":[{"name":"wp","href":"https:\/\/api.w.org\/{rel}","templated":true}]}}