{"id":1853,"date":"2025-08-28T15:37:50","date_gmt":"2025-08-28T13:37:50","guid":{"rendered":"https:\/\/www.actilev.fr\/corporate\/?page_id=1853"},"modified":"2025-09-16T14:19:10","modified_gmt":"2025-09-16T12:19:10","slug":"lequipe-dirigeante","status":"publish","type":"page","link":"https:\/\/www.actilev.fr\/corporate\/lequipe-dirigeante\/","title":{"rendered":"L&rsquo;\u00e9quipe dirigeante"},"content":{"rendered":"\t\t<div data-elementor-type=\"wp-page\" data-elementor-id=\"1853\" class=\"elementor elementor-1853\" data-elementor-post-type=\"page\">\n\t\t\t\t<div class=\"elementor-element elementor-element-cb8aff4 e-flex e-con-boxed e-con e-parent\" data-id=\"cb8aff4\" data-element_type=\"container\">\n\t\t\t\t\t<div class=\"e-con-inner\">\n\t\t\t\t<div class=\"elementor-element elementor-element-1b73fe4 elementor-widget elementor-widget-text-editor\" data-id=\"1b73fe4\" data-element_type=\"widget\" data-widget_type=\"text-editor.default\">\n\t\t\t\t\t\t\t\t\t<p>Chez <strong data-start=\"312\" data-end=\"323\">Actilev<\/strong>, notre \u00e9quipe dirigeante incarne la vision et les valeurs qui guident notre d\u00e9veloppement. Forts d\u2019une exp\u00e9rience solide et d\u2019un esprit d\u2019innovation, nos dirigeants mettent leur expertise au service des collectivit\u00e9s, industries et entreprises pour proposer des solutions fiables, durables et adapt\u00e9es aux besoins de chacun.<\/p>\t\t\t\t\t\t\t\t<\/div>\n\t\t\t\t\t<\/div>\n\t\t\t\t<\/div>\n\t\t<div class=\"elementor-element elementor-element-57189ec e-flex e-con-boxed e-con e-parent\" data-id=\"57189ec\" data-element_type=\"container\">\n\t\t\t\t\t<div class=\"e-con-inner\">\n\t\t<div class=\"elementor-element elementor-element-cd4c99c e-con-full e-flex e-con e-child\" data-id=\"cd4c99c\" data-element_type=\"container\">\n\t\t\t\t<div class=\"elementor-element elementor-element-c21be1e elementor-widget elementor-widget-image\" data-id=\"c21be1e\" data-element_type=\"widget\" data-widget_type=\"image.default\">\n\t\t\t\t\t\t\t\t\t\t\t\t\t\t\t<img fetchpriority=\"high\" decoding=\"async\" width=\"525\" height=\"378\" src=\"https:\/\/www.actilev.fr\/corporate\/wp-content\/uploads\/2025\/09\/photo-gilles.jpg\" class=\"attachment-large size-large wp-image-2225\" alt=\"\" srcset=\"https:\/\/www.actilev.fr\/corporate\/wp-content\/uploads\/2025\/09\/photo-gilles.jpg 734w, https:\/\/www.actilev.fr\/corporate\/wp-content\/uploads\/2025\/09\/photo-gilles-300x216.jpg 300w, https:\/\/www.actilev.fr\/corporate\/wp-content\/uploads\/2025\/09\/photo-gilles-370x267.jpg 370w\" sizes=\"(max-width: 767px) 100vw, 525px\" \/>\t\t\t\t\t\t\t\t\t\t\t\t\t\t\t<\/div>\n\t\t\t\t<div class=\"elementor-element elementor-element-7b9cd38 elementor-widget elementor-widget-text-editor\" data-id=\"7b9cd38\" data-element_type=\"widget\" data-widget_type=\"text-editor.default\">\n\t\t\t\t\t\t\t\t\t<p>Gilles PREVOT<br \/>Pr\u00e9sident Directeur G\u00e9n\u00e9ral<\/p><p data-start=\"693\" data-end=\"1045\">Avec plus de 22 ann\u00e9es d\u2019exp\u00e9rience dans le domaine du levage et de l\u2019\u00e9quipement professionnel, Gilles PREVOT a fond\u00e9 et dirig\u00e9 Actilev en mettant l\u2019accent sur l\u2019expertise technique et la proximit\u00e9 client. Visionnaire et engag\u00e9, il veille \u00e0 maintenir la qualit\u00e9 et la fiabilit\u00e9 qui font la r\u00e9putation de l\u2019entreprise.<\/p>\t\t\t\t\t\t\t\t<\/div>\n\t\t\t\t<\/div>\n\t\t<div class=\"elementor-element elementor-element-949b341 e-con-full e-flex e-con e-child\" data-id=\"949b341\" data-element_type=\"container\">\n\t\t\t\t<div class=\"elementor-element elementor-element-dc1bc13 elementor-widget elementor-widget-image\" data-id=\"dc1bc13\" data-element_type=\"widget\" data-widget_type=\"image.default\">\n\t\t\t\t\t\t\t\t\t\t\t\t\t\t\t<img decoding=\"async\" width=\"525\" height=\"700\" src=\"https:\/\/www.actilev.fr\/corporate\/wp-content\/uploads\/2025\/08\/nicolas-2-768x1024.jpg\" class=\"attachment-large size-large wp-image-1856\" alt=\"\" srcset=\"https:\/\/www.actilev.fr\/corporate\/wp-content\/uploads\/2025\/08\/nicolas-2-768x1024.jpg 768w, https:\/\/www.actilev.fr\/corporate\/wp-content\/uploads\/2025\/08\/nicolas-2-225x300.jpg 225w, https:\/\/www.actilev.fr\/corporate\/wp-content\/uploads\/2025\/08\/nicolas-2-1152x1536.jpg 1152w, https:\/\/www.actilev.fr\/corporate\/wp-content\/uploads\/2025\/08\/nicolas-2-1536x2048.jpg 1536w, https:\/\/www.actilev.fr\/corporate\/wp-content\/uploads\/2025\/08\/nicolas-2-370x493.jpg 370w, https:\/\/www.actilev.fr\/corporate\/wp-content\/uploads\/2025\/08\/nicolas-2-760x1013.jpg 760w, https:\/\/www.actilev.fr\/corporate\/wp-content\/uploads\/2025\/08\/nicolas-2-scaled.jpg 1920w\" sizes=\"(max-width: 767px) 100vw, 525px\" \/>\t\t\t\t\t\t\t\t\t\t\t\t\t\t\t<\/div>\n\t\t\t\t<div class=\"elementor-element elementor-element-a21e287 elementor-widget elementor-widget-text-editor\" data-id=\"a21e287\" data-element_type=\"widget\" data-widget_type=\"text-editor.default\">\n\t\t\t\t\t\t\t\t\t<p>Nicolas CUVILLIER<br \/>Directeur g\u00e9n\u00e9ral<\/p><p>Dynamique et tourn\u00e9 vers l\u2019avenir, Nicolas CUVILLIER accompagne le d\u00e9veloppement strat\u00e9gique d\u2019Actilev. Il met en avant l\u2019innovation et la digitalisation des process pour renforcer l\u2019efficacit\u00e9 de l\u2019entreprise et r\u00e9pondre aux nouveaux enjeux des professionnels, tout en gardant la satisfaction client au c\u0153ur des priorit\u00e9s.<\/p>\t\t\t\t\t\t\t\t<\/div>\n\t\t\t\t<\/div>\n\t\t\t\t\t<\/div>\n\t\t\t\t<\/div>\n\t\t\t\t<\/div>\n\t\t","protected":false},"excerpt":{"rendered":"<p>Chez Actilev, notre \u00e9quipe dirigeante incarne la vision et les valeurs qui guident notre d\u00e9veloppement. Forts d\u2019une exp\u00e9rience solide et d\u2019un esprit d\u2019innovation, nos dirigeants mettent leur expertise au service des collectivit\u00e9s, industries et entreprises pour proposer des solutions fiables, durables et adapt\u00e9es aux besoins de chacun. Gilles PREVOTPr\u00e9sident Directeur G\u00e9n\u00e9ral Avec plus de 22 [&hellip;]<\/p>\n","protected":false},"author":3,"featured_media":0,"parent":0,"menu_order":0,"comment_status":"closed","ping_status":"closed","template":"","meta":{"footnotes":""},"class_list":["post-1853","page","type-page","status-publish","hentry"],"yoast_head":"<!-- This site is optimized with the Yoast SEO plugin v26.5 - https:\/\/yoast.com\/wordpress\/plugins\/seo\/ -->\n<title>L&#039;\u00e9quipe dirigeante - Actilev Corporate<\/title>\n<meta name=\"robots\" content=\"index, follow, max-snippet:-1, max-image-preview:large, max-video-preview:-1\" \/>\n<link rel=\"canonical\" href=\"https:\/\/www.actilev.fr\/corporate\/lequipe-dirigeante\/\" \/>\n<meta property=\"og:locale\" content=\"fr_FR\" \/>\n<meta property=\"og:type\" content=\"article\" \/>\n<meta property=\"og:title\" content=\"L&#039;\u00e9quipe dirigeante - Actilev Corporate\" \/>\n<meta property=\"og:description\" content=\"Chez Actilev, notre \u00e9quipe dirigeante incarne la vision et les valeurs qui guident notre d\u00e9veloppement. Forts d\u2019une exp\u00e9rience solide et d\u2019un esprit d\u2019innovation, nos dirigeants mettent leur expertise au service des collectivit\u00e9s, industries et entreprises pour proposer des solutions fiables, durables et adapt\u00e9es aux besoins de chacun. Gilles PREVOTPr\u00e9sident Directeur G\u00e9n\u00e9ral Avec plus de 22 [&hellip;]\" \/>\n<meta property=\"og:url\" content=\"https:\/\/www.actilev.fr\/corporate\/lequipe-dirigeante\/\" \/>\n<meta property=\"og:site_name\" content=\"Actilev Corporate\" \/>\n<meta property=\"article:modified_time\" content=\"2025-09-16T12:19:10+00:00\" \/>\n<meta property=\"og:image\" content=\"https:\/\/www.actilev.fr\/corporate\/wp-content\/uploads\/2025\/09\/photo-gilles.jpg\" \/>\n<meta name=\"twitter:card\" content=\"summary_large_image\" \/>\n<meta name=\"twitter:label1\" content=\"Dur\u00e9e de lecture estim\u00e9e\" \/>\n\t<meta name=\"twitter:data1\" content=\"1 minute\" \/>\n<script type=\"application\/ld+json\" class=\"yoast-schema-graph\">{\"@context\":\"https:\/\/schema.org\",\"@graph\":[{\"@type\":\"WebPage\",\"@id\":\"https:\/\/www.actilev.fr\/corporate\/lequipe-dirigeante\/\",\"url\":\"https:\/\/www.actilev.fr\/corporate\/lequipe-dirigeante\/\",\"name\":\"L'\u00e9quipe dirigeante - Actilev Corporate\",\"isPartOf\":{\"@id\":\"https:\/\/www.actilev.fr\/corporate\/#website\"},\"primaryImageOfPage\":{\"@id\":\"https:\/\/www.actilev.fr\/corporate\/lequipe-dirigeante\/#primaryimage\"},\"image\":{\"@id\":\"https:\/\/www.actilev.fr\/corporate\/lequipe-dirigeante\/#primaryimage\"},\"thumbnailUrl\":\"https:\/\/www.actilev.fr\/corporate\/wp-content\/uploads\/2025\/09\/photo-gilles.jpg\",\"datePublished\":\"2025-08-28T13:37:50+00:00\",\"dateModified\":\"2025-09-16T12:19:10+00:00\",\"breadcrumb\":{\"@id\":\"https:\/\/www.actilev.fr\/corporate\/lequipe-dirigeante\/#breadcrumb\"},\"inLanguage\":\"fr-FR\",\"potentialAction\":[{\"@type\":\"ReadAction\",\"target\":[\"https:\/\/www.actilev.fr\/corporate\/lequipe-dirigeante\/\"]}]},{\"@type\":\"ImageObject\",\"inLanguage\":\"fr-FR\",\"@id\":\"https:\/\/www.actilev.fr\/corporate\/lequipe-dirigeante\/#primaryimage\",\"url\":\"https:\/\/www.actilev.fr\/corporate\/wp-content\/uploads\/2025\/09\/photo-gilles.jpg\",\"contentUrl\":\"https:\/\/www.actilev.fr\/corporate\/wp-content\/uploads\/2025\/09\/photo-gilles.jpg\",\"width\":734,\"height\":529},{\"@type\":\"BreadcrumbList\",\"@id\":\"https:\/\/www.actilev.fr\/corporate\/lequipe-dirigeante\/#breadcrumb\",\"itemListElement\":[{\"@type\":\"ListItem\",\"position\":1,\"name\":\"Accueil\",\"item\":\"https:\/\/www.actilev.fr\/corporate\/\"},{\"@type\":\"ListItem\",\"position\":2,\"name\":\"L&rsquo;\u00e9quipe dirigeante\"}]},{\"@type\":\"WebSite\",\"@id\":\"https:\/\/www.actilev.fr\/corporate\/#website\",\"url\":\"https:\/\/www.actilev.fr\/corporate\/\",\"name\":\"Actilev Corporate\",\"description\":\"\",\"publisher\":{\"@id\":\"https:\/\/www.actilev.fr\/corporate\/#organization\"},\"potentialAction\":[{\"@type\":\"SearchAction\",\"target\":{\"@type\":\"EntryPoint\",\"urlTemplate\":\"https:\/\/www.actilev.fr\/corporate\/?s={search_term_string}\"},\"query-input\":{\"@type\":\"PropertyValueSpecification\",\"valueRequired\":true,\"valueName\":\"search_term_string\"}}],\"inLanguage\":\"fr-FR\"},{\"@type\":\"Organization\",\"@id\":\"https:\/\/www.actilev.fr\/corporate\/#organization\",\"name\":\"Actilev Corporate\",\"url\":\"https:\/\/www.actilev.fr\/corporate\/\",\"logo\":{\"@type\":\"ImageObject\",\"inLanguage\":\"fr-FR\",\"@id\":\"https:\/\/www.actilev.fr\/corporate\/#\/schema\/logo\/image\/\",\"url\":\"https:\/\/www.actilev.fr\/corporate\/wp-content\/uploads\/2025\/07\/logo-1698857763.jpg\",\"contentUrl\":\"https:\/\/www.actilev.fr\/corporate\/wp-content\/uploads\/2025\/07\/logo-1698857763.jpg\",\"width\":419,\"height\":120,\"caption\":\"Actilev Corporate\"},\"image\":{\"@id\":\"https:\/\/www.actilev.fr\/corporate\/#\/schema\/logo\/image\/\"}}]}<\/script>\n<!-- \/ Yoast SEO plugin. -->","yoast_head_json":{"title":"L'\u00e9quipe dirigeante - Actilev Corporate","robots":{"index":"index","follow":"follow","max-snippet":"max-snippet:-1","max-image-preview":"max-image-preview:large","max-video-preview":"max-video-preview:-1"},"canonical":"https:\/\/www.actilev.fr\/corporate\/lequipe-dirigeante\/","og_locale":"fr_FR","og_type":"article","og_title":"L'\u00e9quipe dirigeante - Actilev Corporate","og_description":"Chez Actilev, notre \u00e9quipe dirigeante incarne la vision et les valeurs qui guident notre d\u00e9veloppement. Forts d\u2019une exp\u00e9rience solide et d\u2019un esprit d\u2019innovation, nos dirigeants mettent leur expertise au service des collectivit\u00e9s, industries et entreprises pour proposer des solutions fiables, durables et adapt\u00e9es aux besoins de chacun. Gilles PREVOTPr\u00e9sident Directeur G\u00e9n\u00e9ral Avec plus de 22 [&hellip;]","og_url":"https:\/\/www.actilev.fr\/corporate\/lequipe-dirigeante\/","og_site_name":"Actilev Corporate","article_modified_time":"2025-09-16T12:19:10+00:00","og_image":[{"url":"https:\/\/www.actilev.fr\/corporate\/wp-content\/uploads\/2025\/09\/photo-gilles.jpg","type":"","width":"","height":""}],"twitter_card":"summary_large_image","twitter_misc":{"Dur\u00e9e de lecture estim\u00e9e":"1 minute"},"schema":{"@context":"https:\/\/schema.org","@graph":[{"@type":"WebPage","@id":"https:\/\/www.actilev.fr\/corporate\/lequipe-dirigeante\/","url":"https:\/\/www.actilev.fr\/corporate\/lequipe-dirigeante\/","name":"L'\u00e9quipe dirigeante - Actilev Corporate","isPartOf":{"@id":"https:\/\/www.actilev.fr\/corporate\/#website"},"primaryImageOfPage":{"@id":"https:\/\/www.actilev.fr\/corporate\/lequipe-dirigeante\/#primaryimage"},"image":{"@id":"https:\/\/www.actilev.fr\/corporate\/lequipe-dirigeante\/#primaryimage"},"thumbnailUrl":"https:\/\/www.actilev.fr\/corporate\/wp-content\/uploads\/2025\/09\/photo-gilles.jpg","datePublished":"2025-08-28T13:37:50+00:00","dateModified":"2025-09-16T12:19:10+00:00","breadcrumb":{"@id":"https:\/\/www.actilev.fr\/corporate\/lequipe-dirigeante\/#breadcrumb"},"inLanguage":"fr-FR","potentialAction":[{"@type":"ReadAction","target":["https:\/\/www.actilev.fr\/corporate\/lequipe-dirigeante\/"]}]},{"@type":"ImageObject","inLanguage":"fr-FR","@id":"https:\/\/www.actilev.fr\/corporate\/lequipe-dirigeante\/#primaryimage","url":"https:\/\/www.actilev.fr\/corporate\/wp-content\/uploads\/2025\/09\/photo-gilles.jpg","contentUrl":"https:\/\/www.actilev.fr\/corporate\/wp-content\/uploads\/2025\/09\/photo-gilles.jpg","width":734,"height":529},{"@type":"BreadcrumbList","@id":"https:\/\/www.actilev.fr\/corporate\/lequipe-dirigeante\/#breadcrumb","itemListElement":[{"@type":"ListItem","position":1,"name":"Accueil","item":"https:\/\/www.actilev.fr\/corporate\/"},{"@type":"ListItem","position":2,"name":"L&rsquo;\u00e9quipe dirigeante"}]},{"@type":"WebSite","@id":"https:\/\/www.actilev.fr\/corporate\/#website","url":"https:\/\/www.actilev.fr\/corporate\/","name":"Actilev Corporate","description":"","publisher":{"@id":"https:\/\/www.actilev.fr\/corporate\/#organization"},"potentialAction":[{"@type":"SearchAction","target":{"@type":"EntryPoint","urlTemplate":"https:\/\/www.actilev.fr\/corporate\/?s={search_term_string}"},"query-input":{"@type":"PropertyValueSpecification","valueRequired":true,"valueName":"search_term_string"}}],"inLanguage":"fr-FR"},{"@type":"Organization","@id":"https:\/\/www.actilev.fr\/corporate\/#organization","name":"Actilev Corporate","url":"https:\/\/www.actilev.fr\/corporate\/","logo":{"@type":"ImageObject","inLanguage":"fr-FR","@id":"https:\/\/www.actilev.fr\/corporate\/#\/schema\/logo\/image\/","url":"https:\/\/www.actilev.fr\/corporate\/wp-content\/uploads\/2025\/07\/logo-1698857763.jpg","contentUrl":"https:\/\/www.actilev.fr\/corporate\/wp-content\/uploads\/2025\/07\/logo-1698857763.jpg","width":419,"height":120,"caption":"Actilev Corporate"},"image":{"@id":"https:\/\/www.actilev.fr\/corporate\/#\/schema\/logo\/image\/"}}]}},"_links":{"self":[{"href":"https:\/\/www.actilev.fr\/corporate\/wp-json\/wp\/v2\/pages\/1853","targetHints":{"allow":["GET"]}}],"collection":[{"href":"https:\/\/www.actilev.fr\/corporate\/wp-json\/wp\/v2\/pages"}],"about":[{"href":"https:\/\/www.actilev.fr\/corporate\/wp-json\/wp\/v2\/types\/page"}],"author":[{"embeddable":true,"href":"https:\/\/www.actilev.fr\/corporate\/wp-json\/wp\/v2\/users\/3"}],"replies":[{"embeddable":true,"href":"https:\/\/www.actilev.fr\/corporate\/wp-json\/wp\/v2\/comments?post=1853"}],"version-history":[{"count":10,"href":"https:\/\/www.actilev.fr\/corporate\/wp-json\/wp\/v2\/pages\/1853\/revisions"}],"predecessor-version":[{"id":2228,"href":"https:\/\/www.actilev.fr\/corporate\/wp-json\/wp\/v2\/pages\/1853\/revisions\/2228"}],"wp:attachment":[{"href":"https:\/\/www.actilev.fr\/corporate\/wp-json\/wp\/v2\/media?parent=1853"}],"curies":[{"name":"wp","href":"https:\/\/api.w.org\/{rel}","templated":true}]}}