{"id":1772,"date":"2025-08-21T15:29:43","date_gmt":"2025-08-21T13:29:43","guid":{"rendered":"https:\/\/www.actilev.fr\/corporate\/?page_id=1772"},"modified":"2026-01-15T10:52:18","modified_gmt":"2026-01-15T09:52:18","slug":"bilan-rse-et-rte","status":"publish","type":"page","link":"https:\/\/www.actilev.fr\/corporate\/bilan-rse-et-rte\/","title":{"rendered":"Bilan RSE et RTE"},"content":{"rendered":"\t\t<div data-elementor-type=\"wp-page\" data-elementor-id=\"1772\" class=\"elementor elementor-1772\" data-elementor-post-type=\"page\">\n\t\t\t\t<div class=\"elementor-element elementor-element-bb53361 e-flex e-con-boxed e-con e-parent\" data-id=\"bb53361\" data-element_type=\"container\">\n\t\t\t\t\t<div class=\"e-con-inner\">\n\t\t<div class=\"elementor-element elementor-element-0239132 e-con-full e-flex e-con e-child\" data-id=\"0239132\" data-element_type=\"container\">\n\t\t\t\t<div class=\"elementor-element elementor-element-b39567b elementor-widget elementor-widget-image\" data-id=\"b39567b\" data-element_type=\"widget\" data-widget_type=\"image.default\">\n\t\t\t\t\t\t\t\t\t\t\t\t\t\t\t<img fetchpriority=\"high\" decoding=\"async\" width=\"330\" height=\"153\" src=\"https:\/\/www.actilev.fr\/corporate\/wp-content\/uploads\/2025\/07\/bilan-rse.webp\" class=\"attachment-large size-large wp-image-1552\" alt=\"\" srcset=\"https:\/\/www.actilev.fr\/corporate\/wp-content\/uploads\/2025\/07\/bilan-rse.webp 330w, https:\/\/www.actilev.fr\/corporate\/wp-content\/uploads\/2025\/07\/bilan-rse-300x139.webp 300w\" sizes=\"(max-width: 767px) 100vw, 330px\" \/>\t\t\t\t\t\t\t\t\t\t\t\t\t\t\t<\/div>\n\t\t\t\t<\/div>\n\t\t<div class=\"elementor-element elementor-element-ed3efaa e-con-full e-flex e-con e-child\" data-id=\"ed3efaa\" data-element_type=\"container\">\n\t\t\t\t<div class=\"elementor-element elementor-element-92ee631 elementor-widget elementor-widget-heading\" data-id=\"92ee631\" data-element_type=\"widget\" data-widget_type=\"heading.default\">\n\t\t\t\t\t<h2 class=\"elementor-heading-title elementor-size-default\">Bilan RSE et RTE<\/h2>\t\t\t\t<\/div>\n\t\t\t\t<\/div>\n\t\t\t\t\t<\/div>\n\t\t\t\t<\/div>\n\t\t<div class=\"elementor-element elementor-element-69c8087 e-flex e-con-boxed e-con e-parent\" data-id=\"69c8087\" data-element_type=\"container\" data-settings=\"{&quot;background_background&quot;:&quot;slideshow&quot;,&quot;background_slideshow_gallery&quot;:[{&quot;id&quot;:2229,&quot;url&quot;:&quot;https:\\\/\\\/www.actilev.fr\\\/corporate\\\/wp-content\\\/uploads\\\/2025\\\/09\\\/batiment-ars-1-scaled.jpg&quot;}],&quot;background_slideshow_loop&quot;:&quot;yes&quot;,&quot;background_slideshow_slide_duration&quot;:5000,&quot;background_slideshow_slide_transition&quot;:&quot;fade&quot;,&quot;background_slideshow_transition_duration&quot;:500}\">\n\t\t\t\t\t<div class=\"e-con-inner\">\n\t\t\t\t<div class=\"elementor-element elementor-element-c44324b elementor-widget elementor-widget-text-editor\" data-id=\"c44324b\" data-element_type=\"widget\" data-widget_type=\"text-editor.default\">\n\t\t\t\t\t\t\t\t\t<h4 class=\"mb-2 mt-4 text-base font-[475] first:mt-0 dark:font-[450]\">Notre rapport RSE<\/h4><p class=\"my-2 [&amp;+p]:mt-4 [&amp;_strong:has(+br)]:inline-block [&amp;_strong:has(+br)]:pb-2\">Soucieux de son impact et engag\u00e9 pour un d\u00e9veloppement responsable, <strong>Actilev SAS<\/strong> place la Responsabilit\u00e9 Soci\u00e9tale des Entreprises (RSE) au c\u0153ur de sa strat\u00e9gie. Notre d\u00e9marche vise \u00e0 int\u00e9grer les enjeux sociaux, environnementaux et \u00e9conomiques dans l\u2019ensemble de nos activit\u00e9s et de nos d\u00e9cisions.<\/p><h4 class=\"mb-2 mt-4 text-base font-[475] first:mt-0 dark:font-[450]\">Nos engagements RSE :<\/h4><ul class=\"marker:text-quiet list-disc\"><li class=\"py-0 my-0 prose-p:pt-0 prose-p:mb-2 prose-p:my-0 [&amp;&gt;p]:pt-0 [&amp;&gt;p]:mb-2 [&amp;&gt;p]:my-0\"><p class=\"my-2 [&amp;+p]:mt-4 [&amp;_strong:has(+br)]:inline-block [&amp;_strong:has(+br)]:pb-2\"><strong>Respect de l\u2019environnement<\/strong> : optimisation \u00e9nerg\u00e9tique, r\u00e9duction de l\u2019empreinte carbone, gestion responsable des ressources et des d\u00e9chets.<\/p><\/li><li class=\"py-0 my-0 prose-p:pt-0 prose-p:mb-2 prose-p:my-0 [&amp;&gt;p]:pt-0 [&amp;&gt;p]:mb-2 [&amp;&gt;p]:my-0\"><p class=\"my-2 [&amp;+p]:mt-4 [&amp;_strong:has(+br)]:inline-block [&amp;_strong:has(+br)]:pb-2\"><strong>D\u00e9veloppement humain<\/strong> : formation continue, bien-\u00eatre au travail, diversit\u00e9 et \u00e9galit\u00e9 des chances.<\/p><\/li><li class=\"py-0 my-0 prose-p:pt-0 prose-p:mb-2 prose-p:my-0 [&amp;&gt;p]:pt-0 [&amp;&gt;p]:mb-2 [&amp;&gt;p]:my-0\"><p class=\"my-2 [&amp;+p]:mt-4 [&amp;_strong:has(+br)]:inline-block [&amp;_strong:has(+br)]:pb-2\"><strong>\u00c9thique et transparence<\/strong> : int\u00e9grit\u00e9 dans nos relations avec l\u2019ensemble des parties prenantes (clients, fournisseurs, collaborateurs, partenaires).<\/p><\/li><li class=\"py-0 my-0 prose-p:pt-0 prose-p:mb-2 prose-p:my-0 [&amp;&gt;p]:pt-0 [&amp;&gt;p]:mb-2 [&amp;&gt;p]:my-0\"><p class=\"my-2 [&amp;+p]:mt-4 [&amp;_strong:has(+br)]:inline-block [&amp;_strong:has(+br)]:pb-2\"><strong>Contributions soci\u00e9tales<\/strong> : appui au tissu local, implication dans des initiatives sociales ou solidaires, promotion de l\u2019innovation durable.<\/p><\/li><\/ul><p class=\"my-2 [&amp;+p]:mt-4 [&amp;_strong:has(+br)]:inline-block [&amp;_strong:has(+br)]:pb-2\">Chaque ann\u00e9e, nous r\u00e9alisons un <strong>bilan RSE<\/strong> qui retrace nos actions, nos r\u00e9sultats, et nos axes d\u2019am\u00e9lioration afin de garantir une progression continue vers nos objectifs de responsabilit\u00e9 et de performance durable.<\/p><p class=\"my-2 [&amp;+p]:mt-4 [&amp;_strong:has(+br)]:inline-block [&amp;_strong:has(+br)]:pb-2\"><strong>Actilev SAS<\/strong> invite l\u2019ensemble de ses parties prenantes \u00e0 d\u00e9couvrir son rapport complet, en toute transparence.<\/p>\t\t\t\t\t\t\t\t<\/div>\n\t\t\t\t<div class=\"elementor-element elementor-element-3dacd62 elementor-align-center elementor-widget elementor-widget-button\" data-id=\"3dacd62\" data-element_type=\"widget\" data-widget_type=\"button.default\">\n\t\t\t\t\t\t\t\t\t\t<a class=\"elementor-button elementor-button-link elementor-size-sm\" href=\"https:\/\/www.actilev.fr\/corporate\/wp-content\/uploads\/2026\/01\/Bilan-RSE-RTE-2025.pdf\" target=\"_blank\">\n\t\t\t\t\t\t<span class=\"elementor-button-content-wrapper\">\n\t\t\t\t\t\t<span class=\"elementor-button-icon\">\n\t\t\t\t<svg aria-hidden=\"true\" class=\"e-font-icon-svg e-far-file-pdf\" viewBox=\"0 0 384 512\" xmlns=\"http:\/\/www.w3.org\/2000\/svg\"><path d=\"M369.9 97.9L286 14C277 5 264.8-.1 252.1-.1H48C21.5 0 0 21.5 0 48v416c0 26.5 21.5 48 48 48h288c26.5 0 48-21.5 48-48V131.9c0-12.7-5.1-25-14.1-34zM332.1 128H256V51.9l76.1 76.1zM48 464V48h160v104c0 13.3 10.7 24 24 24h104v288H48zm250.2-143.7c-12.2-12-47-8.7-64.4-6.5-17.2-10.5-28.7-25-36.8-46.3 3.9-16.1 10.1-40.6 5.4-56-4.2-26.2-37.8-23.6-42.6-5.9-4.4 16.1-.4 38.5 7 67.1-10 23.9-24.9 56-35.4 74.4-20 10.3-47 26.2-51 46.2-3.3 15.8 26 55.2 76.1-31.2 22.4-7.4 46.8-16.5 68.4-20.1 18.9 10.2 41 17 55.8 17 25.5 0 28-28.2 17.5-38.7zm-198.1 77.8c5.1-13.7 24.5-29.5 30.4-35-19 30.3-30.4 35.7-30.4 35zm81.6-190.6c7.4 0 6.7 32.1 1.8 40.8-4.4-13.9-4.3-40.8-1.8-40.8zm-24.4 136.6c9.7-16.9 18-37 24.7-54.7 8.3 15.1 18.9 27.2 30.1 35.5-20.8 4.3-38.9 13.1-54.8 19.2zm131.6-5s-5 6-37.3-7.8c35.1-2.6 40.9 5.4 37.3 7.8z\"><\/path><\/svg>\t\t\t<\/span>\n\t\t\t\t\t\t\t\t\t<span class=\"elementor-button-text\">T\u00e9l\u00e9chargez notre rapport RSE 2025<\/span>\n\t\t\t\t\t<\/span>\n\t\t\t\t\t<\/a>\n\t\t\t\t\t\t\t\t<\/div>\n\t\t\t\t<div class=\"elementor-element elementor-element-e7560e8 elementor-widget elementor-widget-text-editor\" data-id=\"e7560e8\" data-element_type=\"widget\" data-widget_type=\"text-editor.default\">\n\t\t\t\t\t\t\t\t\t<h4 data-start=\"179\" data-end=\"216\">Nos engagements compl\u00e9mentaires<\/h4><p data-start=\"220\" data-end=\"387\"><strong data-start=\"220\" data-end=\"240\">&#8211; Code de conduite<\/strong> : il d\u00e9finit les r\u00e8gles \u00e9thiques et responsables qui guident nos actions quotidiennes et nos relations avec l\u2019ensemble de nos parties prenantes.<\/p><p data-start=\"390\" data-end=\"564\"><strong data-start=\"390\" data-end=\"424\">&#8211; Charte des achats responsables<\/strong> : signataires depuis <strong>2015<\/strong>, nous favorisons des relations \u00e9quilibr\u00e9es, durables et transparentes avec nos fournisseurs et partenaires.<\/p><p data-start=\"567\" data-end=\"729\"><strong data-start=\"567\" data-end=\"580\">&#8211; Pacte PME<\/strong> : en tant qu\u2019adh\u00e9rents, nous soutenons le d\u00e9veloppement \u00e9conomique local, l\u2019innovation et la coop\u00e9ration avec les petites et moyennes entreprises.<\/p>\t\t\t\t\t\t\t\t<\/div>\n\t\t\t\t\t<\/div>\n\t\t\t\t<\/div>\n\t\t\t\t<\/div>\n\t\t","protected":false},"excerpt":{"rendered":"<p>Bilan RSE et RTE Notre rapport RSE Soucieux de son impact et engag\u00e9 pour un d\u00e9veloppement responsable, Actilev SAS place la Responsabilit\u00e9 Soci\u00e9tale des Entreprises (RSE) au c\u0153ur de sa strat\u00e9gie. Notre d\u00e9marche vise \u00e0 int\u00e9grer les enjeux sociaux, environnementaux et \u00e9conomiques dans l\u2019ensemble de nos activit\u00e9s et de nos d\u00e9cisions. Nos engagements RSE : [&hellip;]<\/p>\n","protected":false},"author":3,"featured_media":0,"parent":0,"menu_order":0,"comment_status":"closed","ping_status":"closed","template":"","meta":{"footnotes":""},"class_list":["post-1772","page","type-page","status-publish","hentry"],"yoast_head":"<!-- This site is optimized with the Yoast SEO plugin v26.5 - https:\/\/yoast.com\/wordpress\/plugins\/seo\/ -->\n<title>Bilan RSE et RTE - Actilev Corporate<\/title>\n<meta name=\"robots\" content=\"index, follow, max-snippet:-1, max-image-preview:large, max-video-preview:-1\" \/>\n<link rel=\"canonical\" href=\"https:\/\/www.actilev.fr\/corporate\/bilan-rse-et-rte\/\" \/>\n<meta property=\"og:locale\" content=\"fr_FR\" \/>\n<meta property=\"og:type\" content=\"article\" \/>\n<meta property=\"og:title\" content=\"Bilan RSE et RTE - Actilev Corporate\" \/>\n<meta property=\"og:description\" content=\"Bilan RSE et RTE Notre rapport RSE Soucieux de son impact et engag\u00e9 pour un d\u00e9veloppement responsable, Actilev SAS place la Responsabilit\u00e9 Soci\u00e9tale des Entreprises (RSE) au c\u0153ur de sa strat\u00e9gie. Notre d\u00e9marche vise \u00e0 int\u00e9grer les enjeux sociaux, environnementaux et \u00e9conomiques dans l\u2019ensemble de nos activit\u00e9s et de nos d\u00e9cisions. Nos engagements RSE : [&hellip;]\" \/>\n<meta property=\"og:url\" content=\"https:\/\/www.actilev.fr\/corporate\/bilan-rse-et-rte\/\" \/>\n<meta property=\"og:site_name\" content=\"Actilev Corporate\" \/>\n<meta property=\"article:modified_time\" content=\"2026-01-15T09:52:18+00:00\" \/>\n<meta property=\"og:image\" content=\"https:\/\/www.actilev.fr\/corporate\/wp-content\/uploads\/2025\/07\/bilan-rse.webp\" \/>\n\t<meta property=\"og:image:width\" content=\"330\" \/>\n\t<meta property=\"og:image:height\" content=\"153\" \/>\n\t<meta property=\"og:image:type\" content=\"image\/webp\" \/>\n<meta name=\"twitter:card\" content=\"summary_large_image\" \/>\n<meta name=\"twitter:label1\" content=\"Dur\u00e9e de lecture estim\u00e9e\" \/>\n\t<meta name=\"twitter:data1\" content=\"2 minutes\" \/>\n<script type=\"application\/ld+json\" class=\"yoast-schema-graph\">{\"@context\":\"https:\/\/schema.org\",\"@graph\":[{\"@type\":\"WebPage\",\"@id\":\"https:\/\/www.actilev.fr\/corporate\/bilan-rse-et-rte\/\",\"url\":\"https:\/\/www.actilev.fr\/corporate\/bilan-rse-et-rte\/\",\"name\":\"Bilan RSE et RTE - Actilev Corporate\",\"isPartOf\":{\"@id\":\"https:\/\/www.actilev.fr\/corporate\/#website\"},\"primaryImageOfPage\":{\"@id\":\"https:\/\/www.actilev.fr\/corporate\/bilan-rse-et-rte\/#primaryimage\"},\"image\":{\"@id\":\"https:\/\/www.actilev.fr\/corporate\/bilan-rse-et-rte\/#primaryimage\"},\"thumbnailUrl\":\"https:\/\/www.actilev.fr\/corporate\/wp-content\/uploads\/2025\/07\/bilan-rse.webp\",\"datePublished\":\"2025-08-21T13:29:43+00:00\",\"dateModified\":\"2026-01-15T09:52:18+00:00\",\"breadcrumb\":{\"@id\":\"https:\/\/www.actilev.fr\/corporate\/bilan-rse-et-rte\/#breadcrumb\"},\"inLanguage\":\"fr-FR\",\"potentialAction\":[{\"@type\":\"ReadAction\",\"target\":[\"https:\/\/www.actilev.fr\/corporate\/bilan-rse-et-rte\/\"]}]},{\"@type\":\"ImageObject\",\"inLanguage\":\"fr-FR\",\"@id\":\"https:\/\/www.actilev.fr\/corporate\/bilan-rse-et-rte\/#primaryimage\",\"url\":\"https:\/\/www.actilev.fr\/corporate\/wp-content\/uploads\/2025\/07\/bilan-rse.webp\",\"contentUrl\":\"https:\/\/www.actilev.fr\/corporate\/wp-content\/uploads\/2025\/07\/bilan-rse.webp\",\"width\":330,\"height\":153},{\"@type\":\"BreadcrumbList\",\"@id\":\"https:\/\/www.actilev.fr\/corporate\/bilan-rse-et-rte\/#breadcrumb\",\"itemListElement\":[{\"@type\":\"ListItem\",\"position\":1,\"name\":\"Accueil\",\"item\":\"https:\/\/www.actilev.fr\/corporate\/\"},{\"@type\":\"ListItem\",\"position\":2,\"name\":\"Bilan RSE et RTE\"}]},{\"@type\":\"WebSite\",\"@id\":\"https:\/\/www.actilev.fr\/corporate\/#website\",\"url\":\"https:\/\/www.actilev.fr\/corporate\/\",\"name\":\"Actilev Corporate\",\"description\":\"\",\"publisher\":{\"@id\":\"https:\/\/www.actilev.fr\/corporate\/#organization\"},\"potentialAction\":[{\"@type\":\"SearchAction\",\"target\":{\"@type\":\"EntryPoint\",\"urlTemplate\":\"https:\/\/www.actilev.fr\/corporate\/?s={search_term_string}\"},\"query-input\":{\"@type\":\"PropertyValueSpecification\",\"valueRequired\":true,\"valueName\":\"search_term_string\"}}],\"inLanguage\":\"fr-FR\"},{\"@type\":\"Organization\",\"@id\":\"https:\/\/www.actilev.fr\/corporate\/#organization\",\"name\":\"Actilev Corporate\",\"url\":\"https:\/\/www.actilev.fr\/corporate\/\",\"logo\":{\"@type\":\"ImageObject\",\"inLanguage\":\"fr-FR\",\"@id\":\"https:\/\/www.actilev.fr\/corporate\/#\/schema\/logo\/image\/\",\"url\":\"https:\/\/www.actilev.fr\/corporate\/wp-content\/uploads\/2025\/07\/logo-1698857763.jpg\",\"contentUrl\":\"https:\/\/www.actilev.fr\/corporate\/wp-content\/uploads\/2025\/07\/logo-1698857763.jpg\",\"width\":419,\"height\":120,\"caption\":\"Actilev Corporate\"},\"image\":{\"@id\":\"https:\/\/www.actilev.fr\/corporate\/#\/schema\/logo\/image\/\"}}]}<\/script>\n<!-- \/ Yoast SEO plugin. -->","yoast_head_json":{"title":"Bilan RSE et RTE - Actilev Corporate","robots":{"index":"index","follow":"follow","max-snippet":"max-snippet:-1","max-image-preview":"max-image-preview:large","max-video-preview":"max-video-preview:-1"},"canonical":"https:\/\/www.actilev.fr\/corporate\/bilan-rse-et-rte\/","og_locale":"fr_FR","og_type":"article","og_title":"Bilan RSE et RTE - Actilev Corporate","og_description":"Bilan RSE et RTE Notre rapport RSE Soucieux de son impact et engag\u00e9 pour un d\u00e9veloppement responsable, Actilev SAS place la Responsabilit\u00e9 Soci\u00e9tale des Entreprises (RSE) au c\u0153ur de sa strat\u00e9gie. Notre d\u00e9marche vise \u00e0 int\u00e9grer les enjeux sociaux, environnementaux et \u00e9conomiques dans l\u2019ensemble de nos activit\u00e9s et de nos d\u00e9cisions. Nos engagements RSE : [&hellip;]","og_url":"https:\/\/www.actilev.fr\/corporate\/bilan-rse-et-rte\/","og_site_name":"Actilev Corporate","article_modified_time":"2026-01-15T09:52:18+00:00","og_image":[{"width":330,"height":153,"url":"https:\/\/www.actilev.fr\/corporate\/wp-content\/uploads\/2025\/07\/bilan-rse.webp","type":"image\/webp"}],"twitter_card":"summary_large_image","twitter_misc":{"Dur\u00e9e de lecture estim\u00e9e":"2 minutes"},"schema":{"@context":"https:\/\/schema.org","@graph":[{"@type":"WebPage","@id":"https:\/\/www.actilev.fr\/corporate\/bilan-rse-et-rte\/","url":"https:\/\/www.actilev.fr\/corporate\/bilan-rse-et-rte\/","name":"Bilan RSE et RTE - Actilev Corporate","isPartOf":{"@id":"https:\/\/www.actilev.fr\/corporate\/#website"},"primaryImageOfPage":{"@id":"https:\/\/www.actilev.fr\/corporate\/bilan-rse-et-rte\/#primaryimage"},"image":{"@id":"https:\/\/www.actilev.fr\/corporate\/bilan-rse-et-rte\/#primaryimage"},"thumbnailUrl":"https:\/\/www.actilev.fr\/corporate\/wp-content\/uploads\/2025\/07\/bilan-rse.webp","datePublished":"2025-08-21T13:29:43+00:00","dateModified":"2026-01-15T09:52:18+00:00","breadcrumb":{"@id":"https:\/\/www.actilev.fr\/corporate\/bilan-rse-et-rte\/#breadcrumb"},"inLanguage":"fr-FR","potentialAction":[{"@type":"ReadAction","target":["https:\/\/www.actilev.fr\/corporate\/bilan-rse-et-rte\/"]}]},{"@type":"ImageObject","inLanguage":"fr-FR","@id":"https:\/\/www.actilev.fr\/corporate\/bilan-rse-et-rte\/#primaryimage","url":"https:\/\/www.actilev.fr\/corporate\/wp-content\/uploads\/2025\/07\/bilan-rse.webp","contentUrl":"https:\/\/www.actilev.fr\/corporate\/wp-content\/uploads\/2025\/07\/bilan-rse.webp","width":330,"height":153},{"@type":"BreadcrumbList","@id":"https:\/\/www.actilev.fr\/corporate\/bilan-rse-et-rte\/#breadcrumb","itemListElement":[{"@type":"ListItem","position":1,"name":"Accueil","item":"https:\/\/www.actilev.fr\/corporate\/"},{"@type":"ListItem","position":2,"name":"Bilan RSE et RTE"}]},{"@type":"WebSite","@id":"https:\/\/www.actilev.fr\/corporate\/#website","url":"https:\/\/www.actilev.fr\/corporate\/","name":"Actilev Corporate","description":"","publisher":{"@id":"https:\/\/www.actilev.fr\/corporate\/#organization"},"potentialAction":[{"@type":"SearchAction","target":{"@type":"EntryPoint","urlTemplate":"https:\/\/www.actilev.fr\/corporate\/?s={search_term_string}"},"query-input":{"@type":"PropertyValueSpecification","valueRequired":true,"valueName":"search_term_string"}}],"inLanguage":"fr-FR"},{"@type":"Organization","@id":"https:\/\/www.actilev.fr\/corporate\/#organization","name":"Actilev Corporate","url":"https:\/\/www.actilev.fr\/corporate\/","logo":{"@type":"ImageObject","inLanguage":"fr-FR","@id":"https:\/\/www.actilev.fr\/corporate\/#\/schema\/logo\/image\/","url":"https:\/\/www.actilev.fr\/corporate\/wp-content\/uploads\/2025\/07\/logo-1698857763.jpg","contentUrl":"https:\/\/www.actilev.fr\/corporate\/wp-content\/uploads\/2025\/07\/logo-1698857763.jpg","width":419,"height":120,"caption":"Actilev Corporate"},"image":{"@id":"https:\/\/www.actilev.fr\/corporate\/#\/schema\/logo\/image\/"}}]}},"_links":{"self":[{"href":"https:\/\/www.actilev.fr\/corporate\/wp-json\/wp\/v2\/pages\/1772","targetHints":{"allow":["GET"]}}],"collection":[{"href":"https:\/\/www.actilev.fr\/corporate\/wp-json\/wp\/v2\/pages"}],"about":[{"href":"https:\/\/www.actilev.fr\/corporate\/wp-json\/wp\/v2\/types\/page"}],"author":[{"embeddable":true,"href":"https:\/\/www.actilev.fr\/corporate\/wp-json\/wp\/v2\/users\/3"}],"replies":[{"embeddable":true,"href":"https:\/\/www.actilev.fr\/corporate\/wp-json\/wp\/v2\/comments?post=1772"}],"version-history":[{"count":25,"href":"https:\/\/www.actilev.fr\/corporate\/wp-json\/wp\/v2\/pages\/1772\/revisions"}],"predecessor-version":[{"id":2735,"href":"https:\/\/www.actilev.fr\/corporate\/wp-json\/wp\/v2\/pages\/1772\/revisions\/2735"}],"wp:attachment":[{"href":"https:\/\/www.actilev.fr\/corporate\/wp-json\/wp\/v2\/media?parent=1772"}],"curies":[{"name":"wp","href":"https:\/\/api.w.org\/{rel}","templated":true}]}}