{"id":1758,"date":"2025-08-21T15:10:06","date_gmt":"2025-08-21T13:10:06","guid":{"rendered":"https:\/\/www.actilev.fr\/corporate\/?page_id=1758"},"modified":"2025-09-10T16:06:11","modified_gmt":"2025-09-10T14:06:11","slug":"wne","status":"publish","type":"page","link":"https:\/\/www.actilev.fr\/corporate\/wne\/","title":{"rendered":"WNE"},"content":{"rendered":"\t\t<div data-elementor-type=\"wp-page\" data-elementor-id=\"1758\" class=\"elementor elementor-1758\" data-elementor-post-type=\"page\">\n\t\t\t\t<div class=\"elementor-element elementor-element-12ad84e e-flex e-con-boxed e-con e-parent\" data-id=\"12ad84e\" data-element_type=\"container\">\n\t\t\t\t\t<div class=\"e-con-inner\">\n\t\t<div class=\"elementor-element elementor-element-548be9e e-con-full e-flex e-con e-child\" data-id=\"548be9e\" data-element_type=\"container\">\n\t\t\t\t<div class=\"elementor-element elementor-element-9f35ab8 elementor-widget elementor-widget-image\" data-id=\"9f35ab8\" data-element_type=\"widget\" data-widget_type=\"image.default\">\n\t\t\t\t\t\t\t\t\t\t\t\t\t\t\t\t<a href=\"https:\/\/www.world-nuclear-exhibition.com\/fr-fr.html#\/\" target=\"_blank\">\n\t\t\t\t\t\t\t<img fetchpriority=\"high\" decoding=\"async\" width=\"330\" height=\"153\" src=\"https:\/\/www.actilev.fr\/corporate\/wp-content\/uploads\/2025\/07\/LogoWNE25Dates.png\" class=\"attachment-large size-large wp-image-1654\" alt=\"\" srcset=\"https:\/\/www.actilev.fr\/corporate\/wp-content\/uploads\/2025\/07\/LogoWNE25Dates.png 330w, https:\/\/www.actilev.fr\/corporate\/wp-content\/uploads\/2025\/07\/LogoWNE25Dates-300x139.png 300w\" sizes=\"(max-width: 767px) 100vw, 330px\" \/>\t\t\t\t\t\t\t\t<\/a>\n\t\t\t\t\t\t\t\t\t\t\t\t\t\t\t<\/div>\n\t\t\t\t<\/div>\n\t\t<div class=\"elementor-element elementor-element-f4a84b6 e-con-full e-flex e-con e-child\" data-id=\"f4a84b6\" data-element_type=\"container\">\n\t\t\t\t<div class=\"elementor-element elementor-element-fe02cae elementor-widget elementor-widget-heading\" data-id=\"fe02cae\" data-element_type=\"widget\" data-widget_type=\"heading.default\">\n\t\t\t\t\t<h2 class=\"elementor-heading-title elementor-size-default\"><a href=\"https:\/\/www.world-nuclear-exhibition.com\/fr-fr.html#\/\" target=\"_blank\">Le salon mondial du nucl\u00e9aire civil<\/a><\/h2>\t\t\t\t<\/div>\n\t\t\t\t<\/div>\n\t\t\t\t\t<\/div>\n\t\t\t\t<\/div>\n\t\t<div class=\"elementor-element elementor-element-9199d3a e-flex e-con-boxed e-con e-parent\" data-id=\"9199d3a\" data-element_type=\"container\">\n\t\t\t\t\t<div class=\"e-con-inner\">\n\t\t<div class=\"elementor-element elementor-element-4a45ce8 e-con-full e-flex e-con e-child\" data-id=\"4a45ce8\" data-element_type=\"container\">\n\t\t\t\t<div class=\"elementor-element elementor-element-fbf6265 elementor-widget elementor-widget-text-editor\" data-id=\"fbf6265\" data-element_type=\"widget\" data-widget_type=\"text-editor.default\">\n\t\t\t\t\t\t\t\t\t<h4>Nous exposons au salon WNE les 4-5-6 novembre 2025, retrouvons nous au stand E-123 : <a href=\"https:\/\/www.world-nuclear-exhibition.com\/fr-fr\/exposer-WNE\/exhibitors-list-25\/profil-exposant.actilev%20sas.org-9e98b6ef-300d-4fcd-96af-fb6ea1e76fab.html#\/\">ACTILEV SAS &#8211; Donn\u00e9es Exposants<\/a><\/h4>\t\t\t\t\t\t\t\t<\/div>\n\t\t\t\t<\/div>\n\t\t<div class=\"elementor-element elementor-element-e4cf6e7 e-con-full e-flex e-con e-child\" data-id=\"e4cf6e7\" data-element_type=\"container\">\n\t\t\t\t<div class=\"elementor-element elementor-element-02fec2e elementor-countdown--label-block elementor-widget elementor-widget-countdown\" data-id=\"02fec2e\" data-element_type=\"widget\" data-widget_type=\"countdown.default\">\n\t\t\t\t\t\t\t<div class=\"elementor-countdown-wrapper\" data-date=\"1762254000\">\n\t\t\t<div class=\"elementor-countdown-item\"><span class=\"elementor-countdown-digits elementor-countdown-days\"><\/span> <span class=\"elementor-countdown-label\">Jours<\/span><\/div><div class=\"elementor-countdown-item\"><span class=\"elementor-countdown-digits elementor-countdown-hours\"><\/span> <span class=\"elementor-countdown-label\">Heures<\/span><\/div><div class=\"elementor-countdown-item\"><span class=\"elementor-countdown-digits elementor-countdown-minutes\"><\/span> <span class=\"elementor-countdown-label\">Minutes<\/span><\/div><div class=\"elementor-countdown-item\"><span class=\"elementor-countdown-digits elementor-countdown-seconds\"><\/span> <span class=\"elementor-countdown-label\">Secondes<\/span><\/div>\t\t<\/div>\n\t\t\t\t\t\t<\/div>\n\t\t\t\t<\/div>\n\t\t\t\t\t<\/div>\n\t\t\t\t<\/div>\n\t\t<div class=\"elementor-element elementor-element-4c5c226 e-flex e-con-boxed e-con e-parent\" data-id=\"4c5c226\" data-element_type=\"container\">\n\t\t\t\t\t<div class=\"e-con-inner\">\n\t\t\t\t<div class=\"elementor-element elementor-element-4460cf5 elementor-widget elementor-widget-image\" data-id=\"4460cf5\" data-element_type=\"widget\" data-widget_type=\"image.default\">\n\t\t\t\t\t\t\t\t\t\t\t\t\t\t\t<img decoding=\"async\" width=\"525\" height=\"113\" src=\"https:\/\/www.actilev.fr\/corporate\/wp-content\/uploads\/2025\/09\/salon-wne.png\" class=\"attachment-large size-large wp-image-1901\" alt=\"\" srcset=\"https:\/\/www.actilev.fr\/corporate\/wp-content\/uploads\/2025\/09\/salon-wne.png 840w, https:\/\/www.actilev.fr\/corporate\/wp-content\/uploads\/2025\/09\/salon-wne-300x64.png 300w, https:\/\/www.actilev.fr\/corporate\/wp-content\/uploads\/2025\/09\/salon-wne-768x165.png 768w, https:\/\/www.actilev.fr\/corporate\/wp-content\/uploads\/2025\/09\/salon-wne-760x163.png 760w, https:\/\/www.actilev.fr\/corporate\/wp-content\/uploads\/2025\/09\/salon-wne-370x79.png 370w\" sizes=\"(max-width: 767px) 100vw, 525px\" \/>\t\t\t\t\t\t\t\t\t\t\t\t\t\t\t<\/div>\n\t\t\t\t\t<\/div>\n\t\t\t\t<\/div>\n\t\t<div class=\"elementor-element elementor-element-e896ba9 e-flex e-con-boxed e-con e-parent\" data-id=\"e896ba9\" data-element_type=\"container\">\n\t\t\t\t\t<div class=\"e-con-inner\">\n\t\t\t\t<div class=\"elementor-element elementor-element-85825b4 elementor-widget elementor-widget-text-editor\" data-id=\"85825b4\" data-element_type=\"widget\" data-widget_type=\"text-editor.default\">\n\t\t\t\t\t\t\t\t\t<p>Le <strong>WNE (World Nuclear Exhibition)<\/strong> est le rendez-vous international incontournable de la fili\u00e8re nucl\u00e9aire civile. Organis\u00e9 tous les deux ans \u00e0 Paris Nord Villepinte, cet \u00e9v\u00e9nement rassemble l\u2019ensemble des acteurs majeurs du secteur : industriels, institutions, start-ups, experts et d\u00e9cideurs du monde entier.<\/p>\n<h4 class=\"mb-2 mt-4 text-base font-[475] first:mt-0 dark:font-[450]\">Les missions du salon :<\/h4>\n<ul class=\"marker:text-quiet list-disc\">\n<li class=\"py-0 my-0 prose-p:pt-0 prose-p:mb-2 prose-p:my-0 [&amp;&gt;p]:pt-0 [&amp;&gt;p]:mb-2 [&amp;&gt;p]:my-0\">\n<p class=\"my-2 [&amp;+p]:mt-4 [&amp;_strong:has(+br)]:inline-block [&amp;_strong:has(+br)]:pb-2\"><strong>F\u00e9d\u00e9rer la communaut\u00e9 nucl\u00e9aire mondiale<\/strong> autour des enjeux d\u2019innovation, de s\u00fbret\u00e9, de transition \u00e9nerg\u00e9tique et de d\u00e9veloppement durable.<\/p>\n<\/li>\n<li class=\"py-0 my-0 prose-p:pt-0 prose-p:mb-2 prose-p:my-0 [&amp;&gt;p]:pt-0 [&amp;&gt;p]:mb-2 [&amp;&gt;p]:my-0\">\n<p class=\"my-2 [&amp;+p]:mt-4 [&amp;_strong:has(+br)]:inline-block [&amp;_strong:has(+br)]:pb-2\"><strong>Encourager les \u00e9changes et partenariats<\/strong> entre entreprises, organismes de recherche et institutions.<\/p>\n<\/li>\n<li class=\"py-0 my-0 prose-p:pt-0 prose-p:mb-2 prose-p:my-0 [&amp;&gt;p]:pt-0 [&amp;&gt;p]:mb-2 [&amp;&gt;p]:my-0\">\n<p class=\"my-2 [&amp;+p]:mt-4 [&amp;_strong:has(+br)]:inline-block [&amp;_strong:has(+br)]:pb-2\"><strong>Valoriser l\u2019excellence industrielle<\/strong> \u00e0 travers des conf\u00e9rences, remises de prix (Innovation Awards), et animations d\u00e9di\u00e9es au partage des meilleures pratiques et innovations du secteur.<\/p>\n<\/li>\n<\/ul>\n<h4 class=\"mb-2 mt-4 text-base font-[475] first:mt-0 dark:font-[450]\">Les valeurs port\u00e9es par WNE :<\/h4>\n<ul class=\"marker:text-quiet list-disc\">\n<li class=\"py-0 my-0 prose-p:pt-0 prose-p:mb-2 prose-p:my-0 [&amp;&gt;p]:pt-0 [&amp;&gt;p]:mb-2 [&amp;&gt;p]:my-0\">\n<p class=\"my-2 [&amp;+p]:mt-4 [&amp;_strong:has(+br)]:inline-block [&amp;_strong:has(+br)]:pb-2\"><strong>Innovation<\/strong> : soutenir l\u2019\u00e9mergence de nouvelles solutions technologiques pour l\u2019avenir de l\u2019\u00e9nergie.<\/p>\n<\/li>\n<li class=\"py-0 my-0 prose-p:pt-0 prose-p:mb-2 prose-p:my-0 [&amp;&gt;p]:pt-0 [&amp;&gt;p]:mb-2 [&amp;&gt;p]:my-0\">\n<p class=\"my-2 [&amp;+p]:mt-4 [&amp;_strong:has(+br)]:inline-block [&amp;_strong:has(+br)]:pb-2\"><strong>Ouverture et diversit\u00e9<\/strong> : favoriser la rencontre entre acteurs fran\u00e7ais et internationaux, dans un environnement inclusif et propice \u00e0 la coop\u00e9ration.<\/p>\n<\/li>\n<li class=\"py-0 my-0 prose-p:pt-0 prose-p:mb-2 prose-p:my-0 [&amp;&gt;p]:pt-0 [&amp;&gt;p]:mb-2 [&amp;&gt;p]:my-0\">\n<p class=\"my-2 [&amp;+p]:mt-4 [&amp;_strong:has(+br)]:inline-block [&amp;_strong:has(+br)]:pb-2\"><strong>Engagement<\/strong> dans la d\u00e9carbonation, la s\u00e9curit\u00e9 et la performance du secteur nucl\u00e9aire.<\/p>\n<\/li>\n<\/ul>\n<p class=\"my-2 [&amp;+p]:mt-4 [&amp;_strong:has(+br)]:inline-block [&amp;_strong:has(+br)]:pb-2\">Le salon <strong>WNE<\/strong> r\u00e9unit chaque \u00e9dition plus de <strong>700 entreprises exposantes<\/strong> de pr\u00e8s de 90 pays, pr\u00e8s de <strong>20 000 participants professionnels<\/strong>, et propose des programmes d\u00e9di\u00e9s \u00e0 l\u2019emploi, \u00e0 la valorisation des talents, \u00e0 la d\u00e9couverte des start-ups et \u00e0 la mise en lumi\u00e8re de la fili\u00e8re dans toute sa diversit\u00e9.<\/p>\n<p class=\"my-2 [&amp;+p]:mt-4 [&amp;_strong:has(+br)]:inline-block [&amp;_strong:has(+br)]:pb-2\"><strong>Actilev SAS<\/strong> est pr\u00e9sent aux c\u00f4t\u00e9s des acteurs majeurs du secteur, d\u00e9montrant son engagement, son savoir-faire et sa volont\u00e9 de contribuer activement \u00e0 l\u2019excellence et \u00e0 l\u2019innovation de la fili\u00e8re nucl\u00e9aire, en France et \u00e0 l\u2019international.<\/p>\n<p class=\"my-2 [&amp;+p]:mt-4 [&amp;_strong:has(+br)]:inline-block [&amp;_strong:has(+br)]:pb-2\"><img decoding=\"async\" draggable=\"false\" role=\"img\" class=\"emoji\" alt=\"\ud83d\udc49\" src=\"https:\/\/s.w.org\/images\/core\/emoji\/16.0.1\/svg\/1f449.svg\"> Pour plus d\u2019informations sur le salon et les prochaines \u00e9ditions, rendez-vous sur le site officiel du WNE :<br><strong><a class=\"break-word hover:text-super hover:decoration-super underline decoration-from-font underline-offset-1 transition-all duration-300\" href=\"https:\/\/www.world-nuclear-exhibition.com\/fr-fr.html\" target=\"_blank\" rel=\"nofollow noopener\">Lien vers le site du World Nuclear Exhibition<\/a><\/strong><\/p>\t\t\t\t\t\t\t\t<\/div>\n\t\t\t\t\t<\/div>\n\t\t\t\t<\/div>\n\t\t\t\t<\/div>\n\t\t","protected":false},"excerpt":{"rendered":"<p>Le salon mondial du nucl\u00e9aire civil Nous exposons au salon WNE les 4-5-6 novembre 2025, retrouvons nous au stand E-123 : ACTILEV SAS &#8211; Donn\u00e9es Exposants Jours Heures Minutes Secondes Le WNE (World Nuclear Exhibition) est le rendez-vous international incontournable de la fili\u00e8re nucl\u00e9aire civile. Organis\u00e9 tous les deux ans \u00e0 Paris Nord Villepinte, cet [&hellip;]<\/p>\n","protected":false},"author":3,"featured_media":0,"parent":0,"menu_order":0,"comment_status":"closed","ping_status":"closed","template":"","meta":{"footnotes":""},"class_list":["post-1758","page","type-page","status-publish","hentry"],"yoast_head":"<!-- This site is optimized with the Yoast SEO plugin v26.5 - https:\/\/yoast.com\/wordpress\/plugins\/seo\/ -->\n<title>WNE - Actilev Corporate<\/title>\n<meta name=\"robots\" content=\"index, follow, max-snippet:-1, max-image-preview:large, max-video-preview:-1\" \/>\n<link rel=\"canonical\" href=\"https:\/\/www.actilev.fr\/corporate\/wne\/\" \/>\n<meta property=\"og:locale\" content=\"fr_FR\" \/>\n<meta property=\"og:type\" content=\"article\" \/>\n<meta property=\"og:title\" content=\"WNE - Actilev Corporate\" \/>\n<meta property=\"og:description\" content=\"Le salon mondial du nucl\u00e9aire civil Nous exposons au salon WNE les 4-5-6 novembre 2025, retrouvons nous au stand E-123 : ACTILEV SAS &#8211; Donn\u00e9es Exposants Jours Heures Minutes Secondes Le WNE (World Nuclear Exhibition) est le rendez-vous international incontournable de la fili\u00e8re nucl\u00e9aire civile. Organis\u00e9 tous les deux ans \u00e0 Paris Nord Villepinte, cet [&hellip;]\" \/>\n<meta property=\"og:url\" content=\"https:\/\/www.actilev.fr\/corporate\/wne\/\" \/>\n<meta property=\"og:site_name\" content=\"Actilev Corporate\" \/>\n<meta property=\"article:modified_time\" content=\"2025-09-10T14:06:11+00:00\" \/>\n<meta property=\"og:image\" content=\"https:\/\/www.actilev.fr\/corporate\/wp-content\/uploads\/2025\/07\/LogoWNE25Dates.png\" \/>\n\t<meta property=\"og:image:width\" content=\"330\" \/>\n\t<meta property=\"og:image:height\" content=\"153\" \/>\n\t<meta property=\"og:image:type\" content=\"image\/png\" \/>\n<meta name=\"twitter:card\" content=\"summary_large_image\" \/>\n<meta name=\"twitter:label1\" content=\"Dur\u00e9e de lecture estim\u00e9e\" \/>\n\t<meta name=\"twitter:data1\" content=\"2 minutes\" \/>\n<script type=\"application\/ld+json\" class=\"yoast-schema-graph\">{\"@context\":\"https:\/\/schema.org\",\"@graph\":[{\"@type\":\"WebPage\",\"@id\":\"https:\/\/www.actilev.fr\/corporate\/wne\/\",\"url\":\"https:\/\/www.actilev.fr\/corporate\/wne\/\",\"name\":\"WNE - Actilev Corporate\",\"isPartOf\":{\"@id\":\"https:\/\/www.actilev.fr\/corporate\/#website\"},\"primaryImageOfPage\":{\"@id\":\"https:\/\/www.actilev.fr\/corporate\/wne\/#primaryimage\"},\"image\":{\"@id\":\"https:\/\/www.actilev.fr\/corporate\/wne\/#primaryimage\"},\"thumbnailUrl\":\"https:\/\/www.actilev.fr\/corporate\/wp-content\/uploads\/2025\/07\/LogoWNE25Dates.png\",\"datePublished\":\"2025-08-21T13:10:06+00:00\",\"dateModified\":\"2025-09-10T14:06:11+00:00\",\"breadcrumb\":{\"@id\":\"https:\/\/www.actilev.fr\/corporate\/wne\/#breadcrumb\"},\"inLanguage\":\"fr-FR\",\"potentialAction\":[{\"@type\":\"ReadAction\",\"target\":[\"https:\/\/www.actilev.fr\/corporate\/wne\/\"]}]},{\"@type\":\"ImageObject\",\"inLanguage\":\"fr-FR\",\"@id\":\"https:\/\/www.actilev.fr\/corporate\/wne\/#primaryimage\",\"url\":\"https:\/\/www.actilev.fr\/corporate\/wp-content\/uploads\/2025\/07\/LogoWNE25Dates.png\",\"contentUrl\":\"https:\/\/www.actilev.fr\/corporate\/wp-content\/uploads\/2025\/07\/LogoWNE25Dates.png\",\"width\":330,\"height\":153},{\"@type\":\"BreadcrumbList\",\"@id\":\"https:\/\/www.actilev.fr\/corporate\/wne\/#breadcrumb\",\"itemListElement\":[{\"@type\":\"ListItem\",\"position\":1,\"name\":\"Accueil\",\"item\":\"https:\/\/www.actilev.fr\/corporate\/\"},{\"@type\":\"ListItem\",\"position\":2,\"name\":\"WNE\"}]},{\"@type\":\"WebSite\",\"@id\":\"https:\/\/www.actilev.fr\/corporate\/#website\",\"url\":\"https:\/\/www.actilev.fr\/corporate\/\",\"name\":\"Actilev Corporate\",\"description\":\"\",\"publisher\":{\"@id\":\"https:\/\/www.actilev.fr\/corporate\/#organization\"},\"potentialAction\":[{\"@type\":\"SearchAction\",\"target\":{\"@type\":\"EntryPoint\",\"urlTemplate\":\"https:\/\/www.actilev.fr\/corporate\/?s={search_term_string}\"},\"query-input\":{\"@type\":\"PropertyValueSpecification\",\"valueRequired\":true,\"valueName\":\"search_term_string\"}}],\"inLanguage\":\"fr-FR\"},{\"@type\":\"Organization\",\"@id\":\"https:\/\/www.actilev.fr\/corporate\/#organization\",\"name\":\"Actilev Corporate\",\"url\":\"https:\/\/www.actilev.fr\/corporate\/\",\"logo\":{\"@type\":\"ImageObject\",\"inLanguage\":\"fr-FR\",\"@id\":\"https:\/\/www.actilev.fr\/corporate\/#\/schema\/logo\/image\/\",\"url\":\"https:\/\/www.actilev.fr\/corporate\/wp-content\/uploads\/2025\/07\/logo-1698857763.jpg\",\"contentUrl\":\"https:\/\/www.actilev.fr\/corporate\/wp-content\/uploads\/2025\/07\/logo-1698857763.jpg\",\"width\":419,\"height\":120,\"caption\":\"Actilev Corporate\"},\"image\":{\"@id\":\"https:\/\/www.actilev.fr\/corporate\/#\/schema\/logo\/image\/\"}}]}<\/script>\n<!-- \/ Yoast SEO plugin. -->","yoast_head_json":{"title":"WNE - Actilev Corporate","robots":{"index":"index","follow":"follow","max-snippet":"max-snippet:-1","max-image-preview":"max-image-preview:large","max-video-preview":"max-video-preview:-1"},"canonical":"https:\/\/www.actilev.fr\/corporate\/wne\/","og_locale":"fr_FR","og_type":"article","og_title":"WNE - Actilev Corporate","og_description":"Le salon mondial du nucl\u00e9aire civil Nous exposons au salon WNE les 4-5-6 novembre 2025, retrouvons nous au stand E-123 : ACTILEV SAS &#8211; Donn\u00e9es Exposants Jours Heures Minutes Secondes Le WNE (World Nuclear Exhibition) est le rendez-vous international incontournable de la fili\u00e8re nucl\u00e9aire civile. Organis\u00e9 tous les deux ans \u00e0 Paris Nord Villepinte, cet [&hellip;]","og_url":"https:\/\/www.actilev.fr\/corporate\/wne\/","og_site_name":"Actilev Corporate","article_modified_time":"2025-09-10T14:06:11+00:00","og_image":[{"width":330,"height":153,"url":"https:\/\/www.actilev.fr\/corporate\/wp-content\/uploads\/2025\/07\/LogoWNE25Dates.png","type":"image\/png"}],"twitter_card":"summary_large_image","twitter_misc":{"Dur\u00e9e de lecture estim\u00e9e":"2 minutes"},"schema":{"@context":"https:\/\/schema.org","@graph":[{"@type":"WebPage","@id":"https:\/\/www.actilev.fr\/corporate\/wne\/","url":"https:\/\/www.actilev.fr\/corporate\/wne\/","name":"WNE - Actilev Corporate","isPartOf":{"@id":"https:\/\/www.actilev.fr\/corporate\/#website"},"primaryImageOfPage":{"@id":"https:\/\/www.actilev.fr\/corporate\/wne\/#primaryimage"},"image":{"@id":"https:\/\/www.actilev.fr\/corporate\/wne\/#primaryimage"},"thumbnailUrl":"https:\/\/www.actilev.fr\/corporate\/wp-content\/uploads\/2025\/07\/LogoWNE25Dates.png","datePublished":"2025-08-21T13:10:06+00:00","dateModified":"2025-09-10T14:06:11+00:00","breadcrumb":{"@id":"https:\/\/www.actilev.fr\/corporate\/wne\/#breadcrumb"},"inLanguage":"fr-FR","potentialAction":[{"@type":"ReadAction","target":["https:\/\/www.actilev.fr\/corporate\/wne\/"]}]},{"@type":"ImageObject","inLanguage":"fr-FR","@id":"https:\/\/www.actilev.fr\/corporate\/wne\/#primaryimage","url":"https:\/\/www.actilev.fr\/corporate\/wp-content\/uploads\/2025\/07\/LogoWNE25Dates.png","contentUrl":"https:\/\/www.actilev.fr\/corporate\/wp-content\/uploads\/2025\/07\/LogoWNE25Dates.png","width":330,"height":153},{"@type":"BreadcrumbList","@id":"https:\/\/www.actilev.fr\/corporate\/wne\/#breadcrumb","itemListElement":[{"@type":"ListItem","position":1,"name":"Accueil","item":"https:\/\/www.actilev.fr\/corporate\/"},{"@type":"ListItem","position":2,"name":"WNE"}]},{"@type":"WebSite","@id":"https:\/\/www.actilev.fr\/corporate\/#website","url":"https:\/\/www.actilev.fr\/corporate\/","name":"Actilev Corporate","description":"","publisher":{"@id":"https:\/\/www.actilev.fr\/corporate\/#organization"},"potentialAction":[{"@type":"SearchAction","target":{"@type":"EntryPoint","urlTemplate":"https:\/\/www.actilev.fr\/corporate\/?s={search_term_string}"},"query-input":{"@type":"PropertyValueSpecification","valueRequired":true,"valueName":"search_term_string"}}],"inLanguage":"fr-FR"},{"@type":"Organization","@id":"https:\/\/www.actilev.fr\/corporate\/#organization","name":"Actilev Corporate","url":"https:\/\/www.actilev.fr\/corporate\/","logo":{"@type":"ImageObject","inLanguage":"fr-FR","@id":"https:\/\/www.actilev.fr\/corporate\/#\/schema\/logo\/image\/","url":"https:\/\/www.actilev.fr\/corporate\/wp-content\/uploads\/2025\/07\/logo-1698857763.jpg","contentUrl":"https:\/\/www.actilev.fr\/corporate\/wp-content\/uploads\/2025\/07\/logo-1698857763.jpg","width":419,"height":120,"caption":"Actilev Corporate"},"image":{"@id":"https:\/\/www.actilev.fr\/corporate\/#\/schema\/logo\/image\/"}}]}},"_links":{"self":[{"href":"https:\/\/www.actilev.fr\/corporate\/wp-json\/wp\/v2\/pages\/1758","targetHints":{"allow":["GET"]}}],"collection":[{"href":"https:\/\/www.actilev.fr\/corporate\/wp-json\/wp\/v2\/pages"}],"about":[{"href":"https:\/\/www.actilev.fr\/corporate\/wp-json\/wp\/v2\/types\/page"}],"author":[{"embeddable":true,"href":"https:\/\/www.actilev.fr\/corporate\/wp-json\/wp\/v2\/users\/3"}],"replies":[{"embeddable":true,"href":"https:\/\/www.actilev.fr\/corporate\/wp-json\/wp\/v2\/comments?post=1758"}],"version-history":[{"count":19,"href":"https:\/\/www.actilev.fr\/corporate\/wp-json\/wp\/v2\/pages\/1758\/revisions"}],"predecessor-version":[{"id":1977,"href":"https:\/\/www.actilev.fr\/corporate\/wp-json\/wp\/v2\/pages\/1758\/revisions\/1977"}],"wp:attachment":[{"href":"https:\/\/www.actilev.fr\/corporate\/wp-json\/wp\/v2\/media?parent=1758"}],"curies":[{"name":"wp","href":"https:\/\/api.w.org\/{rel}","templated":true}]}}