{"id":1737,"date":"2025-08-21T15:01:24","date_gmt":"2025-08-21T13:01:24","guid":{"rendered":"https:\/\/www.actilev.fr\/corporate\/?page_id=1737"},"modified":"2025-09-05T11:49:38","modified_gmt":"2025-09-05T09:49:38","slug":"peren","status":"publish","type":"page","link":"https:\/\/www.actilev.fr\/corporate\/peren\/","title":{"rendered":"PEREN"},"content":{"rendered":"\t\t<div data-elementor-type=\"wp-page\" data-elementor-id=\"1737\" class=\"elementor elementor-1737\" data-elementor-post-type=\"page\">\n\t\t\t\t<div class=\"elementor-element elementor-element-a9dfd94 e-flex e-con-boxed e-con e-parent\" data-id=\"a9dfd94\" data-element_type=\"container\">\n\t\t\t\t\t<div class=\"e-con-inner\">\n\t\t<div class=\"elementor-element elementor-element-074633e e-con-full e-flex e-con e-child\" data-id=\"074633e\" data-element_type=\"container\">\n\t\t\t\t<div class=\"elementor-element elementor-element-431e40a elementor-widget elementor-widget-image\" data-id=\"431e40a\" data-element_type=\"widget\" data-widget_type=\"image.default\">\n\t\t\t\t\t\t\t\t\t\t\t\t\t\t\t\t<a href=\"https:\/\/www.peren-nucleaire.com\/\" target=\"_blank\">\n\t\t\t\t\t\t\t<img fetchpriority=\"high\" decoding=\"async\" width=\"330\" height=\"153\" src=\"https:\/\/www.actilev.fr\/corporate\/wp-content\/uploads\/2025\/08\/peren-1.jpg\" class=\"attachment-large size-large wp-image-1786\" alt=\"\" srcset=\"https:\/\/www.actilev.fr\/corporate\/wp-content\/uploads\/2025\/08\/peren-1.jpg 330w, https:\/\/www.actilev.fr\/corporate\/wp-content\/uploads\/2025\/08\/peren-1-300x139.jpg 300w\" sizes=\"(max-width: 767px) 100vw, 330px\" \/>\t\t\t\t\t\t\t\t<\/a>\n\t\t\t\t\t\t\t\t\t\t\t\t\t\t\t<\/div>\n\t\t\t\t<\/div>\n\t\t<div class=\"elementor-element elementor-element-37a72d3 e-con-full e-flex e-con e-child\" data-id=\"37a72d3\" data-element_type=\"container\">\n\t\t\t\t<div class=\"elementor-element elementor-element-fc47570 elementor-widget elementor-widget-heading\" data-id=\"fc47570\" data-element_type=\"widget\" data-widget_type=\"heading.default\">\n\t\t\t\t\t<h2 class=\"elementor-heading-title elementor-size-default\"><a href=\"https:\/\/www.peren-nucleaire.com\/\" target=\"_blank\">Membre de l'association PEREN<\/a><\/h2>\t\t\t\t<\/div>\n\t\t\t\t<\/div>\n\t\t\t\t\t<\/div>\n\t\t\t\t<\/div>\n\t\t<div class=\"elementor-element elementor-element-2a25a95 e-flex e-con-boxed e-con e-parent\" data-id=\"2a25a95\" data-element_type=\"container\">\n\t\t\t\t\t<div class=\"e-con-inner\">\n\t\t\t\t<div class=\"elementor-element elementor-element-7cc8c69 elementor-widget elementor-widget-text-editor\" data-id=\"7cc8c69\" data-element_type=\"widget\" data-widget_type=\"text-editor.default\">\n\t\t\t\t\t\t\t\t\t<h4 class=\"mb-2 mt-4 text-base font-[475] first:mt-0 dark:font-[450]\">PEREN (Partenaire du D\u00e9veloppement des Comp\u00e9tences pour la Fili\u00e8re Nucl\u00e9aire)<\/h4><p class=\"my-2 [&amp;+p]:mt-4 [&amp;_strong:has(+br)]:inline-block [&amp;_strong:has(+br)]:pb-2\">Cr\u00e9\u00e9e en 2004, l\u2019association <strong>PEREN<\/strong> rassemble et accompagne les entreprises prestataires du secteur nucl\u00e9aire, avec une vocation forte : <strong>promouvoir l\u2019emploi et assurer le renouvellement des comp\u00e9tences<\/strong> dans la fili\u00e8re.<\/p><p class=\"my-2 [&amp;+p]:mt-4 [&amp;_strong:has(+br)]:inline-block [&amp;_strong:has(+br)]:pb-2\">D\u2019abord d\u00e9di\u00e9e \u00e0 faciliter la mont\u00e9e en comp\u00e9tences des entreprises de maintenance et de logistique intervenant dans le nucl\u00e9aire, <strong>PEREN<\/strong> a \u00e9largi ses missions d\u00e8s 2010 pour proposer \u00e9galement un appui-conseil sur les th\u00e9matiques QHSE (Qualit\u00e9, Hygi\u00e8ne, S\u00e9curit\u00e9, Environnement).<\/p><h4 class=\"mb-2 mt-4 text-base font-[475] first:mt-0 dark:font-[450]\">Ses missions principales :<\/h4><ul class=\"marker:text-quiet list-disc\"><li class=\"py-0 my-0 prose-p:pt-0 prose-p:mb-2 prose-p:my-0 [&amp;&gt;p]:pt-0 [&amp;&gt;p]:mb-2 [&amp;&gt;p]:my-0\"><p class=\"my-2 [&amp;+p]:mt-4 [&amp;_strong:has(+br)]:inline-block [&amp;_strong:has(+br)]:pb-2\"><strong>Soutenir l\u2019emploi<\/strong> et l\u2019int\u00e9gration des nouveaux talents au sein des entreprises de la fili\u00e8re.<\/p><\/li><li class=\"py-0 my-0 prose-p:pt-0 prose-p:mb-2 prose-p:my-0 [&amp;&gt;p]:pt-0 [&amp;&gt;p]:mb-2 [&amp;&gt;p]:my-0\"><p class=\"my-2 [&amp;+p]:mt-4 [&amp;_strong:has(+br)]:inline-block [&amp;_strong:has(+br)]:pb-2\"><strong>Accompagner le d\u00e9veloppement des comp\u00e9tences<\/strong> \u00e0 travers des actions de formation, de conseil et de mise en r\u00e9seau.<\/p><\/li><li class=\"py-0 my-0 prose-p:pt-0 prose-p:mb-2 prose-p:my-0 [&amp;&gt;p]:pt-0 [&amp;&gt;p]:mb-2 [&amp;&gt;p]:my-0\"><p class=\"my-2 [&amp;+p]:mt-4 [&amp;_strong:has(+br)]:inline-block [&amp;_strong:has(+br)]:pb-2\"><strong>Contribuer \u00e0 la professionnalisation et \u00e0 la qualit\u00e9 des interventions<\/strong> dans le secteur.<\/p><\/li><li class=\"py-0 my-0 prose-p:pt-0 prose-p:mb-2 prose-p:my-0 [&amp;&gt;p]:pt-0 [&amp;&gt;p]:mb-2 [&amp;&gt;p]:my-0\"><p class=\"my-2 [&amp;+p]:mt-4 [&amp;_strong:has(+br)]:inline-block [&amp;_strong:has(+br)]:pb-2\"><strong>Promouvoir la s\u00e9curit\u00e9 au travail<\/strong> et les bonnes pratiques, \u00e0 travers un accompagnement sur les enjeux QHSE.<\/p><\/li><\/ul><h4 class=\"mb-2 mt-4 text-base font-[475] first:mt-0 dark:font-[450]\">Valeurs de PEREN :<\/h4><ul class=\"marker:text-quiet list-disc\"><li class=\"py-0 my-0 prose-p:pt-0 prose-p:mb-2 prose-p:my-0 [&amp;&gt;p]:pt-0 [&amp;&gt;p]:mb-2 [&amp;&gt;p]:my-0\"><p class=\"my-2 [&amp;+p]:mt-4 [&amp;_strong:has(+br)]:inline-block [&amp;_strong:has(+br)]:pb-2\"><strong>Engagement<\/strong> pour la fili\u00e8re, ses entreprises et ses salari\u00e9s.<\/p><\/li><li class=\"py-0 my-0 prose-p:pt-0 prose-p:mb-2 prose-p:my-0 [&amp;&gt;p]:pt-0 [&amp;&gt;p]:mb-2 [&amp;&gt;p]:my-0\"><p class=\"my-2 [&amp;+p]:mt-4 [&amp;_strong:has(+br)]:inline-block [&amp;_strong:has(+br)]:pb-2\"><strong>Innovation p\u00e9dagogique<\/strong> et adaptation continue aux \u00e9volutions du secteur nucl\u00e9aire.<\/p><\/li><li class=\"py-0 my-0 prose-p:pt-0 prose-p:mb-2 prose-p:my-0 [&amp;&gt;p]:pt-0 [&amp;&gt;p]:mb-2 [&amp;&gt;p]:my-0\"><p class=\"my-2 [&amp;+p]:mt-4 [&amp;_strong:has(+br)]:inline-block [&amp;_strong:has(+br)]:pb-2\"><strong>Qualit\u00e9 et s\u00e9curit\u00e9<\/strong> comme priorit\u00e9s absolues des actions men\u00e9es.<\/p><\/li><li class=\"py-0 my-0 prose-p:pt-0 prose-p:mb-2 prose-p:my-0 [&amp;&gt;p]:pt-0 [&amp;&gt;p]:mb-2 [&amp;&gt;p]:my-0\"><p class=\"my-2 [&amp;+p]:mt-4 [&amp;_strong:has(+br)]:inline-block [&amp;_strong:has(+br)]:pb-2\"><strong>Collaboration<\/strong> : favoriser une dynamique collective pour porter la fili\u00e8re vers l\u2019avenir.<\/p><\/li><\/ul><p class=\"my-2 [&amp;+p]:mt-4 [&amp;_strong:has(+br)]:inline-block [&amp;_strong:has(+br)]:pb-2\"><strong>Actilev SAS<\/strong> est membre de <strong>PEREN<\/strong>, participant activement \u00e0 cette d\u00e9marche collaborative tourn\u00e9e vers la valorisation des hommes et des femmes du nucl\u00e9aire, le d\u00e9veloppement des comp\u00e9tences et la performance collective.<\/p><p>\u00a0<\/p><h4>Pourquoi Actilev s\u2019engage avec PEREN<\/h4><p>En tant que membre de l\u2019association PEREN (Partenaire du D\u00e9veloppement des Comp\u00e9tences pour la Fili\u00e8re Nucl\u00e9aire), Actilev participe activement \u00e0 la mont\u00e9e en comp\u00e9tences du secteur, notamment autour des th\u00e9matiques QHSE, de la formation et de la professionnalisation.<\/p><p>Pour Actilev, cette implication se traduit par un renforcement interne de nos comp\u00e9tences, l\u2019int\u00e9gration de nouveaux talents form\u00e9s aux standards du nucl\u00e9aire, et un partage constant de bonnes pratiques avec les acteurs de la fili\u00e8re.<\/p><p>Pour nos clients, cela signifie des solutions encore plus fiables, s\u00fbres et conformes, port\u00e9es par une \u00e9quipe hautement qualifi\u00e9e, engag\u00e9e dans une d\u00e9marche collective et structur\u00e9e pour la performance et la s\u00e9curit\u00e9 du nucl\u00e9aire.<\/p><p>\u00a0<\/p><p class=\"my-2 [&amp;+p]:mt-4 [&amp;_strong:has(+br)]:inline-block [&amp;_strong:has(+br)]:pb-2\"><img decoding=\"async\" class=\"emoji\" role=\"img\" draggable=\"false\" src=\"https:\/\/s.w.org\/images\/core\/emoji\/16.0.1\/svg\/1f449.svg\" alt=\"\ud83d\udc49\" \/> Pour en savoir plus, consultez le site officiel de PEREN :<br \/><strong><a class=\"break-word hover:text-super hover:decoration-super underline decoration-from-font underline-offset-1 transition-all duration-300\" href=\"https:\/\/www.peren-nucleaire.com\/\" target=\"_blank\" rel=\"nofollow noopener\">Lien vers le site de l&rsquo;association PEREN<\/a><\/strong><\/p>\t\t\t\t\t\t\t\t<\/div>\n\t\t\t\t\t<\/div>\n\t\t\t\t<\/div>\n\t\t\t\t<\/div>\n\t\t","protected":false},"excerpt":{"rendered":"<p>Membre de l&rsquo;association PEREN PEREN (Partenaire du D\u00e9veloppement des Comp\u00e9tences pour la Fili\u00e8re Nucl\u00e9aire) Cr\u00e9\u00e9e en 2004, l\u2019association PEREN rassemble et accompagne les entreprises prestataires du secteur nucl\u00e9aire, avec une vocation forte : promouvoir l\u2019emploi et assurer le renouvellement des comp\u00e9tences dans la fili\u00e8re. D\u2019abord d\u00e9di\u00e9e \u00e0 faciliter la mont\u00e9e en comp\u00e9tences des entreprises de [&hellip;]<\/p>\n","protected":false},"author":3,"featured_media":0,"parent":0,"menu_order":0,"comment_status":"closed","ping_status":"closed","template":"","meta":{"footnotes":""},"class_list":["post-1737","page","type-page","status-publish","hentry"],"yoast_head":"<!-- This site is optimized with the Yoast SEO plugin v26.5 - https:\/\/yoast.com\/wordpress\/plugins\/seo\/ -->\n<title>PEREN - Actilev Corporate<\/title>\n<meta name=\"robots\" content=\"index, follow, max-snippet:-1, max-image-preview:large, max-video-preview:-1\" \/>\n<link rel=\"canonical\" href=\"https:\/\/www.actilev.fr\/corporate\/peren\/\" \/>\n<meta property=\"og:locale\" content=\"fr_FR\" \/>\n<meta property=\"og:type\" content=\"article\" \/>\n<meta property=\"og:title\" content=\"PEREN - Actilev Corporate\" \/>\n<meta property=\"og:description\" content=\"Membre de l&rsquo;association PEREN PEREN (Partenaire du D\u00e9veloppement des Comp\u00e9tences pour la Fili\u00e8re Nucl\u00e9aire) Cr\u00e9\u00e9e en 2004, l\u2019association PEREN rassemble et accompagne les entreprises prestataires du secteur nucl\u00e9aire, avec une vocation forte : promouvoir l\u2019emploi et assurer le renouvellement des comp\u00e9tences dans la fili\u00e8re. D\u2019abord d\u00e9di\u00e9e \u00e0 faciliter la mont\u00e9e en comp\u00e9tences des entreprises de [&hellip;]\" \/>\n<meta property=\"og:url\" content=\"https:\/\/www.actilev.fr\/corporate\/peren\/\" \/>\n<meta property=\"og:site_name\" content=\"Actilev Corporate\" \/>\n<meta property=\"article:modified_time\" content=\"2025-09-05T09:49:38+00:00\" \/>\n<meta property=\"og:image\" content=\"https:\/\/www.actilev.fr\/corporate\/wp-content\/uploads\/2025\/08\/peren-1.jpg\" \/>\n\t<meta property=\"og:image:width\" content=\"330\" \/>\n\t<meta property=\"og:image:height\" content=\"153\" \/>\n\t<meta property=\"og:image:type\" content=\"image\/jpeg\" \/>\n<meta name=\"twitter:card\" content=\"summary_large_image\" \/>\n<meta name=\"twitter:label1\" content=\"Dur\u00e9e de lecture estim\u00e9e\" \/>\n\t<meta name=\"twitter:data1\" content=\"3 minutes\" \/>\n<script type=\"application\/ld+json\" class=\"yoast-schema-graph\">{\"@context\":\"https:\/\/schema.org\",\"@graph\":[{\"@type\":\"WebPage\",\"@id\":\"https:\/\/www.actilev.fr\/corporate\/peren\/\",\"url\":\"https:\/\/www.actilev.fr\/corporate\/peren\/\",\"name\":\"PEREN - Actilev Corporate\",\"isPartOf\":{\"@id\":\"https:\/\/www.actilev.fr\/corporate\/#website\"},\"primaryImageOfPage\":{\"@id\":\"https:\/\/www.actilev.fr\/corporate\/peren\/#primaryimage\"},\"image\":{\"@id\":\"https:\/\/www.actilev.fr\/corporate\/peren\/#primaryimage\"},\"thumbnailUrl\":\"https:\/\/www.actilev.fr\/corporate\/wp-content\/uploads\/2025\/08\/peren-1.jpg\",\"datePublished\":\"2025-08-21T13:01:24+00:00\",\"dateModified\":\"2025-09-05T09:49:38+00:00\",\"breadcrumb\":{\"@id\":\"https:\/\/www.actilev.fr\/corporate\/peren\/#breadcrumb\"},\"inLanguage\":\"fr-FR\",\"potentialAction\":[{\"@type\":\"ReadAction\",\"target\":[\"https:\/\/www.actilev.fr\/corporate\/peren\/\"]}]},{\"@type\":\"ImageObject\",\"inLanguage\":\"fr-FR\",\"@id\":\"https:\/\/www.actilev.fr\/corporate\/peren\/#primaryimage\",\"url\":\"https:\/\/www.actilev.fr\/corporate\/wp-content\/uploads\/2025\/08\/peren-1.jpg\",\"contentUrl\":\"https:\/\/www.actilev.fr\/corporate\/wp-content\/uploads\/2025\/08\/peren-1.jpg\",\"width\":330,\"height\":153},{\"@type\":\"BreadcrumbList\",\"@id\":\"https:\/\/www.actilev.fr\/corporate\/peren\/#breadcrumb\",\"itemListElement\":[{\"@type\":\"ListItem\",\"position\":1,\"name\":\"Accueil\",\"item\":\"https:\/\/www.actilev.fr\/corporate\/\"},{\"@type\":\"ListItem\",\"position\":2,\"name\":\"PEREN\"}]},{\"@type\":\"WebSite\",\"@id\":\"https:\/\/www.actilev.fr\/corporate\/#website\",\"url\":\"https:\/\/www.actilev.fr\/corporate\/\",\"name\":\"Actilev Corporate\",\"description\":\"\",\"publisher\":{\"@id\":\"https:\/\/www.actilev.fr\/corporate\/#organization\"},\"potentialAction\":[{\"@type\":\"SearchAction\",\"target\":{\"@type\":\"EntryPoint\",\"urlTemplate\":\"https:\/\/www.actilev.fr\/corporate\/?s={search_term_string}\"},\"query-input\":{\"@type\":\"PropertyValueSpecification\",\"valueRequired\":true,\"valueName\":\"search_term_string\"}}],\"inLanguage\":\"fr-FR\"},{\"@type\":\"Organization\",\"@id\":\"https:\/\/www.actilev.fr\/corporate\/#organization\",\"name\":\"Actilev Corporate\",\"url\":\"https:\/\/www.actilev.fr\/corporate\/\",\"logo\":{\"@type\":\"ImageObject\",\"inLanguage\":\"fr-FR\",\"@id\":\"https:\/\/www.actilev.fr\/corporate\/#\/schema\/logo\/image\/\",\"url\":\"https:\/\/www.actilev.fr\/corporate\/wp-content\/uploads\/2025\/07\/logo-1698857763.jpg\",\"contentUrl\":\"https:\/\/www.actilev.fr\/corporate\/wp-content\/uploads\/2025\/07\/logo-1698857763.jpg\",\"width\":419,\"height\":120,\"caption\":\"Actilev Corporate\"},\"image\":{\"@id\":\"https:\/\/www.actilev.fr\/corporate\/#\/schema\/logo\/image\/\"}}]}<\/script>\n<!-- \/ Yoast SEO plugin. -->","yoast_head_json":{"title":"PEREN - Actilev Corporate","robots":{"index":"index","follow":"follow","max-snippet":"max-snippet:-1","max-image-preview":"max-image-preview:large","max-video-preview":"max-video-preview:-1"},"canonical":"https:\/\/www.actilev.fr\/corporate\/peren\/","og_locale":"fr_FR","og_type":"article","og_title":"PEREN - Actilev Corporate","og_description":"Membre de l&rsquo;association PEREN PEREN (Partenaire du D\u00e9veloppement des Comp\u00e9tences pour la Fili\u00e8re Nucl\u00e9aire) Cr\u00e9\u00e9e en 2004, l\u2019association PEREN rassemble et accompagne les entreprises prestataires du secteur nucl\u00e9aire, avec une vocation forte : promouvoir l\u2019emploi et assurer le renouvellement des comp\u00e9tences dans la fili\u00e8re. D\u2019abord d\u00e9di\u00e9e \u00e0 faciliter la mont\u00e9e en comp\u00e9tences des entreprises de [&hellip;]","og_url":"https:\/\/www.actilev.fr\/corporate\/peren\/","og_site_name":"Actilev Corporate","article_modified_time":"2025-09-05T09:49:38+00:00","og_image":[{"width":330,"height":153,"url":"https:\/\/www.actilev.fr\/corporate\/wp-content\/uploads\/2025\/08\/peren-1.jpg","type":"image\/jpeg"}],"twitter_card":"summary_large_image","twitter_misc":{"Dur\u00e9e de lecture estim\u00e9e":"3 minutes"},"schema":{"@context":"https:\/\/schema.org","@graph":[{"@type":"WebPage","@id":"https:\/\/www.actilev.fr\/corporate\/peren\/","url":"https:\/\/www.actilev.fr\/corporate\/peren\/","name":"PEREN - Actilev Corporate","isPartOf":{"@id":"https:\/\/www.actilev.fr\/corporate\/#website"},"primaryImageOfPage":{"@id":"https:\/\/www.actilev.fr\/corporate\/peren\/#primaryimage"},"image":{"@id":"https:\/\/www.actilev.fr\/corporate\/peren\/#primaryimage"},"thumbnailUrl":"https:\/\/www.actilev.fr\/corporate\/wp-content\/uploads\/2025\/08\/peren-1.jpg","datePublished":"2025-08-21T13:01:24+00:00","dateModified":"2025-09-05T09:49:38+00:00","breadcrumb":{"@id":"https:\/\/www.actilev.fr\/corporate\/peren\/#breadcrumb"},"inLanguage":"fr-FR","potentialAction":[{"@type":"ReadAction","target":["https:\/\/www.actilev.fr\/corporate\/peren\/"]}]},{"@type":"ImageObject","inLanguage":"fr-FR","@id":"https:\/\/www.actilev.fr\/corporate\/peren\/#primaryimage","url":"https:\/\/www.actilev.fr\/corporate\/wp-content\/uploads\/2025\/08\/peren-1.jpg","contentUrl":"https:\/\/www.actilev.fr\/corporate\/wp-content\/uploads\/2025\/08\/peren-1.jpg","width":330,"height":153},{"@type":"BreadcrumbList","@id":"https:\/\/www.actilev.fr\/corporate\/peren\/#breadcrumb","itemListElement":[{"@type":"ListItem","position":1,"name":"Accueil","item":"https:\/\/www.actilev.fr\/corporate\/"},{"@type":"ListItem","position":2,"name":"PEREN"}]},{"@type":"WebSite","@id":"https:\/\/www.actilev.fr\/corporate\/#website","url":"https:\/\/www.actilev.fr\/corporate\/","name":"Actilev Corporate","description":"","publisher":{"@id":"https:\/\/www.actilev.fr\/corporate\/#organization"},"potentialAction":[{"@type":"SearchAction","target":{"@type":"EntryPoint","urlTemplate":"https:\/\/www.actilev.fr\/corporate\/?s={search_term_string}"},"query-input":{"@type":"PropertyValueSpecification","valueRequired":true,"valueName":"search_term_string"}}],"inLanguage":"fr-FR"},{"@type":"Organization","@id":"https:\/\/www.actilev.fr\/corporate\/#organization","name":"Actilev Corporate","url":"https:\/\/www.actilev.fr\/corporate\/","logo":{"@type":"ImageObject","inLanguage":"fr-FR","@id":"https:\/\/www.actilev.fr\/corporate\/#\/schema\/logo\/image\/","url":"https:\/\/www.actilev.fr\/corporate\/wp-content\/uploads\/2025\/07\/logo-1698857763.jpg","contentUrl":"https:\/\/www.actilev.fr\/corporate\/wp-content\/uploads\/2025\/07\/logo-1698857763.jpg","width":419,"height":120,"caption":"Actilev Corporate"},"image":{"@id":"https:\/\/www.actilev.fr\/corporate\/#\/schema\/logo\/image\/"}}]}},"_links":{"self":[{"href":"https:\/\/www.actilev.fr\/corporate\/wp-json\/wp\/v2\/pages\/1737","targetHints":{"allow":["GET"]}}],"collection":[{"href":"https:\/\/www.actilev.fr\/corporate\/wp-json\/wp\/v2\/pages"}],"about":[{"href":"https:\/\/www.actilev.fr\/corporate\/wp-json\/wp\/v2\/types\/page"}],"author":[{"embeddable":true,"href":"https:\/\/www.actilev.fr\/corporate\/wp-json\/wp\/v2\/users\/3"}],"replies":[{"embeddable":true,"href":"https:\/\/www.actilev.fr\/corporate\/wp-json\/wp\/v2\/comments?post=1737"}],"version-history":[{"count":16,"href":"https:\/\/www.actilev.fr\/corporate\/wp-json\/wp\/v2\/pages\/1737\/revisions"}],"predecessor-version":[{"id":1916,"href":"https:\/\/www.actilev.fr\/corporate\/wp-json\/wp\/v2\/pages\/1737\/revisions\/1916"}],"wp:attachment":[{"href":"https:\/\/www.actilev.fr\/corporate\/wp-json\/wp\/v2\/media?parent=1737"}],"curies":[{"name":"wp","href":"https:\/\/api.w.org\/{rel}","templated":true}]}}