{"id":1728,"date":"2025-08-21T14:47:03","date_gmt":"2025-08-21T12:47:03","guid":{"rendered":"https:\/\/www.actilev.fr\/corporate\/?page_id=1728"},"modified":"2025-09-05T11:43:27","modified_gmt":"2025-09-05T09:43:27","slug":"bpi-accelerateur-nucleaire","status":"publish","type":"page","link":"https:\/\/www.actilev.fr\/corporate\/bpi-accelerateur-nucleaire\/","title":{"rendered":"BPI Acc\u00e9l\u00e9rateur nucl\u00e9aire"},"content":{"rendered":"\t\t<div data-elementor-type=\"wp-page\" data-elementor-id=\"1728\" class=\"elementor elementor-1728\" data-elementor-post-type=\"page\">\n\t\t\t\t<div class=\"elementor-element elementor-element-95d872c e-flex e-con-boxed e-con e-parent\" data-id=\"95d872c\" data-element_type=\"container\">\n\t\t\t\t\t<div class=\"e-con-inner\">\n\t\t<div class=\"elementor-element elementor-element-9d68aa2 e-con-full e-flex e-con e-child\" data-id=\"9d68aa2\" data-element_type=\"container\">\n\t\t\t\t<div class=\"elementor-element elementor-element-177ecf7 elementor-widget elementor-widget-image\" data-id=\"177ecf7\" data-element_type=\"widget\" data-widget_type=\"image.default\">\n\t\t\t\t\t\t\t\t\t\t\t\t\t\t\t\t<a href=\"https:\/\/www.bpifrance.fr\/catalogue-offres\/accelerateur-nucleaire-2eme-promotion\" target=\"_blank\">\n\t\t\t\t\t\t\t<img fetchpriority=\"high\" decoding=\"async\" width=\"330\" height=\"153\" src=\"https:\/\/www.actilev.fr\/corporate\/wp-content\/uploads\/2025\/07\/entreprise-selectione-accelerateur.png\" class=\"attachment-large size-large wp-image-1582\" alt=\"\" srcset=\"https:\/\/www.actilev.fr\/corporate\/wp-content\/uploads\/2025\/07\/entreprise-selectione-accelerateur.png 330w, https:\/\/www.actilev.fr\/corporate\/wp-content\/uploads\/2025\/07\/entreprise-selectione-accelerateur-300x139.png 300w\" sizes=\"(max-width: 767px) 100vw, 330px\" \/>\t\t\t\t\t\t\t\t<\/a>\n\t\t\t\t\t\t\t\t\t\t\t\t\t\t\t<\/div>\n\t\t\t\t<\/div>\n\t\t<div class=\"elementor-element elementor-element-a33a3d5 e-con-full e-flex e-con e-child\" data-id=\"a33a3d5\" data-element_type=\"container\">\n\t\t\t\t<div class=\"elementor-element elementor-element-580c17f elementor-widget elementor-widget-heading\" data-id=\"580c17f\" data-element_type=\"widget\" data-widget_type=\"heading.default\">\n\t\t\t\t\t<h2 class=\"elementor-heading-title elementor-size-default\"><a href=\"https:\/\/www.bpifrance.fr\/catalogue-offres\/accelerateur-nucleaire-2eme-promotion\" target=\"_blank\">BPI Acc\u00e9l\u00e9rateur nucl\u00e9aire<\/a><\/h2>\t\t\t\t<\/div>\n\t\t\t\t<\/div>\n\t\t\t\t\t<\/div>\n\t\t\t\t<\/div>\n\t\t<div class=\"elementor-element elementor-element-1ac6885 e-flex e-con-boxed e-con e-parent\" data-id=\"1ac6885\" data-element_type=\"container\">\n\t\t\t\t\t<div class=\"e-con-inner\">\n\t\t\t\t<div class=\"elementor-element elementor-element-a8c0deb elementor-widget elementor-widget-text-editor\" data-id=\"a8c0deb\" data-element_type=\"widget\" data-widget_type=\"text-editor.default\">\n\t\t\t\t\t\t\t\t\t<p class=\"my-2 [&amp;+p]:mt-4 [&amp;_strong:has(+br)]:inline-block [&amp;_strong:has(+br)]:pb-2\">Le <strong>BPI Acc\u00e9l\u00e9rateur Nucl\u00e9aire<\/strong> est un programme d\u2019accompagnement port\u00e9 par Bpifrance, con\u00e7u sp\u00e9cialement pour soutenir la croissance et la transformation des entreprises actives dans la fili\u00e8re nucl\u00e9aire fran\u00e7aise. Il vise \u00e0 renforcer la comp\u00e9titivit\u00e9 et le rayonnement international de cet \u00e9cosyst\u00e8me strat\u00e9gique, en misant sur l\u2019innovation, la mont\u00e9e en comp\u00e9tences et le d\u00e9veloppement de synergies industrielles.<\/p><h4 class=\"mb-2 mt-4 text-base font-[475] first:mt-0 dark:font-[450]\">Ses missions principales :<\/h4><ul class=\"marker:text-quiet list-disc\"><li class=\"py-0 my-0 prose-p:pt-0 prose-p:mb-2 prose-p:my-0 [&amp;&gt;p]:pt-0 [&amp;&gt;p]:mb-2 [&amp;&gt;p]:my-0\"><p class=\"my-2 [&amp;+p]:mt-4 [&amp;_strong:has(+br)]:inline-block [&amp;_strong:has(+br)]:pb-2\"><strong>Accompagner la transformation des entreprises<\/strong> : proposer un parcours sur mesure m\u00ealant diagnostics, conseils, formations et mise en r\u00e9seau pour acc\u00e9l\u00e9rer la structuration et la croissance.<\/p><\/li><li class=\"py-0 my-0 prose-p:pt-0 prose-p:mb-2 prose-p:my-0 [&amp;&gt;p]:pt-0 [&amp;&gt;p]:mb-2 [&amp;&gt;p]:my-0\"><p class=\"my-2 [&amp;+p]:mt-4 [&amp;_strong:has(+br)]:inline-block [&amp;_strong:has(+br)]:pb-2\"><strong>Stimuler l\u2019innovation et l\u2019excellence<\/strong> : aider les membres \u00e0 anticiper les d\u00e9fis technologiques, \u00e9conomiques ou r\u00e9glementaires et \u00e0 saisir les opportunit\u00e9s du march\u00e9.<\/p><\/li><li class=\"py-0 my-0 prose-p:pt-0 prose-p:mb-2 prose-p:my-0 [&amp;&gt;p]:pt-0 [&amp;&gt;p]:mb-2 [&amp;&gt;p]:my-0\"><p class=\"my-2 [&amp;+p]:mt-4 [&amp;_strong:has(+br)]:inline-block [&amp;_strong:has(+br)]:pb-2\"><strong>F\u00e9d\u00e9rer les acteurs de la fili\u00e8re<\/strong> : favoriser l\u2019\u00e9mergence de partenariats solides, d\u2019\u00e9changes de bonnes pratiques et d\u2019une dynamique collective ambitieuse au service du secteur nucl\u00e9aire.<\/p><\/li><\/ul><h4 class=\"mb-2 mt-4 text-base font-[475] first:mt-0 dark:font-[450]\">Valeurs de l\u2019acc\u00e9l\u00e9rateur :<\/h4><ul class=\"marker:text-quiet list-disc\"><li class=\"py-0 my-0 prose-p:pt-0 prose-p:mb-2 prose-p:my-0 [&amp;&gt;p]:pt-0 [&amp;&gt;p]:mb-2 [&amp;&gt;p]:my-0\"><p class=\"my-2 [&amp;+p]:mt-4 [&amp;_strong:has(+br)]:inline-block [&amp;_strong:has(+br)]:pb-2\"><strong>Engagement<\/strong> : accompagner chaque entreprise dans la dur\u00e9e, avec une approche personnalis\u00e9e.<\/p><\/li><li class=\"py-0 my-0 prose-p:pt-0 prose-p:mb-2 prose-p:my-0 [&amp;&gt;p]:pt-0 [&amp;&gt;p]:mb-2 [&amp;&gt;p]:my-0\"><p class=\"my-2 [&amp;+p]:mt-4 [&amp;_strong:has(+br)]:inline-block [&amp;_strong:has(+br)]:pb-2\"><strong>Excellence<\/strong> : promouvoir la mont\u00e9e en gamme, l\u2019innovation et la qualit\u00e9 sur l\u2019ensemble de la cha\u00eene de valeur.<\/p><\/li><li class=\"py-0 my-0 prose-p:pt-0 prose-p:mb-2 prose-p:my-0 [&amp;&gt;p]:pt-0 [&amp;&gt;p]:mb-2 [&amp;&gt;p]:my-0\"><p class=\"my-2 [&amp;+p]:mt-4 [&amp;_strong:has(+br)]:inline-block [&amp;_strong:has(+br)]:pb-2\"><strong>Ouverture<\/strong> : encourager la coop\u00e9ration entre industriels, start-ups, ETI et grands groupes pour b\u00e2tir un avenir durable.<\/p><\/li><li class=\"py-0 my-0 prose-p:pt-0 prose-p:mb-2 prose-p:my-0 [&amp;&gt;p]:pt-0 [&amp;&gt;p]:mb-2 [&amp;&gt;p]:my-0\"><p class=\"my-2 [&amp;+p]:mt-4 [&amp;_strong:has(+br)]:inline-block [&amp;_strong:has(+br)]:pb-2\"><strong>Confiance<\/strong> : instaurer un climat propice \u00e0 la collaboration et \u00e0 la r\u00e9ussite partag\u00e9e.<\/p><\/li><\/ul><p class=\"my-2 [&amp;+p]:mt-4 [&amp;_strong:has(+br)]:inline-block [&amp;_strong:has(+br)]:pb-2\"><strong>Actilev SAS<\/strong> est fi\u00e8re de faire partie du <strong>BPI Acc\u00e9l\u00e9rateur Nucl\u00e9aire<\/strong>, r\u00e9affirmant ainsi son engagement dans la fili\u00e8re et son ambition de croissance durable et innovante.<\/p><p>\u00a0<\/p><h4>Pourquoi Actilev int\u00e8gre le BPI Acc\u00e9l\u00e9rateur Nucl\u00e9aire<\/h4><p><span style=\"text-decoration: underline;\">En rejoignant ce programme d\u2019accompagnement, nous b\u00e9n\u00e9ficions :<\/span><\/p><p data-start=\"643\" data-end=\"884\"><strong data-start=\"643\" data-end=\"683\">&#8211; Acc\u00e9l\u00e9ration de notre transformation<\/strong> : gr\u00e2ce \u00e0 des diagnostics, des formations cibl\u00e9es et des conseils experts, nous renfor\u00e7ons notre organisation, nos processus et notre capacit\u00e9 d\u2019innovation, en phase avec les exigences du nucl\u00e9aire.<\/p><p data-start=\"887\" data-end=\"1066\"><strong data-start=\"887\" data-end=\"922\">&#8211; Renforcement de notre expertise<\/strong> : acc\u00e8s \u00e0 des retours d\u2019exp\u00e9rience et bonnes pratiques issus du r\u00e9seau BPI, pour monter en comp\u00e9tences dans un contexte hautement r\u00e9glement\u00e9.<\/p><p data-start=\"1069\" data-end=\"1219\"><strong data-start=\"1069\" data-end=\"1099\">&#8211; D\u00e9veloppement de synergies<\/strong> : collaboration avec d\u2019autres acteurs de la fili\u00e8re pour co-construire des solutions techniques \u00e0 forte valeur ajout\u00e9e<\/p><p data-start=\"1264\" data-end=\"1491\"><strong data-start=\"1264\" data-end=\"1310\">&#8211; Plus d\u2019innovation au sein de nos solutions<\/strong> : gr\u00e2ce aux apports m\u00e9thodologiques du programme, nous sommes plus agiles pour anticiper et r\u00e9pondre aux besoins des environnements exigeants (s\u00e9curit\u00e9, conformit\u00e9, performance).<\/p><p data-start=\"1494\" data-end=\"1682\"><strong data-start=\"1494\" data-end=\"1514\">&#8211; Service renforc\u00e9<\/strong> : les m\u00e9thodes et outils issus de l\u2019acc\u00e9l\u00e9rateur b\u00e9n\u00e9ficient directement \u00e0 nos clients, avec une meilleure r\u00e9activit\u00e9, une qualit\u00e9 accrue et une roadmap plus claire.<\/p><p data-start=\"1685\" data-end=\"1853\"><strong data-start=\"1685\" data-end=\"1708\">&#8211; Gage de cr\u00e9dibilit\u00e9<\/strong> : l\u2019appui d\u2019un programme national comme BPI valorise notre positionnement industriel et rassure nos clients sur la fiabilit\u00e9 de nos prestations.<\/p><p data-start=\"1685\" data-end=\"1853\">\u00a0<\/p><p class=\"my-2 [&amp;+p]:mt-4 [&amp;_strong:has(+br)]:inline-block [&amp;_strong:has(+br)]:pb-2\"><img decoding=\"async\" class=\"emoji\" role=\"img\" draggable=\"false\" src=\"https:\/\/s.w.org\/images\/core\/emoji\/16.0.1\/svg\/1f449.svg\" alt=\"\ud83d\udc49\" \/> Pour en savoir plus sur le programme et ses actions, nous vous invitons \u00e0 consulter le site officiel : <strong><a class=\"break-word hover:text-super hover:decoration-super underline decoration-from-font underline-offset-1 transition-all duration-300\" href=\"https:\/\/www.bpifrance.fr\/catalogue-offres\/accelerateur-nucleaire-2eme-promotion\" target=\"_blank\" rel=\"nofollow noopener\">Lien vers le site de la BPI\u00a0<\/a><\/strong><\/p>\t\t\t\t\t\t\t\t<\/div>\n\t\t\t\t\t<\/div>\n\t\t\t\t<\/div>\n\t\t\t\t<\/div>\n\t\t","protected":false},"excerpt":{"rendered":"<p>BPI Acc\u00e9l\u00e9rateur nucl\u00e9aire Le BPI Acc\u00e9l\u00e9rateur Nucl\u00e9aire est un programme d\u2019accompagnement port\u00e9 par Bpifrance, con\u00e7u sp\u00e9cialement pour soutenir la croissance et la transformation des entreprises actives dans la fili\u00e8re nucl\u00e9aire fran\u00e7aise. Il vise \u00e0 renforcer la comp\u00e9titivit\u00e9 et le rayonnement international de cet \u00e9cosyst\u00e8me strat\u00e9gique, en misant sur l\u2019innovation, la mont\u00e9e en comp\u00e9tences et le [&hellip;]<\/p>\n","protected":false},"author":3,"featured_media":0,"parent":0,"menu_order":0,"comment_status":"closed","ping_status":"closed","template":"","meta":{"footnotes":""},"class_list":["post-1728","page","type-page","status-publish","hentry"],"yoast_head":"<!-- This site is optimized with the Yoast SEO plugin v26.5 - https:\/\/yoast.com\/wordpress\/plugins\/seo\/ -->\n<title>BPI Acc\u00e9l\u00e9rateur nucl\u00e9aire - Actilev Corporate<\/title>\n<meta name=\"robots\" content=\"index, follow, max-snippet:-1, max-image-preview:large, max-video-preview:-1\" \/>\n<link rel=\"canonical\" href=\"https:\/\/www.actilev.fr\/corporate\/bpi-accelerateur-nucleaire\/\" \/>\n<meta property=\"og:locale\" content=\"fr_FR\" \/>\n<meta property=\"og:type\" content=\"article\" \/>\n<meta property=\"og:title\" content=\"BPI Acc\u00e9l\u00e9rateur nucl\u00e9aire - Actilev Corporate\" \/>\n<meta property=\"og:description\" content=\"BPI Acc\u00e9l\u00e9rateur nucl\u00e9aire Le BPI Acc\u00e9l\u00e9rateur Nucl\u00e9aire est un programme d\u2019accompagnement port\u00e9 par Bpifrance, con\u00e7u sp\u00e9cialement pour soutenir la croissance et la transformation des entreprises actives dans la fili\u00e8re nucl\u00e9aire fran\u00e7aise. Il vise \u00e0 renforcer la comp\u00e9titivit\u00e9 et le rayonnement international de cet \u00e9cosyst\u00e8me strat\u00e9gique, en misant sur l\u2019innovation, la mont\u00e9e en comp\u00e9tences et le [&hellip;]\" \/>\n<meta property=\"og:url\" content=\"https:\/\/www.actilev.fr\/corporate\/bpi-accelerateur-nucleaire\/\" \/>\n<meta property=\"og:site_name\" content=\"Actilev Corporate\" \/>\n<meta property=\"article:modified_time\" content=\"2025-09-05T09:43:27+00:00\" \/>\n<meta property=\"og:image\" content=\"https:\/\/www.actilev.fr\/corporate\/wp-content\/uploads\/2025\/07\/entreprise-selectione-accelerateur.png\" \/>\n\t<meta property=\"og:image:width\" content=\"330\" \/>\n\t<meta property=\"og:image:height\" content=\"153\" \/>\n\t<meta property=\"og:image:type\" content=\"image\/png\" \/>\n<meta name=\"twitter:card\" content=\"summary_large_image\" \/>\n<meta name=\"twitter:label1\" content=\"Dur\u00e9e de lecture estim\u00e9e\" \/>\n\t<meta name=\"twitter:data1\" content=\"3 minutes\" \/>\n<script type=\"application\/ld+json\" class=\"yoast-schema-graph\">{\"@context\":\"https:\/\/schema.org\",\"@graph\":[{\"@type\":\"WebPage\",\"@id\":\"https:\/\/www.actilev.fr\/corporate\/bpi-accelerateur-nucleaire\/\",\"url\":\"https:\/\/www.actilev.fr\/corporate\/bpi-accelerateur-nucleaire\/\",\"name\":\"BPI Acc\u00e9l\u00e9rateur nucl\u00e9aire - Actilev Corporate\",\"isPartOf\":{\"@id\":\"https:\/\/www.actilev.fr\/corporate\/#website\"},\"primaryImageOfPage\":{\"@id\":\"https:\/\/www.actilev.fr\/corporate\/bpi-accelerateur-nucleaire\/#primaryimage\"},\"image\":{\"@id\":\"https:\/\/www.actilev.fr\/corporate\/bpi-accelerateur-nucleaire\/#primaryimage\"},\"thumbnailUrl\":\"https:\/\/www.actilev.fr\/corporate\/wp-content\/uploads\/2025\/07\/entreprise-selectione-accelerateur.png\",\"datePublished\":\"2025-08-21T12:47:03+00:00\",\"dateModified\":\"2025-09-05T09:43:27+00:00\",\"breadcrumb\":{\"@id\":\"https:\/\/www.actilev.fr\/corporate\/bpi-accelerateur-nucleaire\/#breadcrumb\"},\"inLanguage\":\"fr-FR\",\"potentialAction\":[{\"@type\":\"ReadAction\",\"target\":[\"https:\/\/www.actilev.fr\/corporate\/bpi-accelerateur-nucleaire\/\"]}]},{\"@type\":\"ImageObject\",\"inLanguage\":\"fr-FR\",\"@id\":\"https:\/\/www.actilev.fr\/corporate\/bpi-accelerateur-nucleaire\/#primaryimage\",\"url\":\"https:\/\/www.actilev.fr\/corporate\/wp-content\/uploads\/2025\/07\/entreprise-selectione-accelerateur.png\",\"contentUrl\":\"https:\/\/www.actilev.fr\/corporate\/wp-content\/uploads\/2025\/07\/entreprise-selectione-accelerateur.png\",\"width\":330,\"height\":153},{\"@type\":\"BreadcrumbList\",\"@id\":\"https:\/\/www.actilev.fr\/corporate\/bpi-accelerateur-nucleaire\/#breadcrumb\",\"itemListElement\":[{\"@type\":\"ListItem\",\"position\":1,\"name\":\"Accueil\",\"item\":\"https:\/\/www.actilev.fr\/corporate\/\"},{\"@type\":\"ListItem\",\"position\":2,\"name\":\"BPI Acc\u00e9l\u00e9rateur nucl\u00e9aire\"}]},{\"@type\":\"WebSite\",\"@id\":\"https:\/\/www.actilev.fr\/corporate\/#website\",\"url\":\"https:\/\/www.actilev.fr\/corporate\/\",\"name\":\"Actilev Corporate\",\"description\":\"\",\"publisher\":{\"@id\":\"https:\/\/www.actilev.fr\/corporate\/#organization\"},\"potentialAction\":[{\"@type\":\"SearchAction\",\"target\":{\"@type\":\"EntryPoint\",\"urlTemplate\":\"https:\/\/www.actilev.fr\/corporate\/?s={search_term_string}\"},\"query-input\":{\"@type\":\"PropertyValueSpecification\",\"valueRequired\":true,\"valueName\":\"search_term_string\"}}],\"inLanguage\":\"fr-FR\"},{\"@type\":\"Organization\",\"@id\":\"https:\/\/www.actilev.fr\/corporate\/#organization\",\"name\":\"Actilev Corporate\",\"url\":\"https:\/\/www.actilev.fr\/corporate\/\",\"logo\":{\"@type\":\"ImageObject\",\"inLanguage\":\"fr-FR\",\"@id\":\"https:\/\/www.actilev.fr\/corporate\/#\/schema\/logo\/image\/\",\"url\":\"https:\/\/www.actilev.fr\/corporate\/wp-content\/uploads\/2025\/07\/logo-1698857763.jpg\",\"contentUrl\":\"https:\/\/www.actilev.fr\/corporate\/wp-content\/uploads\/2025\/07\/logo-1698857763.jpg\",\"width\":419,\"height\":120,\"caption\":\"Actilev Corporate\"},\"image\":{\"@id\":\"https:\/\/www.actilev.fr\/corporate\/#\/schema\/logo\/image\/\"}}]}<\/script>\n<!-- \/ Yoast SEO plugin. -->","yoast_head_json":{"title":"BPI Acc\u00e9l\u00e9rateur nucl\u00e9aire - Actilev Corporate","robots":{"index":"index","follow":"follow","max-snippet":"max-snippet:-1","max-image-preview":"max-image-preview:large","max-video-preview":"max-video-preview:-1"},"canonical":"https:\/\/www.actilev.fr\/corporate\/bpi-accelerateur-nucleaire\/","og_locale":"fr_FR","og_type":"article","og_title":"BPI Acc\u00e9l\u00e9rateur nucl\u00e9aire - Actilev Corporate","og_description":"BPI Acc\u00e9l\u00e9rateur nucl\u00e9aire Le BPI Acc\u00e9l\u00e9rateur Nucl\u00e9aire est un programme d\u2019accompagnement port\u00e9 par Bpifrance, con\u00e7u sp\u00e9cialement pour soutenir la croissance et la transformation des entreprises actives dans la fili\u00e8re nucl\u00e9aire fran\u00e7aise. Il vise \u00e0 renforcer la comp\u00e9titivit\u00e9 et le rayonnement international de cet \u00e9cosyst\u00e8me strat\u00e9gique, en misant sur l\u2019innovation, la mont\u00e9e en comp\u00e9tences et le [&hellip;]","og_url":"https:\/\/www.actilev.fr\/corporate\/bpi-accelerateur-nucleaire\/","og_site_name":"Actilev Corporate","article_modified_time":"2025-09-05T09:43:27+00:00","og_image":[{"width":330,"height":153,"url":"https:\/\/www.actilev.fr\/corporate\/wp-content\/uploads\/2025\/07\/entreprise-selectione-accelerateur.png","type":"image\/png"}],"twitter_card":"summary_large_image","twitter_misc":{"Dur\u00e9e de lecture estim\u00e9e":"3 minutes"},"schema":{"@context":"https:\/\/schema.org","@graph":[{"@type":"WebPage","@id":"https:\/\/www.actilev.fr\/corporate\/bpi-accelerateur-nucleaire\/","url":"https:\/\/www.actilev.fr\/corporate\/bpi-accelerateur-nucleaire\/","name":"BPI Acc\u00e9l\u00e9rateur nucl\u00e9aire - Actilev Corporate","isPartOf":{"@id":"https:\/\/www.actilev.fr\/corporate\/#website"},"primaryImageOfPage":{"@id":"https:\/\/www.actilev.fr\/corporate\/bpi-accelerateur-nucleaire\/#primaryimage"},"image":{"@id":"https:\/\/www.actilev.fr\/corporate\/bpi-accelerateur-nucleaire\/#primaryimage"},"thumbnailUrl":"https:\/\/www.actilev.fr\/corporate\/wp-content\/uploads\/2025\/07\/entreprise-selectione-accelerateur.png","datePublished":"2025-08-21T12:47:03+00:00","dateModified":"2025-09-05T09:43:27+00:00","breadcrumb":{"@id":"https:\/\/www.actilev.fr\/corporate\/bpi-accelerateur-nucleaire\/#breadcrumb"},"inLanguage":"fr-FR","potentialAction":[{"@type":"ReadAction","target":["https:\/\/www.actilev.fr\/corporate\/bpi-accelerateur-nucleaire\/"]}]},{"@type":"ImageObject","inLanguage":"fr-FR","@id":"https:\/\/www.actilev.fr\/corporate\/bpi-accelerateur-nucleaire\/#primaryimage","url":"https:\/\/www.actilev.fr\/corporate\/wp-content\/uploads\/2025\/07\/entreprise-selectione-accelerateur.png","contentUrl":"https:\/\/www.actilev.fr\/corporate\/wp-content\/uploads\/2025\/07\/entreprise-selectione-accelerateur.png","width":330,"height":153},{"@type":"BreadcrumbList","@id":"https:\/\/www.actilev.fr\/corporate\/bpi-accelerateur-nucleaire\/#breadcrumb","itemListElement":[{"@type":"ListItem","position":1,"name":"Accueil","item":"https:\/\/www.actilev.fr\/corporate\/"},{"@type":"ListItem","position":2,"name":"BPI Acc\u00e9l\u00e9rateur nucl\u00e9aire"}]},{"@type":"WebSite","@id":"https:\/\/www.actilev.fr\/corporate\/#website","url":"https:\/\/www.actilev.fr\/corporate\/","name":"Actilev Corporate","description":"","publisher":{"@id":"https:\/\/www.actilev.fr\/corporate\/#organization"},"potentialAction":[{"@type":"SearchAction","target":{"@type":"EntryPoint","urlTemplate":"https:\/\/www.actilev.fr\/corporate\/?s={search_term_string}"},"query-input":{"@type":"PropertyValueSpecification","valueRequired":true,"valueName":"search_term_string"}}],"inLanguage":"fr-FR"},{"@type":"Organization","@id":"https:\/\/www.actilev.fr\/corporate\/#organization","name":"Actilev Corporate","url":"https:\/\/www.actilev.fr\/corporate\/","logo":{"@type":"ImageObject","inLanguage":"fr-FR","@id":"https:\/\/www.actilev.fr\/corporate\/#\/schema\/logo\/image\/","url":"https:\/\/www.actilev.fr\/corporate\/wp-content\/uploads\/2025\/07\/logo-1698857763.jpg","contentUrl":"https:\/\/www.actilev.fr\/corporate\/wp-content\/uploads\/2025\/07\/logo-1698857763.jpg","width":419,"height":120,"caption":"Actilev Corporate"},"image":{"@id":"https:\/\/www.actilev.fr\/corporate\/#\/schema\/logo\/image\/"}}]}},"_links":{"self":[{"href":"https:\/\/www.actilev.fr\/corporate\/wp-json\/wp\/v2\/pages\/1728","targetHints":{"allow":["GET"]}}],"collection":[{"href":"https:\/\/www.actilev.fr\/corporate\/wp-json\/wp\/v2\/pages"}],"about":[{"href":"https:\/\/www.actilev.fr\/corporate\/wp-json\/wp\/v2\/types\/page"}],"author":[{"embeddable":true,"href":"https:\/\/www.actilev.fr\/corporate\/wp-json\/wp\/v2\/users\/3"}],"replies":[{"embeddable":true,"href":"https:\/\/www.actilev.fr\/corporate\/wp-json\/wp\/v2\/comments?post=1728"}],"version-history":[{"count":17,"href":"https:\/\/www.actilev.fr\/corporate\/wp-json\/wp\/v2\/pages\/1728\/revisions"}],"predecessor-version":[{"id":1913,"href":"https:\/\/www.actilev.fr\/corporate\/wp-json\/wp\/v2\/pages\/1728\/revisions\/1913"}],"wp:attachment":[{"href":"https:\/\/www.actilev.fr\/corporate\/wp-json\/wp\/v2\/media?parent=1728"}],"curies":[{"name":"wp","href":"https:\/\/api.w.org\/{rel}","templated":true}]}}