{"id":1715,"date":"2025-08-21T11:51:35","date_gmt":"2025-08-21T09:51:35","guid":{"rendered":"https:\/\/www.actilev.fr\/corporate\/?page_id=1715"},"modified":"2025-09-05T11:33:53","modified_gmt":"2025-09-05T09:33:53","slug":"gie-atlantique","status":"publish","type":"page","link":"https:\/\/www.actilev.fr\/corporate\/gie-atlantique\/","title":{"rendered":"GIE Atlantique"},"content":{"rendered":"\t\t<div data-elementor-type=\"wp-page\" data-elementor-id=\"1715\" class=\"elementor elementor-1715\" data-elementor-post-type=\"page\">\n\t\t\t\t<div class=\"elementor-element elementor-element-4c09f97 e-flex e-con-boxed e-con e-parent\" data-id=\"4c09f97\" data-element_type=\"container\">\n\t\t\t\t\t<div class=\"e-con-inner\">\n\t\t<div class=\"elementor-element elementor-element-c6b674c e-con-full e-flex e-con e-child\" data-id=\"c6b674c\" data-element_type=\"container\">\n\t\t\t\t<div class=\"elementor-element elementor-element-12321a9 elementor-widget elementor-widget-image\" data-id=\"12321a9\" data-element_type=\"widget\" data-widget_type=\"image.default\">\n\t\t\t\t\t\t\t\t\t\t\t\t\t\t\t\t<a href=\"https:\/\/www.gieatlantique.com\/\" target=\"_blank\">\n\t\t\t\t\t\t\t<img fetchpriority=\"high\" decoding=\"async\" width=\"330\" height=\"153\" src=\"https:\/\/www.actilev.fr\/corporate\/wp-content\/uploads\/2025\/07\/gie-atlantique.png\" class=\"attachment-large size-large wp-image-1564\" alt=\"\" srcset=\"https:\/\/www.actilev.fr\/corporate\/wp-content\/uploads\/2025\/07\/gie-atlantique.png 330w, https:\/\/www.actilev.fr\/corporate\/wp-content\/uploads\/2025\/07\/gie-atlantique-300x139.png 300w\" sizes=\"(max-width: 767px) 100vw, 330px\" \/>\t\t\t\t\t\t\t\t<\/a>\n\t\t\t\t\t\t\t\t\t\t\t\t\t\t\t<\/div>\n\t\t\t\t<\/div>\n\t\t<div class=\"elementor-element elementor-element-29e1534 e-con-full e-flex e-con e-child\" data-id=\"29e1534\" data-element_type=\"container\">\n\t\t\t\t<div class=\"elementor-element elementor-element-58a9439 elementor-widget elementor-widget-heading\" data-id=\"58a9439\" data-element_type=\"widget\" data-widget_type=\"heading.default\">\n\t\t\t\t\t<h2 class=\"elementor-heading-title elementor-size-default\"><a href=\"https:\/\/www.gieatlantique.com\/\">Le GIE Atlantique<\/a><\/h2>\t\t\t\t<\/div>\n\t\t\t\t<\/div>\n\t\t\t\t\t<\/div>\n\t\t\t\t<\/div>\n\t\t<div class=\"elementor-element elementor-element-dbaaa5c e-flex e-con-boxed e-con e-parent\" data-id=\"dbaaa5c\" data-element_type=\"container\">\n\t\t\t\t\t<div class=\"e-con-inner\">\n\t\t\t\t<div class=\"elementor-element elementor-element-4071060 elementor-widget elementor-widget-text-editor\" data-id=\"4071060\" data-element_type=\"widget\" data-widget_type=\"text-editor.default\">\n\t\t\t\t\t\t\t\t\t<p class=\"my-2 [&amp;+p]:mt-4 [&amp;_strong:has(+br)]:inline-block [&amp;_strong:has(+br)]:pb-2\">Le <strong>GIE Atlantique<\/strong> (Groupement d\u2019Int\u00e9r\u00eat \u00c9conomique) est une structure collaborative r\u00e9unissant diff\u00e9rentes entreprises qui partagent la conviction que la <strong>coop\u00e9ration est un levier de performance durable<\/strong>.<\/p><p class=\"my-2 [&amp;+p]:mt-4 [&amp;_strong:has(+br)]:inline-block [&amp;_strong:has(+br)]:pb-2\">Cr\u00e9\u00e9 pour favoriser la <strong>mutualisation des moyens et des comp\u00e9tences<\/strong>, le GIE Atlantique permet \u00e0 ses membres de s\u2019unir autour de projets communs et de relever ensemble les d\u00e9fis \u00e9conomiques, technologiques et organisationnels de leurs secteurs.<\/p><h4 class=\"mb-2 mt-4 text-base font-[475] first:mt-0 dark:font-[450]\">Ses missions principales :<\/h4><ul class=\"marker:text-quiet list-disc\"><li class=\"py-0 my-0 prose-p:pt-0 prose-p:mb-2 prose-p:my-0 [&amp;&gt;p]:pt-0 [&amp;&gt;p]:mb-2 [&amp;&gt;p]:my-0\"><p class=\"my-2 [&amp;+p]:mt-4 [&amp;_strong:has(+br)]:inline-block [&amp;_strong:has(+br)]:pb-2\"><strong>Favoriser la coop\u00e9ration interentreprises<\/strong> : cr\u00e9er un cadre propice aux \u00e9changes et au partage d\u2019exp\u00e9riences.<\/p><\/li><li class=\"py-0 my-0 prose-p:pt-0 prose-p:mb-2 prose-p:my-0 [&amp;&gt;p]:pt-0 [&amp;&gt;p]:mb-2 [&amp;&gt;p]:my-0\"><p class=\"my-2 [&amp;+p]:mt-4 [&amp;_strong:has(+br)]:inline-block [&amp;_strong:has(+br)]:pb-2\"><strong>D\u00e9velopper l\u2019innovation<\/strong> : encourager les initiatives collectives et l\u2019\u00e9mergence de nouvelles solutions.<\/p><\/li><li class=\"py-0 my-0 prose-p:pt-0 prose-p:mb-2 prose-p:my-0 [&amp;&gt;p]:pt-0 [&amp;&gt;p]:mb-2 [&amp;&gt;p]:my-0\"><p class=\"my-2 [&amp;+p]:mt-4 [&amp;_strong:has(+br)]:inline-block [&amp;_strong:has(+br)]:pb-2\"><strong>Soutenir la comp\u00e9titivit\u00e9 r\u00e9gionale<\/strong> : renforcer la visibilit\u00e9 et l\u2019attractivit\u00e9 \u00e9conomique du territoire.<\/p><\/li><li class=\"py-0 my-0 prose-p:pt-0 prose-p:mb-2 prose-p:my-0 [&amp;&gt;p]:pt-0 [&amp;&gt;p]:mb-2 [&amp;&gt;p]:my-0\"><p class=\"my-2 [&amp;+p]:mt-4 [&amp;_strong:has(+br)]:inline-block [&amp;_strong:has(+br)]:pb-2\"><strong>Accompagner la croissance durable<\/strong> : promouvoir des pratiques responsables et \u00e9quilibr\u00e9es au b\u00e9n\u00e9fice de l\u2019ensemble des acteurs.<\/p><\/li><\/ul><h4 class=\"mb-2 mt-4 text-base font-[475] first:mt-0 dark:font-[450]\">Les valeurs du GIE Atlantique :<\/h4><ul class=\"marker:text-quiet list-disc\"><li class=\"py-0 my-0 prose-p:pt-0 prose-p:mb-2 prose-p:my-0 [&amp;&gt;p]:pt-0 [&amp;&gt;p]:mb-2 [&amp;&gt;p]:my-0\"><p class=\"my-2 [&amp;+p]:mt-4 [&amp;_strong:has(+br)]:inline-block [&amp;_strong:has(+br)]:pb-2\"><strong>Solidarit\u00e9<\/strong> : unir les forces de ses membres pour avancer plus loin ensemble.<\/p><\/li><li class=\"py-0 my-0 prose-p:pt-0 prose-p:mb-2 prose-p:my-0 [&amp;&gt;p]:pt-0 [&amp;&gt;p]:mb-2 [&amp;&gt;p]:my-0\"><p class=\"my-2 [&amp;+p]:mt-4 [&amp;_strong:has(+br)]:inline-block [&amp;_strong:has(+br)]:pb-2\"><strong>Excellence<\/strong> : mettre en commun les comp\u00e9tences et savoir-faire pour proposer des solutions performantes.<\/p><\/li><li class=\"py-0 my-0 prose-p:pt-0 prose-p:mb-2 prose-p:my-0 [&amp;&gt;p]:pt-0 [&amp;&gt;p]:mb-2 [&amp;&gt;p]:my-0\"><p class=\"my-2 [&amp;+p]:mt-4 [&amp;_strong:has(+br)]:inline-block [&amp;_strong:has(+br)]:pb-2\"><strong>Confiance<\/strong> : privil\u00e9gier la transparence, l\u2019\u00e9coute et le respect mutuel.<\/p><\/li><li class=\"py-0 my-0 prose-p:pt-0 prose-p:mb-2 prose-p:my-0 [&amp;&gt;p]:pt-0 [&amp;&gt;p]:mb-2 [&amp;&gt;p]:my-0\"><p class=\"my-2 [&amp;+p]:mt-4 [&amp;_strong:has(+br)]:inline-block [&amp;_strong:has(+br)]:pb-2\"><strong>Innovation<\/strong> : stimuler la cr\u00e9ativit\u00e9 et l\u2019adaptation face \u00e0 un environnement en constante \u00e9volution.<\/p><\/li><\/ul><h5><strong data-start=\"297\" data-end=\"354\">Un partenariat qui renforce notre expertise nucl\u00e9aire<\/strong><\/h5><p data-start=\"1684\" data-end=\"1912\">En tant que membre du <strong data-start=\"1706\" data-end=\"1724\">GIE Atlantique<\/strong>, <strong>Actilev<\/strong> s\u2019engage aux c\u00f4t\u00e9s d\u2019autres entreprises reconnues de la fili\u00e8re nucl\u00e9aire pour d\u00e9velopper des projets communs, partager des expertises et renforcer la comp\u00e9titivit\u00e9 du secteur.<\/p><p data-start=\"1684\" data-end=\"1912\">\u00a0<\/p><p data-start=\"1919\" data-end=\"2161\">Cette adh\u00e9sion nous permet de participer activement aux enjeux strat\u00e9giques de la fili\u00e8re et d\u2019offrir \u00e0 nos clients une valeur ajout\u00e9e concr\u00e8te : des solutions toujours plus fiables, innovantes et conformes aux standards les plus exigeants.<\/p><p data-start=\"1919\" data-end=\"2161\">\u00a0<\/p><p data-start=\"2168\" data-end=\"2363\">Gr\u00e2ce au GIE, Actilev b\u00e9n\u00e9ficie d\u2019un r\u00e9seau d\u2019acteurs compl\u00e9mentaires, ce qui nous donne la capacit\u00e9 de r\u00e9pondre \u00e0 des projets complexes et d\u2019accompagner nos clients avec une efficacit\u00e9 accrue.<\/p><p data-start=\"2168\" data-end=\"2363\">\u00a0<\/p><p data-start=\"2168\" data-end=\"2363\">\u00a0<\/p><p class=\"my-2 [&amp;+p]:mt-4 [&amp;_strong:has(+br)]:inline-block [&amp;_strong:has(+br)]:pb-2\"><img decoding=\"async\" class=\"emoji\" role=\"img\" draggable=\"false\" src=\"https:\/\/s.w.org\/images\/core\/emoji\/16.0.1\/svg\/1f449.svg\" alt=\"\ud83d\udc49\" \/> Pour d\u00e9couvrir le GIE Atlantique et ses actions,<img decoding=\"async\" class=\"emoji\" role=\"img\" draggable=\"false\" src=\"https:\/\/s.w.org\/images\/core\/emoji\/16.0.1\/svg\/1f449.svg\" alt=\"\ud83d\udc49\" \/> Pour d\u00e9couvrir le <strong>GIE Atlantique<\/strong> et ses actions, nous vous invitons \u00e0 consulter leur site officiel : <strong><a class=\"break-word hover:text-super hover:decoration-super underline decoration-from-font underline-offset-1 transition-all duration-300\" href=\"https:\/\/www.gieatlantique.com\/\" target=\"_blank\" rel=\"nofollow noopener\">Lien vers le site GIE Atlantique<\/a><\/strong><\/p>\t\t\t\t\t\t\t\t<\/div>\n\t\t\t\t\t<\/div>\n\t\t\t\t<\/div>\n\t\t\t\t<\/div>\n\t\t","protected":false},"excerpt":{"rendered":"<p>Le GIE Atlantique Le GIE Atlantique (Groupement d\u2019Int\u00e9r\u00eat \u00c9conomique) est une structure collaborative r\u00e9unissant diff\u00e9rentes entreprises qui partagent la conviction que la coop\u00e9ration est un levier de performance durable. Cr\u00e9\u00e9 pour favoriser la mutualisation des moyens et des comp\u00e9tences, le GIE Atlantique permet \u00e0 ses membres de s\u2019unir autour de projets communs et de relever [&hellip;]<\/p>\n","protected":false},"author":3,"featured_media":0,"parent":0,"menu_order":0,"comment_status":"closed","ping_status":"closed","template":"","meta":{"footnotes":""},"class_list":["post-1715","page","type-page","status-publish","hentry"],"yoast_head":"<!-- This site is optimized with the Yoast SEO plugin v26.5 - https:\/\/yoast.com\/wordpress\/plugins\/seo\/ -->\n<title>GIE Atlantique - Actilev Corporate<\/title>\n<meta name=\"robots\" content=\"index, follow, max-snippet:-1, max-image-preview:large, max-video-preview:-1\" \/>\n<link rel=\"canonical\" href=\"https:\/\/www.actilev.fr\/corporate\/gie-atlantique\/\" \/>\n<meta property=\"og:locale\" content=\"fr_FR\" \/>\n<meta property=\"og:type\" content=\"article\" \/>\n<meta property=\"og:title\" content=\"GIE Atlantique - Actilev Corporate\" \/>\n<meta property=\"og:description\" content=\"Le GIE Atlantique Le GIE Atlantique (Groupement d\u2019Int\u00e9r\u00eat \u00c9conomique) est une structure collaborative r\u00e9unissant diff\u00e9rentes entreprises qui partagent la conviction que la coop\u00e9ration est un levier de performance durable. Cr\u00e9\u00e9 pour favoriser la mutualisation des moyens et des comp\u00e9tences, le GIE Atlantique permet \u00e0 ses membres de s\u2019unir autour de projets communs et de relever [&hellip;]\" \/>\n<meta property=\"og:url\" content=\"https:\/\/www.actilev.fr\/corporate\/gie-atlantique\/\" \/>\n<meta property=\"og:site_name\" content=\"Actilev Corporate\" \/>\n<meta property=\"article:modified_time\" content=\"2025-09-05T09:33:53+00:00\" \/>\n<meta property=\"og:image\" content=\"https:\/\/www.actilev.fr\/corporate\/wp-content\/uploads\/2025\/07\/gie-atlantique.png\" \/>\n\t<meta property=\"og:image:width\" content=\"330\" \/>\n\t<meta property=\"og:image:height\" content=\"153\" \/>\n\t<meta property=\"og:image:type\" content=\"image\/png\" \/>\n<meta name=\"twitter:card\" content=\"summary_large_image\" \/>\n<meta name=\"twitter:label1\" content=\"Dur\u00e9e de lecture estim\u00e9e\" \/>\n\t<meta name=\"twitter:data1\" content=\"3 minutes\" \/>\n<script type=\"application\/ld+json\" class=\"yoast-schema-graph\">{\"@context\":\"https:\/\/schema.org\",\"@graph\":[{\"@type\":\"WebPage\",\"@id\":\"https:\/\/www.actilev.fr\/corporate\/gie-atlantique\/\",\"url\":\"https:\/\/www.actilev.fr\/corporate\/gie-atlantique\/\",\"name\":\"GIE Atlantique - Actilev Corporate\",\"isPartOf\":{\"@id\":\"https:\/\/www.actilev.fr\/corporate\/#website\"},\"primaryImageOfPage\":{\"@id\":\"https:\/\/www.actilev.fr\/corporate\/gie-atlantique\/#primaryimage\"},\"image\":{\"@id\":\"https:\/\/www.actilev.fr\/corporate\/gie-atlantique\/#primaryimage\"},\"thumbnailUrl\":\"https:\/\/www.actilev.fr\/corporate\/wp-content\/uploads\/2025\/07\/gie-atlantique.png\",\"datePublished\":\"2025-08-21T09:51:35+00:00\",\"dateModified\":\"2025-09-05T09:33:53+00:00\",\"breadcrumb\":{\"@id\":\"https:\/\/www.actilev.fr\/corporate\/gie-atlantique\/#breadcrumb\"},\"inLanguage\":\"fr-FR\",\"potentialAction\":[{\"@type\":\"ReadAction\",\"target\":[\"https:\/\/www.actilev.fr\/corporate\/gie-atlantique\/\"]}]},{\"@type\":\"ImageObject\",\"inLanguage\":\"fr-FR\",\"@id\":\"https:\/\/www.actilev.fr\/corporate\/gie-atlantique\/#primaryimage\",\"url\":\"\",\"contentUrl\":\"\"},{\"@type\":\"BreadcrumbList\",\"@id\":\"https:\/\/www.actilev.fr\/corporate\/gie-atlantique\/#breadcrumb\",\"itemListElement\":[{\"@type\":\"ListItem\",\"position\":1,\"name\":\"Accueil\",\"item\":\"https:\/\/www.actilev.fr\/corporate\/\"},{\"@type\":\"ListItem\",\"position\":2,\"name\":\"GIE Atlantique\"}]},{\"@type\":\"WebSite\",\"@id\":\"https:\/\/www.actilev.fr\/corporate\/#website\",\"url\":\"https:\/\/www.actilev.fr\/corporate\/\",\"name\":\"Actilev Corporate\",\"description\":\"\",\"publisher\":{\"@id\":\"https:\/\/www.actilev.fr\/corporate\/#organization\"},\"potentialAction\":[{\"@type\":\"SearchAction\",\"target\":{\"@type\":\"EntryPoint\",\"urlTemplate\":\"https:\/\/www.actilev.fr\/corporate\/?s={search_term_string}\"},\"query-input\":{\"@type\":\"PropertyValueSpecification\",\"valueRequired\":true,\"valueName\":\"search_term_string\"}}],\"inLanguage\":\"fr-FR\"},{\"@type\":\"Organization\",\"@id\":\"https:\/\/www.actilev.fr\/corporate\/#organization\",\"name\":\"Actilev Corporate\",\"url\":\"https:\/\/www.actilev.fr\/corporate\/\",\"logo\":{\"@type\":\"ImageObject\",\"inLanguage\":\"fr-FR\",\"@id\":\"https:\/\/www.actilev.fr\/corporate\/#\/schema\/logo\/image\/\",\"url\":\"https:\/\/www.actilev.fr\/corporate\/wp-content\/uploads\/2025\/07\/logo-1698857763.jpg\",\"contentUrl\":\"https:\/\/www.actilev.fr\/corporate\/wp-content\/uploads\/2025\/07\/logo-1698857763.jpg\",\"width\":419,\"height\":120,\"caption\":\"Actilev Corporate\"},\"image\":{\"@id\":\"https:\/\/www.actilev.fr\/corporate\/#\/schema\/logo\/image\/\"}}]}<\/script>\n<!-- \/ Yoast SEO plugin. -->","yoast_head_json":{"title":"GIE Atlantique - Actilev Corporate","robots":{"index":"index","follow":"follow","max-snippet":"max-snippet:-1","max-image-preview":"max-image-preview:large","max-video-preview":"max-video-preview:-1"},"canonical":"https:\/\/www.actilev.fr\/corporate\/gie-atlantique\/","og_locale":"fr_FR","og_type":"article","og_title":"GIE Atlantique - Actilev Corporate","og_description":"Le GIE Atlantique Le GIE Atlantique (Groupement d\u2019Int\u00e9r\u00eat \u00c9conomique) est une structure collaborative r\u00e9unissant diff\u00e9rentes entreprises qui partagent la conviction que la coop\u00e9ration est un levier de performance durable. Cr\u00e9\u00e9 pour favoriser la mutualisation des moyens et des comp\u00e9tences, le GIE Atlantique permet \u00e0 ses membres de s\u2019unir autour de projets communs et de relever [&hellip;]","og_url":"https:\/\/www.actilev.fr\/corporate\/gie-atlantique\/","og_site_name":"Actilev Corporate","article_modified_time":"2025-09-05T09:33:53+00:00","og_image":[{"width":330,"height":153,"url":"https:\/\/www.actilev.fr\/corporate\/wp-content\/uploads\/2025\/07\/gie-atlantique.png","type":"image\/png"}],"twitter_card":"summary_large_image","twitter_misc":{"Dur\u00e9e de lecture estim\u00e9e":"3 minutes"},"schema":{"@context":"https:\/\/schema.org","@graph":[{"@type":"WebPage","@id":"https:\/\/www.actilev.fr\/corporate\/gie-atlantique\/","url":"https:\/\/www.actilev.fr\/corporate\/gie-atlantique\/","name":"GIE Atlantique - Actilev Corporate","isPartOf":{"@id":"https:\/\/www.actilev.fr\/corporate\/#website"},"primaryImageOfPage":{"@id":"https:\/\/www.actilev.fr\/corporate\/gie-atlantique\/#primaryimage"},"image":{"@id":"https:\/\/www.actilev.fr\/corporate\/gie-atlantique\/#primaryimage"},"thumbnailUrl":"https:\/\/www.actilev.fr\/corporate\/wp-content\/uploads\/2025\/07\/gie-atlantique.png","datePublished":"2025-08-21T09:51:35+00:00","dateModified":"2025-09-05T09:33:53+00:00","breadcrumb":{"@id":"https:\/\/www.actilev.fr\/corporate\/gie-atlantique\/#breadcrumb"},"inLanguage":"fr-FR","potentialAction":[{"@type":"ReadAction","target":["https:\/\/www.actilev.fr\/corporate\/gie-atlantique\/"]}]},{"@type":"ImageObject","inLanguage":"fr-FR","@id":"https:\/\/www.actilev.fr\/corporate\/gie-atlantique\/#primaryimage","url":"","contentUrl":""},{"@type":"BreadcrumbList","@id":"https:\/\/www.actilev.fr\/corporate\/gie-atlantique\/#breadcrumb","itemListElement":[{"@type":"ListItem","position":1,"name":"Accueil","item":"https:\/\/www.actilev.fr\/corporate\/"},{"@type":"ListItem","position":2,"name":"GIE Atlantique"}]},{"@type":"WebSite","@id":"https:\/\/www.actilev.fr\/corporate\/#website","url":"https:\/\/www.actilev.fr\/corporate\/","name":"Actilev Corporate","description":"","publisher":{"@id":"https:\/\/www.actilev.fr\/corporate\/#organization"},"potentialAction":[{"@type":"SearchAction","target":{"@type":"EntryPoint","urlTemplate":"https:\/\/www.actilev.fr\/corporate\/?s={search_term_string}"},"query-input":{"@type":"PropertyValueSpecification","valueRequired":true,"valueName":"search_term_string"}}],"inLanguage":"fr-FR"},{"@type":"Organization","@id":"https:\/\/www.actilev.fr\/corporate\/#organization","name":"Actilev Corporate","url":"https:\/\/www.actilev.fr\/corporate\/","logo":{"@type":"ImageObject","inLanguage":"fr-FR","@id":"https:\/\/www.actilev.fr\/corporate\/#\/schema\/logo\/image\/","url":"https:\/\/www.actilev.fr\/corporate\/wp-content\/uploads\/2025\/07\/logo-1698857763.jpg","contentUrl":"https:\/\/www.actilev.fr\/corporate\/wp-content\/uploads\/2025\/07\/logo-1698857763.jpg","width":419,"height":120,"caption":"Actilev Corporate"},"image":{"@id":"https:\/\/www.actilev.fr\/corporate\/#\/schema\/logo\/image\/"}}]}},"_links":{"self":[{"href":"https:\/\/www.actilev.fr\/corporate\/wp-json\/wp\/v2\/pages\/1715","targetHints":{"allow":["GET"]}}],"collection":[{"href":"https:\/\/www.actilev.fr\/corporate\/wp-json\/wp\/v2\/pages"}],"about":[{"href":"https:\/\/www.actilev.fr\/corporate\/wp-json\/wp\/v2\/types\/page"}],"author":[{"embeddable":true,"href":"https:\/\/www.actilev.fr\/corporate\/wp-json\/wp\/v2\/users\/3"}],"replies":[{"embeddable":true,"href":"https:\/\/www.actilev.fr\/corporate\/wp-json\/wp\/v2\/comments?post=1715"}],"version-history":[{"count":14,"href":"https:\/\/www.actilev.fr\/corporate\/wp-json\/wp\/v2\/pages\/1715\/revisions"}],"predecessor-version":[{"id":1910,"href":"https:\/\/www.actilev.fr\/corporate\/wp-json\/wp\/v2\/pages\/1715\/revisions\/1910"}],"wp:attachment":[{"href":"https:\/\/www.actilev.fr\/corporate\/wp-json\/wp\/v2\/media?parent=1715"}],"curies":[{"name":"wp","href":"https:\/\/api.w.org\/{rel}","templated":true}]}}